{"id":2620,"date":"2022-12-07T16:21:33","date_gmt":"2022-12-07T16:21:33","guid":{"rendered":"https:\/\/bullet24.pro\/?page_id=2620"},"modified":"2022-12-29T15:38:42","modified_gmt":"2022-12-29T15:38:42","slug":"faq","status":"publish","type":"page","link":"https:\/\/bullet24.pro\/de\/faq\/","title":{"rendered":"FAQ"},"content":{"rendered":"[vc_row type=&#8220;full_width_background&#8220; full_screen_row_position=&#8220;middle&#8220; column_margin=&#8220;default&#8220; equal_height=&#8220;yes&#8220; content_placement=&#8220;middle&#8220; column_direction=&#8220;default&#8220; column_direction_tablet=&#8220;default&#8220; column_direction_phone=&#8220;default&#8220; bg_color=&#8220;#ffffff&#8220; scene_position=&#8220;center&#8220; top_padding=&#8220;3%&#8220; bottom_padding=&#8220;6%&#8220; constrain_group_2=&#8220;yes&#8220; constrain_group_4=&#8220;yes&#8220; constrain_group_6=&#8220;yes&#8220; text_color=&#8220;dark&#8220; text_align=&#8220;left&#8220; row_border_radius=&#8220;none&#8220; row_border_radius_applies=&#8220;bg&#8220; zindex=&#8220;10&#8243; overflow=&#8220;visible&#8220; advanced_gradient_angle=&#8220;0&#8243; overlay_strength=&#8220;0.8&#8243; gradient_direction=&#8220;left_to_right&#8220; shape_divider_position=&#8220;bottom&#8220; bg_image_animation=&#8220;none&#8220; parallax_bg=&#8220;true&#8220; parallax_bg_speed=&#8220;fast&#8220; shape_type=&#8220;&#8220; gradient_type=&#8220;default&#8220;][vc_column column_padding=&#8220;no-extra-padding&#8220; column_padding_tablet=&#8220;inherit&#8220; column_padding_phone=&#8220;inherit&#8220; column_padding_position=&#8220;right&#8220; column_element_direction_desktop=&#8220;default&#8220; column_element_spacing=&#8220;default&#8220; desktop_text_alignment=&#8220;left&#8220; tablet_text_alignment=&#8220;default&#8220; phone_text_alignment=&#8220;default&#8220; background_color_opacity=&#8220;1&#8243; background_hover_color_opacity=&#8220;1&#8243; column_backdrop_filter=&#8220;none&#8220; column_shadow=&#8220;none&#8220; column_border_radius=&#8220;none&#8220; column_link_target=&#8220;_self&#8220; column_position=&#8220;default&#8220; advanced_gradient_angle=&#8220;0&#8243; gradient_direction=&#8220;left_to_right&#8220; overlay_strength=&#8220;0.3&#8243; width=&#8220;1\/1&#8243; tablet_width_inherit=&#8220;default&#8220; animation_type=&#8220;default&#8220; bg_image_animation=&#8220;none&#8220; border_type=&#8220;simple&#8220; column_border_width=&#8220;none&#8220; column_border_style=&#8220;solid&#8220; gradient_type=&#8220;default&#8220; column_padding_type=&#8220;default&#8220;][vc_row_inner column_margin=&#8220;default&#8220; column_direction=&#8220;default&#8220; column_direction_tablet=&#8220;default&#8220; column_direction_phone=&#8220;default&#8220; bottom_padding=&#8220;3%&#8220; text_align=&#8220;left&#8220; row_position=&#8220;default&#8220; row_position_tablet=&#8220;inherit&#8220; row_position_phone=&#8220;inherit&#8220; overflow=&#8220;visible&#8220; pointer_events=&#8220;all&#8220;][vc_column_inner column_padding=&#8220;no-extra-padding&#8220; column_padding_tablet=&#8220;inherit&#8220; column_padding_phone=&#8220;inherit&#8220; column_padding_position=&#8220;all&#8220; column_element_direction_desktop=&#8220;default&#8220; column_element_spacing=&#8220;default&#8220; centered_text=&#8220;true&#8220; desktop_text_alignment=&#8220;default&#8220; tablet_text_alignment=&#8220;default&#8220; phone_text_alignment=&#8220;default&#8220; background_color_opacity=&#8220;1&#8243; background_hover_color_opacity=&#8220;1&#8243; column_backdrop_filter=&#8220;none&#8220; column_shadow=&#8220;none&#8220; column_border_radius=&#8220;none&#8220; column_link_target=&#8220;_self&#8220; overflow=&#8220;visible&#8220; advanced_gradient_angle=&#8220;0&#8243; gradient_direction=&#8220;left_to_right&#8220; overlay_strength=&#8220;0.3&#8243; width=&#8220;1\/1&#8243; tablet_width_inherit=&#8220;default&#8220; animation_type=&#8220;default&#8220; bg_image_animation=&#8220;none&#8220; border_type=&#8220;simple&#8220; column_border_width=&#8220;none&#8220; column_border_style=&#8220;solid&#8220; gradient_type=&#8220;default&#8220;][nectar_responsive_text font_size_desktop=&#8220;3vw&#8220; font_size_tablet=&#8220;5vw&#8220; font_size_phone=&#8220;8vw&#8220; font_line_height=&#8220;1.1&#8243;]\n<h3>H\u00e4ufig gestellte Fragen<\/h3>\n[\/nectar_responsive_text][\/vc_column_inner][\/vc_row_inner][toggles style=&#8220;minimal_shadow&#8220; accordion=&#8220;true&#8220; accordion_starting_functionality=&#8220;default&#8220; border_radius=&#8220;20px&#8220;][toggle color=&#8220;Default&#8220; heading_tag=&#8220;h3&#8243; heading_tag_functionality=&#8220;default&#8220; title=&#8220;Worauf beziehen sich die auf der Website angegebenen Preise der Produkte?&#8220;][nectar_responsive_text font_size_min=&#8220;14px&#8220; font_size_max=&#8220;20px&#8220; font_size_desktop=&#8220;1.1vw&#8220; font_line_height=&#8220;1.6&#8243;]Die auf der Website www.bullet24.pro (nachfolgend Bullet24) angezeigten Preise sind in CHF (Schweizer Franken) ausgedr\u00fcckt und enthalten die Mehrwertsteuer, die Versandkosten sind ausgeschlossen und werden zum Zeitpunkt des Kaufs berechnet.[\/nectar_responsive_text][\/toggle][toggle color=&#8220;Default&#8220; heading_tag=&#8220;h3&#8243; heading_tag_functionality=&#8220;default&#8220; title=&#8220;Welche Zahlungssysteme werden akzeptiert?&#8220;][nectar_responsive_text font_size_min=&#8220;14px&#8220; font_size_max=&#8220;20px&#8220; font_size_desktop=&#8220;1.1vw&#8220; font_line_height=&#8220;1.6&#8243;]Unsere Lieferungen erfolgen nur gegen Vorkasse. Sie k\u00f6nnen per Bank\u00fcberweisung, Postfinance, Maestro, Twint, Visa und MasterCard bezahlen.[\/nectar_responsive_text][\/toggle][toggle color=&#8220;Default&#8220; heading_tag=&#8220;h3&#8243; heading_tag_functionality=&#8220;default&#8220; title=&#8220;Entstehen Kosten f\u00fcr die Stornierung der Bestellung?&#8220;][vc_column_text]Im Falle der Stornierung einer mit Kreditkarte bezahlten Bestellung werden die Kreditkarten-Transaktionskosten in H\u00f6he von 3 % des Betrags von der R\u00fcckerstattung abgezogen.[\/vc_column_text][\/toggle][toggle color=&#8220;Default&#8220; heading_tag=&#8220;h3&#8243; heading_tag_functionality=&#8220;default&#8220; title=&#8220;Kann ich eine individuelle Bestellung aufgeben?&#8220;][nectar_responsive_text font_size_min=&#8220;14px&#8220; font_size_max=&#8220;20px&#8220; font_size_desktop=&#8220;1.1vw&#8220; font_line_height=&#8220;1.6&#8243;]Ja, Sie k\u00f6nnen eine individuelle Bestellung f\u00fcr Waren erstellen, die nicht auf Lager sind. Eine Anzahlung von 50% des Warenpreises ist bei der Best\u00e4tigung erforderlich. R\u00dcCKGABEN SPEZIFISCH BESTELLTER WAREN WERDEN NICHT ANGENOMMEN (ausgenommen Waren mit Problemen, die von der Herstellergarantie abgedeckt sind) Die Lieferzeit f\u00fcr diese Bestellungen wird dem Kunden nach Kontaktaufnahme mit dem Hersteller mitgeteilt. Bullet24 kann unter keinen Umst\u00e4nden f\u00fcr andere als die angegebenen Lieferzeiten verantwortlich gemacht werden, da diese ausschlie\u00dflich vom Hersteller abh\u00e4ngen.[\/nectar_responsive_text][\/toggle][toggle color=&#8220;Default&#8220; heading_tag=&#8220;h3&#8243; heading_tag_functionality=&#8220;default&#8220; title=&#8220;Wie hoch sind die Kosten f\u00fcr Kurierdienste und Versand?&#8220;][nectar_responsive_text font_size_min=&#8220;14px&#8220; font_size_max=&#8220;20px&#8220; font_size_desktop=&#8220;1.1vw&#8220; font_line_height=&#8220;1.6&#8243;]Wir arbeiten mit der Schweizerischen Post zusammen und berechnen eine einmalige Geb\u00fchr von CHF 16.00 f\u00fcr Pakete bis 2 kg und f\u00fcr alle Destinationen innerhalb der Schweiz. F\u00fcr Pakete, die mehr wiegen, gelten die Tarife der Schweizerischen Post. F\u00fcr Sendungen ins Ausland gelten die Tarife der Schweizerischen Post. Der Kunde hat die M\u00f6glichkeit, andere Kurierdienste (UPS, Fedex, DHL) in Anspruch zu nehmen, die Organisation der Abholung des Pakets und deren Kosten gehen zu seinen Lasten.[\/nectar_responsive_text][\/toggle][toggle color=&#8220;Default&#8220; heading_tag=&#8220;h3&#8243; heading_tag_functionality=&#8220;default&#8220; title=&#8220;Ist es m\u00f6glich, bereits abgeschickte Bestellungen zu erg\u00e4nzen?&#8220;][nectar_responsive_text font_size_min=&#8220;14px&#8220; font_size_max=&#8220;20px&#8220; font_size_desktop=&#8220;1.1vw&#8220; font_line_height=&#8220;1.6&#8243;]Die Pakete werden vorbereitet und am n\u00e4chsten Werktag nach Zahlungseingang versandt. Erg\u00e4nzungen sind nur bei rechtzeitiger Mitteilung m\u00f6glich und das Paket wird am n\u00e4chsten Werktag nach Zahlungseingang der Erg\u00e4nzung versendet.[\/nectar_responsive_text][\/toggle][toggle color=&#8220;Default&#8220; heading_tag=&#8220;h3&#8243; heading_tag_functionality=&#8220;default&#8220; title=&#8220;Ich habe meine Bestellung abgeschickt, aber noch keine Best\u00e4tigungs-E-Mail erhalten&#8220;][nectar_responsive_text font_size_min=&#8220;14px&#8220; font_size_max=&#8220;20px&#8220; font_size_desktop=&#8220;1.1vw&#8220; font_line_height=&#8220;1.6&#8243;]Die Best\u00e4tigungs-E-Mails werden am n\u00e4chsten Werktag nach Eingang der Bestellung versandt.[\/nectar_responsive_text][\/toggle][toggle color=&#8220;Default&#8220; heading_tag=&#8220;h3&#8243; heading_tag_functionality=&#8220;default&#8220; title=&#8220;Muss ich f\u00fcr Nachbestellungen zus\u00e4tzliche Frachtkosten zahlen?&#8220;][nectar_responsive_text font_size_min=&#8220;14px&#8220; font_size_max=&#8220;20px&#8220; font_size_desktop=&#8220;1.1vw&#8220; font_line_height=&#8220;1.6&#8243;]Nein, wir \u00fcbernehmen die Versandkosten in die Schweiz f\u00fcr r\u00fcckst\u00e4ndige Ware.[\/nectar_responsive_text][\/toggle][toggle color=&#8220;Default&#8220; heading_tag=&#8220;h3&#8243; heading_tag_functionality=&#8220;default&#8220; title=&#8220;Wie lange ist die Lieferzeit?&#8220;][nectar_responsive_text font_size_min=&#8220;14px&#8220; font_size_max=&#8220;20px&#8220; font_size_desktop=&#8220;1.1vw&#8220; font_line_height=&#8220;1.6&#8243;]Die Lieferzeit der Schweizerischen Post f\u00fcr Pakete betr\u00e4gt ca. 3 Arbeitstage, Montag bis Freitag. Bullet24 kann unter keinen Umst\u00e4nden f\u00fcr andere als die angegebenen Lieferzeiten verantwortlich gemacht werden, da diese ausschlie\u00dflich von der Schweizerischen Post abh\u00e4ngen.[\/nectar_responsive_text][\/toggle][toggle color=&#8220;Default&#8220; heading_tag=&#8220;h3&#8243; heading_tag_functionality=&#8220;default&#8220; title=&#8220;Ist meine Bestellung versichert?&#8220;][nectar_responsive_text font_size_min=&#8220;14px&#8220; font_size_max=&#8220;20px&#8220; font_size_desktop=&#8220;1.1vw&#8220; font_line_height=&#8220;1.6&#8243;]Ja. Alle Sendungen sind bei der Schweizerischen Post bis zu einem H\u00f6chstbetrag von CHF 1&#8217;500.00 versichert. Es ist m\u00f6glich, h\u00f6here Betr\u00e4ge zu versichern, wobei der Zuschlag dem Kunden in Rechnung gestellt wird.[\/nectar_responsive_text][\/toggle][toggle color=&#8220;Default&#8220; heading_tag=&#8220;h3&#8243; heading_tag_functionality=&#8220;default&#8220; title=&#8220;Ist es m\u00f6glich, eine Bestellung an eine andere Adresse zu schicken?&#8220;][nectar_responsive_text font_size_min=&#8220;14px&#8220; font_size_max=&#8220;20px&#8220; font_size_desktop=&#8220;1.1vw&#8220; font_line_height=&#8220;1.6&#8243;]Es ist m\u00f6glich, eine Bestellung an eine andere Adresse in der Schweiz als die auf der Rechnung angegebene zu senden, wenn dies in dem entsprechenden Bereich ausdr\u00fccklich angegeben wird.[\/nectar_responsive_text][\/toggle][toggle color=&#8220;Default&#8220; heading_tag=&#8220;h3&#8243; heading_tag_functionality=&#8220;default&#8220; title=&#8220;Wie erhalte ich die Kaufrechnung?&#8220;][nectar_responsive_text font_size_min=&#8220;14px&#8220; font_size_max=&#8220;20px&#8220; font_size_desktop=&#8220;1.1vw&#8220; font_line_height=&#8220;1.6&#8243;]Die Rechnung f\u00fcr Ihren Einkauf wird erst nach Ihrer Zahlung per E-Mail an die in Ihrem Konto angegebene E-Mail-Adresse gesendet.[\/nectar_responsive_text][\/toggle][toggle color=&#8220;Default&#8220; heading_tag=&#8220;h3&#8243; heading_tag_functionality=&#8220;default&#8220; title=&#8220;Ist es m\u00f6glich, ein bestelltes Produkt zur\u00fcckzugeben?&#8220;][nectar_responsive_text font_size_min=&#8220;14px&#8220; font_size_max=&#8220;20px&#8220; font_size_desktop=&#8220;1.1vw&#8220; font_line_height=&#8220;1.6&#8243;]Ja, Sie haben 5 Werktage ab unserem Versanddatum Zeit, ein Produkt zur\u00fcckzusenden (das Datum auf dem Postbeleg ist entscheidend).<br \/>\nUm f\u00fcr eine R\u00fccksendung in Frage zu kommen, m\u00fcssen die Waren in ihrer unge\u00f6ffneten Originalverpackung sein, ohne Schrift oder Zeichnungen und ohne Kratzer oder Dellen.<br \/>\nSie m\u00fcssen auch eine Kopie der Ihnen zugesandten Rechnung beif\u00fcgen.<br \/>\nR\u00dcCKSENDUNGEN VON SPEZIELL BESTELLTEN WAREN WERDEN NICHT ANGENOMMEN.<br \/>\n<span style=\"font-weight: 400;\">Weitere Informationen finden Sie unter diesem <\/span><a href=\"https:\/\/bullet24.pro\/de\/rueckgabepolitik\/\">LINK<\/a><br \/>\n<span style=\"font-weight: 400;\">Andere R\u00fcckgabemethoden sind ausgeschlossen.<\/span>[\/nectar_responsive_text][\/toggle][toggle color=&#8220;Default&#8220; heading_tag=&#8220;h3&#8243; heading_tag_functionality=&#8220;default&#8220; title=&#8220;Kann ich ein bestelltes Produkt, das ge\u00f6ffnet wurde, zur\u00fcckgeben?&#8220;][nectar_responsive_text font_size_min=&#8220;14px&#8220; font_size_max=&#8220;20px&#8220; font_size_desktop=&#8220;1.1vw&#8220; font_line_height=&#8220;1.6&#8243;]Bei der R\u00fccksendung eines Produkts, dessen Verpackung ge\u00f6ffnet wurde, ist die unmissverst\u00e4ndliche und unabdingbare Voraussetzung, dass das Produkt in einwandfreiem Zustand ist und keine Gebrauchsspuren aufweist. Au\u00dferdem m\u00fcssen alle Zubeh\u00f6rteile und Standardausstattungen in der jeweiligen Verpackung vorhanden sein und die Verpackung selbst muss in einwandfreiem Zustand sein, ohne Beschriftung oder Zeichnungen und ohne Kratzer oder Beulen, und muss mit der gebotenen Sorgfalt ge\u00f6ffnet worden sein.<br \/>\nSie m\u00fcssen auch eine Kopie der Ihnen zugesandten Rechnung beif\u00fcgen.<br \/>\nWeitere Informationen finden Sie unter diesem <a href=\"https:\/\/bullet24.pro\/de\/rueckgabepolitik\/\">LINK<\/a><br \/>\nAndere R\u00fcckgabemethoden sind ausgeschlossen.[\/nectar_responsive_text][\/toggle][toggle color=&#8220;Default&#8220; heading_tag=&#8220;h3&#8243; heading_tag_functionality=&#8220;default&#8220; title=&#8220;Wie kann ich ein Produkt im Rahmen der Garantie zur\u00fcckgeben?&#8220;][nectar_responsive_text font_size_min=&#8220;14px&#8220; font_size_max=&#8220;20px&#8220; font_size_desktop=&#8220;1.1vw&#8220; font_line_height=&#8220;1.6&#8243;]F\u00fcr alle auf der Website Bullet24.pro (nachfolgend Bullet24) angebotenen Produkte gilt die Gew\u00e4hrleistung der jeweiligen Hersteller.<br \/>\nIm Falle einer R\u00fccksendung zur Reparatur oder zum Austausch im Rahmen der Garantie gelten nur deren Bedingungen.<br \/>\nF\u00fcr weitere Informationen lesen Sie bitte die Garantiebedingungen direkt auf den Websites der Hersteller.<br \/>\nBei der Versendung von Produkten, die m\u00f6glicherweise unter die Garantie fallen, ist wie folgt zu verfahren:<br \/>\n&#8211; benachrichtigen Sie uns unverz\u00fcglich per E-Mail unter <a href=\"mailto:info@bullet24.pro\">info@bullet24.pro<\/a><br \/>\n&#8211; Bullet24 wird sich mit dem Hersteller in Verbindung setzen, um eine RMA-Nummer (Return Merchandise Authorization) zu erhalten. Sobald Sie diese Nummer erhalten haben, werden Sie sofort benachrichtigt, und erst dann k\u00f6nnen Sie uns das Produkt, ordnungsgem\u00e4\u00df verpackt und m\u00f6glichst in der Originalverpackung, mit einer detaillierten Beschreibung des Mangels und einer Kopie der Kaufrechnung zusenden.<br \/>\n&#8211; Bullet24 wird dann in Ihrem Namen den Versand an den Hersteller vornehmen.<br \/>\nR\u00dcCKSENDUNGEN VON SPEZIELL BESTELLTEN WAREN WERDEN NICHT ANGENOMMEN.<br \/>\nDie Kosten f\u00fcr den Versand an den Hersteller sind in vollem Umfang vom Kunden zu tragen. F\u00fcr die R\u00fccksendung der Waren ist der Hersteller verantwortlich.<br \/>\nWeitere Informationen finden Sie unter diesem <a href=\"https:\/\/bullet24.pro\/de\/rueckgabepolitik\/\">LINK<\/a><br \/>\nAndere R\u00fcckgabemethoden sind ausgeschlossen.[\/nectar_responsive_text][\/toggle][toggle color=&#8220;Default&#8220; heading_tag=&#8220;h3&#8243; heading_tag_functionality=&#8220;default&#8220; title=&#8220;Entstehen Kosten f\u00fcr die R\u00fccksendung von Waren im Rahmen der Garantie?&#8220;][nectar_responsive_text font_size_min=&#8220;14px&#8220; font_size_max=&#8220;20px&#8220; font_size_desktop=&#8220;1.1vw&#8220; font_line_height=&#8220;1.6&#8243;]Die Kosten f\u00fcr den Versand an den Hersteller werden in vollem Umfang vom Kunden getragen.<br \/>\nDie R\u00fccksendung der Ware erfolgt auf Kosten des Herstellers.<br \/>\nWeitere Informationen finden Sie unter diesem <a href=\"https:\/\/bullet24.pro\/de\/rueckgabepolitik\/\">LINK<\/a>[\/nectar_responsive_text][\/toggle][toggle color=&#8220;Default&#8220; heading_tag=&#8220;h3&#8243; heading_tag_functionality=&#8220;default&#8220; title=&#8220;Ben\u00f6tige ich f\u00fcr die R\u00fcckgabe eines Produkts eine Genehmigungsnummer?&#8220;][nectar_responsive_text font_size_min=&#8220;14px&#8220; font_size_max=&#8220;20px&#8220; font_size_desktop=&#8220;1.1vw&#8220; font_line_height=&#8220;1.6&#8243;]Ja, die Hersteller verlangen in der Regel eine RMA-Nummer (Return Merchandise Authorization) f\u00fcr den Versand von Produkten, die unter die Garantie fallen.<br \/>\nBullet24 wird sich um die Beantragung dieser Nummer in Ihrem Namen k\u00fcmmern.<\/p>\n<p>Weitere Informationen finden Sie unter diesem <a href=\"https:\/\/bullet24.pro\/de\/rueckgabepolitik\/\">LINK<\/a>[\/nectar_responsive_text][\/toggle][toggle color=&#8220;Default&#8220; heading_tag=&#8220;h3&#8243; heading_tag_functionality=&#8220;default&#8220; title=&#8220;Ich habe einen falschen Artikel in meiner Bestellung erhalten. Muss ich f\u00fcr die R\u00fccksendung Versandkosten bezahlen?&#8220;][nectar_responsive_text font_size_min=&#8220;14px&#8220; font_size_max=&#8220;20px&#8220; font_size_desktop=&#8220;1.1vw&#8220; font_line_height=&#8220;1.6&#8243;]Nein, wenn der Artikel aufgrund eines Fehlers unsererseits an Sie geschickt wurde, m\u00fcssen Sie uns benachrichtigen, uns per E-Mail einen Scan des Versandbelegs schicken und nach Erhalt des Pakets erstatten wir die Versandkosten innerhalb von 5 Werktagen. Das Produkt muss sich in dem unter Punkt 13 beschriebenen Zustand befinden.<br \/>\nIst der Artikel hingegen in Ihrer Bestellung enthalten und Sie m\u00f6chten ihn zur\u00fcckgeben, gelten die unter Punkt 13 aufgef\u00fchrten Bedingungen.[\/nectar_responsive_text][\/toggle][toggle color=&#8220;Default&#8220; heading_tag=&#8220;h3&#8243; heading_tag_functionality=&#8220;default&#8220; title=&#8220;Wie erstatten Sie das zur\u00fcckgegebene Produkt?&#8220;][nectar_responsive_text font_size_min=&#8220;14px&#8220; font_size_max=&#8220;20px&#8220; font_size_desktop=&#8220;1.1vw&#8220; font_line_height=&#8220;1.6&#8243;]\u25cf <strong><em>Kreditkarte<\/em><\/strong>: Der Betrag wird innerhalb von 5 Werktagen ausschlie\u00dflich auf die f\u00fcr die Bestellung verwendete Kreditkarte zur\u00fcckerstattet. Die Bearbeitungsgeb\u00fchr f\u00fcr Kreditkartentransaktionen in H\u00f6he von 3 % des Betrages wird von der Erstattung abgezogen.<br \/>\n\u25cf <strong><em>Bank\u00fcberweisung<\/em><\/strong>: Der Betrag wird innerhalb von 5 Arbeitstagen ausschlie\u00dflich auf die f\u00fcr die Bestellung verwendete IBAN zur\u00fcckerstattet.<br \/>\n\u25cf <strong><em>Twint<\/em><\/strong>: Der Betrag wird innerhalb von 5 Werktagen ausschlie\u00dflich an die f\u00fcr die Bestellung verwendete Mobiltelefonnummer zur\u00fcckerstattet.<\/p>\n<p><span style=\"font-weight: 400;\">Ein Ausgleich mit anderen K\u00e4ufen ist nicht m\u00f6glich.<\/span>[\/nectar_responsive_text][\/toggle][toggle color=&#8220;Default&#8220; heading_tag=&#8220;h3&#8243; heading_tag_functionality=&#8220;default&#8220; title=&#8220;Besteht f\u00fcr defekte Waren eine Garantie?&#8220;][nectar_responsive_text font_size_min=&#8220;14px&#8220; font_size_max=&#8220;20px&#8220; font_size_desktop=&#8220;1.1vw&#8220; font_line_height=&#8220;1.6&#8243;]Alle Produkte, die auf der Bullet24-Website angeboten werden, unterliegen der Garantie des jeweiligen Herstellers.<br \/>\nIm Falle einer R\u00fccksendung zur Reparatur oder zum Austausch im Rahmen der Garantie gelten nur deren Bedingungen.<br \/>\nF\u00fcr weitere Informationen lesen Sie bitte die Garantiebedingungen direkt auf den Websites der Hersteller selbst.<br \/>\nBullet24 kann in keinem Fall f\u00fcr eine Auswahl der Hersteller, die nicht in die vom Kunden gew\u00fcnschte Richtung geht, sowie f\u00fcr deren Timing verantwortlich gemacht werden.<br \/>\n[\/nectar_responsive_text][\/toggle][toggle color=&#8220;Default&#8220; heading_tag=&#8220;h3&#8243; heading_tag_functionality=&#8220;default&#8220; title=&#8220;Muss ich mich registrieren, um ein Produkt bestellen zu k\u00f6nnen?&#8220;][nectar_responsive_text font_size_min=&#8220;14px&#8220; font_size_max=&#8220;20px&#8220; font_size_desktop=&#8220;1.1vw&#8220; font_line_height=&#8220;1.6&#8243;]Ja, um eine Bestellung auf unserer Website www.bullet24.pro aufgeben zu k\u00f6nnen, m\u00fcssen Sie sich registrieren und ein kostenloses Konto einrichten, in dem Sie alle Ihre pers\u00f6nlichen Daten in den entsprechenden Bereichen angeben, die dann in unserer Datenbank gem\u00e4\u00df unserer Datenschutzrichtlinie und Datenverarbeitung gespeichert werden. Um sich sp\u00e4ter anzumelden, geben Sie einfach Ihren Benutzernamen und Ihr Passwort ein.[\/nectar_responsive_text][\/toggle][toggle color=&#8220;Default&#8220; heading_tag=&#8220;h3&#8243; heading_tag_functionality=&#8220;default&#8220; title=&#8220;Kann ich meine Kontoinformationen \u00e4ndern?&#8220;][nectar_responsive_text font_size_min=&#8220;14px&#8220; font_size_max=&#8220;20px&#8220; font_size_desktop=&#8220;1.1vw&#8220; font_line_height=&#8220;1.6&#8243;]Ja, Sie k\u00f6nnen Ihre pers\u00f6nlichen Daten aktualisieren oder \u00e4ndern, nachdem Sie sich angemeldet haben.[\/nectar_responsive_text][\/toggle][toggle color=&#8220;Default&#8220; heading_tag=&#8220;h3&#8243; heading_tag_functionality=&#8220;default&#8220; title=&#8220;Sind meine pers\u00f6nlichen Daten sicher?&#8220;][nectar_responsive_text font_size_min=&#8220;14px&#8220; font_size_max=&#8220;20px&#8220; font_size_desktop=&#8220;1.1vw&#8220; font_line_height=&#8220;1.6&#8243;]Die pers\u00f6nlichen Daten eines jeden Kunden werden sicher und sorgf\u00e4ltig auf unseren Systemen und gem\u00e4\u00df unserer Datenschutzpolitik gespeichert. Wir verwenden die beste verf\u00fcgbare Technologie f\u00fcr die Sicherheit im Zusammenhang mit der Verarbeitung und Speicherung von personenbezogenen Daten und Zahlungsmitteln. Sie k\u00f6nnen jederzeit die L\u00f6schung aller Nutzerdaten beantragen, indem Sie das Kontaktformular auf der Kontaktseite ausf\u00fcllen. Im Falle der L\u00f6schung aller Nutzerdaten muss sich der Kunde mit allen Daten neu registrieren, wenn er weitere Produkte erwerben m\u00f6chte.[\/nectar_responsive_text][\/toggle][toggle color=&#8220;Default&#8220; heading_tag=&#8220;h3&#8243; heading_tag_functionality=&#8220;default&#8220; title=&#8220;\u00c4nderungsantr\u00e4ge.&#8220;][nectar_responsive_text font_size_min=&#8220;14px&#8220; font_size_max=&#8220;20px&#8220; font_size_desktop=&#8220;1.1vw&#8220; font_line_height=&#8220;1.6&#8243;]Wir k\u00f6nnen diese FAQ von Zeit zu Zeit \u00e4ndern.<br \/>\nIm Falle wesentlicher \u00c4nderungen werden wir Sie durch Ver\u00f6ffentlichung einer \u00fcberarbeiteten Version auf der\/den Website(s) informieren.<br \/>\nIhre fortgesetzte Nutzung der Websites nach der Benachrichtigung \u00fcber eine \u00c4nderung bedeutet, dass Sie die \u00fcberarbeiteten Bedingungen akzeptieren.<br \/>\n[\/nectar_responsive_text][\/toggle][\/toggles][\/vc_column][\/vc_row]\n","protected":false},"excerpt":{"rendered":"<p>[vc_row type=&#8220;full_width_background&#8220; full_screen_row_position=&#8220;middle&#8220; column_margin=&#8220;default&#8220; equal_height=&#8220;yes&#8220; content_placement=&#8220;middle&#8220; column_direction=&#8220;default&#8220; column_direction_tablet=&#8220;default&#8220; column_direction_phone=&#8220;default&#8220; bg_color=&#8220;#ffffff&#8220; scene_position=&#8220;center&#8220; top_padding=&#8220;3%&#8220; bottom_padding=&#8220;6%&#8220; constrain_group_2=&#8220;yes&#8220; constrain_group_4=&#8220;yes&#8220; constrain_group_6=&#8220;yes&#8220; text_color=&#8220;dark&#8220; text_align=&#8220;left&#8220; row_border_radius=&#8220;none&#8220; row_border_radius_applies=&#8220;bg&#8220; zindex=&#8220;10&#8243; overflow=&#8220;visible&#8220; advanced_gradient_angle=&#8220;0&#8243; overlay_strength=&#8220;0.8&#8243; gradient_direction=&#8220;left_to_right&#8220; shape_divider_position=&#8220;bottom&#8220; bg_image_animation=&#8220;none&#8220; parallax_bg=&#8220;true&#8220; parallax_bg_speed=&#8220;fast&#8220; shape_type=&#8220;&#8220;&#8230;<\/p>\n","protected":false},"author":2,"featured_media":0,"parent":0,"menu_order":0,"comment_status":"closed","ping_status":"closed","template":"","meta":{"footnotes":""},"class_list":["post-2620","page","type-page","status-publish"],"_links":{"self":[{"href":"https:\/\/bullet24.pro\/de\/wp-json\/wp\/v2\/pages\/2620","targetHints":{"allow":["GET"]}}],"collection":[{"href":"https:\/\/bullet24.pro\/de\/wp-json\/wp\/v2\/pages"}],"about":[{"href":"https:\/\/bullet24.pro\/de\/wp-json\/wp\/v2\/types\/page"}],"author":[{"embeddable":true,"href":"https:\/\/bullet24.pro\/de\/wp-json\/wp\/v2\/users\/2"}],"replies":[{"embeddable":true,"href":"https:\/\/bullet24.pro\/de\/wp-json\/wp\/v2\/comments?post=2620"}],"version-history":[{"count":1,"href":"https:\/\/bullet24.pro\/de\/wp-json\/wp\/v2\/pages\/2620\/revisions"}],"predecessor-version":[{"id":2621,"href":"https:\/\/bullet24.pro\/de\/wp-json\/wp\/v2\/pages\/2620\/revisions\/2621"}],"wp:attachment":[{"href":"https:\/\/bullet24.pro\/de\/wp-json\/wp\/v2\/media?parent=2620"}],"curies":[{"name":"wp","href":"https:\/\/api.w.org\/{rel}","templated":true}]}}