{"id":2629,"date":"2022-12-07T15:49:29","date_gmt":"2022-12-07T15:49:29","guid":{"rendered":"https:\/\/bullet24.pro\/?page_id=2629"},"modified":"2023-01-09T11:24:28","modified_gmt":"2023-01-09T11:24:28","slug":"rueckgabepolitik","status":"publish","type":"page","link":"https:\/\/bullet24.pro\/de\/rueckgabepolitik\/","title":{"rendered":"R\u00fcckgabepolitik"},"content":{"rendered":"<h1><b>R\u00fcckgabepolitik<\/b><\/h1>\n<p>&nbsp;<\/p>\n<p><span style=\"font-weight: 400;\">Wir von Bullet24 by M. Grassi (nachfolgend Bullet24) m\u00f6chten, dass Ihre Erfahrungen mit uns so positiv und einfach wie m\u00f6glich sind. Sollten Sie mit Ihrem Kauf nicht zufrieden sein, sind wir f\u00fcr Sie da.<br \/>\n<\/span><span style=\"font-weight: 400;\">Bitte lesen Sie die folgenden R\u00fcckgabebedingungen sorgf\u00e4ltig durch.<br \/>\n<\/span><span style=\"font-weight: 400;\">F\u00fcr die R\u00fccksendung eines Produkts haben Sie 5 Arbeitstage ab dem Versanddatum Zeit (es gilt das Datum auf dem Postbeleg).<br \/>\n<\/span><span style=\"font-weight: 400;\">Um f\u00fcr eine R\u00fcckgabe in Frage zu kommen, muss die Ware in ihrer unge\u00f6ffneten Originalverpackung sein, ohne Schrift oder Zeichnungen und ohne Kratzer oder Dellen.<br \/>\n<\/span><span style=\"font-weight: 400;\">Sie m\u00fcssen auch eine Kopie der Rechnung beif\u00fcgen, die Ihnen zugesandt wurde.<br \/>\n<\/span><span style=\"font-weight: 400;\">Die zur\u00fcckgesandten Produkte m\u00fcssen ordnungsgem\u00e4\u00df verpackt an die Adresse geschickt werden, die Sie auf unserer Kontaktseite finden. <\/span><b><a href=\"http:\/\/de\/kontakt\/\">KONTAKT<\/a><br \/>\n<\/b><span style=\"font-weight: 400;\">Sie sind f\u00fcr die Versandkosten des Produkts verantwortlich.<br \/>\n<\/span><span style=\"font-weight: 400;\">Sobald wir Ihre Sendung erhalten haben, werden wir Sie per E-Mail \u00fcber den Erhalt informieren.<br \/>\n<\/span><span style=\"font-weight: 400;\">Wenn Ihre R\u00fccksendung die oben genannten Bedingungen erf\u00fcllt und genehmigt wird, veranlassen wir innerhalb von 5 Arbeitstagen eine R\u00fcckerstattung auf Ihre Kreditkarte (oder eine andere urspr\u00fcngliche Zahlungsmethode).\u00a0<\/span><\/p>\n<p><span style=\"font-weight: 400;\">R\u00dcCKSENDUNGEN VON SPEZIELL BESTELLTEN WAREN WERDEN NICHT ANGENOMMEN.<\/span><\/p>\n<p>&nbsp;<\/p>\n<p><span style=\"font-weight: 400;\">Im Falle der R\u00fcckgabe eines Produkts, dessen Verpackung ge\u00f6ffnet wurde, ist die unmissverst\u00e4ndliche und unabdingbare Voraussetzung, dass das Produkt in einwandfreiem Zustand ist und keine Gebrauchsspuren aufweist, au\u00dferdem m\u00fcssen alle Zubeh\u00f6rteile und Standardausstattungen in ihrer jeweiligen Verpackung vorhanden sein und die Verpackung selbst muss in einwandfreiem Zustand sein, ohne Schrift oder Zeichnungen und ohne Kratzer oder Beulen und muss mit der gebotenen Sorgfalt ge\u00f6ffnet worden sein.<br \/>\n<\/span><span style=\"font-weight: 400;\">Sie m\u00fcssen auch eine Kopie der Ihnen zugesandten Rechnung beif\u00fcgen.<br \/>\n<\/span><span style=\"font-weight: 400;\">Sie haben 5 Arbeitstage ab unserem Versanddatum Zeit, um ein Produkt zur\u00fcckzusenden (das Datum auf dem Postbeleg ist entscheidend).<br \/>\n<\/span><span style=\"font-weight: 400;\">Die zur\u00fcckgesandten Produkte m\u00fcssen ordnungsgem\u00e4\u00df verpackt an die Adresse geschickt werden, die Sie auf unserer Kontaktseite finden. <\/span><b><a href=\"http:\/\/de\/kontakt\/\">KONTAKT<\/a><br \/>\n<\/b><span style=\"font-weight: 400;\">Sie sind f\u00fcr die Versandkosten der Ware verantwortlich.<br \/>\n<\/span><span style=\"font-weight: 400;\">Sobald wir Ihre Sendung erhalten haben, werden wir Sie per E-Mail \u00fcber den Erhalt informieren.<br \/>\n<\/span><span style=\"font-weight: 400;\">Nach eingehender Pr\u00fcfung des Produkts liegt es in unserer unanfechtbaren Entscheidung, die Kosten f\u00fcr das Produkt zu erstatten oder die R\u00fccksendung abzulehnen und es an Sie zur\u00fcckzusenden.<br \/>\n<\/span><span style=\"font-weight: 400;\">Wenn Ihre R\u00fccksendung den oben genannten Bedingungen entspricht und genehmigt wird, veranlassen wir innerhalb von 5 Arbeitstagen eine R\u00fcckerstattung auf Ihre Kreditkarte (oder eine andere urspr\u00fcngliche Zahlungsmethode).<\/span><\/p>\n<p><span style=\"font-weight: 400;\">R\u00dcCKSENDUNGEN VON SPEZIELL BESTELLTEN WAREN WERDEN NICHT ANGENOMMEN.<\/span><\/p>\n<p>&nbsp;<\/p>\n<p><b>Andere R\u00fcckgabemethoden sind ausgeschlossen.<\/b><\/p>\n<p>&nbsp;<\/p>\n<p><b>Aktualisierungen unserer R\u00fcckgabepolitik<\/b><\/p>\n<p><span style=\"font-weight: 400;\">Wir k\u00f6nnen unsere R\u00fcckgaberichtlinien in regelm\u00e4\u00dfigen Abst\u00e4nden aktualisieren und werden Sie \u00fcber alle wesentlichen \u00c4nderungen informieren, indem wir die aktualisierten Richtlinien auf unserer Website ver\u00f6ffentlichen.<\/span><\/p>\n<p>&nbsp;<\/p>\n<p><b>\u00c4nderungsantr\u00e4ge<\/b><span style=\"font-weight: 400;\">.\u00a0<\/span><\/p>\n<p><span style=\"font-weight: 400;\">Wir k\u00f6nnen diese R\u00fcckgabebedingungen von Zeit zu Zeit \u00e4ndern.<br \/>\n<\/span><span style=\"font-weight: 400;\">Wenn wir wesentliche \u00c4nderungen an diesen Bedingungen vornehmen, werden wir Sie durch Ver\u00f6ffentlichung einer \u00fcberarbeiteten Version dieser Bedingungen auf der\/den Website(s) informieren.<br \/>\n<\/span><span style=\"font-weight: 400;\">Durch die fortgesetzte Nutzung der Websites nach der Benachrichtigung \u00fcber eine \u00c4nderung erkl\u00e4ren Sie sich mit den \u00fcberarbeiteten Bedingungen einverstanden.<\/span><\/p>\n<p><span style=\"font-weight: 400;\"><br \/>\nDatum des Inkrafttretens: 15. Dezember 2022<\/span><\/p>\n<p>&nbsp;<\/p>\n<p><b>GARANTIE<\/b><\/p>\n<p><span style=\"font-weight: 400;\">F\u00fcr alle auf der Website Bullet24.pro (nachfolgend Bullet24) angebotenen Produkte gilt die Gew\u00e4hrleistung der jeweiligen Hersteller.<br \/>\n<\/span><span style=\"font-weight: 400;\">Im Falle einer R\u00fccksendung zur Reparatur oder zum Austausch im Rahmen der Garantie gelten nur deren Bedingungen.<br \/>\n<\/span><span style=\"font-weight: 400;\">F\u00fcr weitere Informationen lesen Sie bitte die Garantiebedingungen direkt auf den Websites der Hersteller.<\/span><\/p>\n<p><span style=\"font-weight: 400;\"><br \/>\nBei der Versendung von Produkten, die m\u00f6glicherweise unter die Garantie fallen, ist wie folgt zu verfahren:<\/span><\/p>\n<ol>\n<li style=\"font-weight: 400;\" aria-level=\"1\"><span style=\"font-weight: 400;\">benachrichtigen Sie uns unverz\u00fcglich per E-Mail unter <a href=\"mailto:info@bullet24.pro\">info@bullet24.pro<\/a><\/span><\/li>\n<li style=\"font-weight: 400;\" aria-level=\"1\"><span style=\"font-weight: 400;\">Bullet24 wird sich mit dem Hersteller in Verbindung setzen, um eine RMA-Nummer (Return Merchandise Authorization) zu erhalten. Nach Erhalt dieser Nummer werden Sie sofort benachrichtigt und k\u00f6nnen uns erst dann das Produkt, ordnungsgem\u00e4\u00df verpackt und m\u00f6glichst in der Originalverpackung, mit einer detaillierten Beschreibung des Defekts und einer Kopie der Kaufrechnung zusenden.<\/span><\/li>\n<li style=\"font-weight: 400;\" aria-level=\"1\"><span style=\"font-weight: 400;\">Bullet24 wird dann in Ihrem Namen das Produkt an den Hersteller zur\u00fccksenden.<\/span><\/li>\n<li style=\"font-weight: 400;\" aria-level=\"1\"><span style=\"font-weight: 400;\">Die Kosten f\u00fcr den Versand an den Hersteller gehen vollst\u00e4ndig zu Lasten des Kunden.<\/span><\/li>\n<li style=\"font-weight: 400;\" aria-level=\"1\"><span style=\"font-weight: 400;\">Die R\u00fccksendung der Waren geht zu Lasten des Herstellers.<\/span><\/li>\n<\/ol>\n<p>&nbsp;<\/p>\n<p><span style=\"font-weight: 400;\">Achtung<\/span><span style=\"font-weight: 400;\">: Einige Hersteller erwarten aufgrund ihrer internen Richtlinien, dass der Endkunde das fehlerhafte Produkt direkt einschickt, und werden sich dann direkt mit Ihnen in Verbindung setzen.<br \/>\n<\/span><span style=\"font-weight: 400;\">In diesem Fall beraten wir Sie \u00fcber das richtige Verfahren und begleiten Sie bei der Durchf\u00fchrung, wenn Sie dies f\u00fcr notwendig erachten.<\/span><\/p>\n<p><span style=\"font-weight: 400;\">Im Falle eines Material- oder Verarbeitungsfehlers, der unter die Garantie f\u00e4llt, <\/span><span style=\"font-weight: 400;\">wird das Produkt nach dem Ermessen und der Entscheidung des Herstellers, die nicht angefochten werden kann, repariert oder ersetzt<\/span><span style=\"font-weight: 400;\">, und der Hersteller schickt es dann auf seine Kosten an Bullet24.<\/span><\/p>\n<p><span style=\"font-weight: 400;\">Ausgeschlossen von der Garantie sind in der Regel vors\u00e4tzliche oder zuf\u00e4llige Sch\u00e4den, Missbrauch, Fehlgebrauch, nicht genehmigte \u00c4nderungen oder Reparaturen sowie unsachgem\u00e4\u00dfe oder falsche Montage.\u00a0<\/span><\/p>\n<p><span style=\"font-weight: 400;\">Die Garantie deckt keine Folge- oder Nebensch\u00e4den ab, die sich aus der Unf\u00e4higkeit ergeben, das Produkt zu verwenden. Jede L\u00f6schung oder \u00c4nderung der Seriennummer auf dem Produkt f\u00fchrt zum Erl\u00f6schen der Garantie. F\u00fcr weitere Informationen lesen Sie bitte die Garantiebedingungen direkt auf den Websites der Hersteller selbst.<\/span><\/p>\n<p><span style=\"font-weight: 400;\">Bullet24 kann unter keinen Umst\u00e4nden f\u00fcr eine Herstellerwahl, die nicht in die vom Kunden gew\u00fcnschte Richtung geht, sowie f\u00fcr deren Zeitpunkt verantwortlich gemacht werden.<\/span><\/p>\n<p><span style=\"font-weight: 400;\">Bullet24 beh\u00e4lt sich auch das Recht vor, Produkte, die nicht bei uns gekauft wurden, nicht zu \u00fcbernehmen, auch wenn es sich um Marken handelt, mit denen wir handeln.<\/span><\/p>\n<p>&nbsp;<\/p>\n<p><b>Modifikationen.\u00a0<\/b><\/p>\n<p><span style=\"font-weight: 400;\">Wir k\u00f6nnen diese Garantiebedingungen von Zeit zu Zeit \u00e4ndern.<br \/>\n<\/span><span style=\"font-weight: 400;\">Wenn wir wesentliche \u00c4nderungen an diesen Bedingungen vornehmen, werden wir Sie durch Ver\u00f6ffentlichung einer \u00fcberarbeiteten Version dieser Bedingungen auf der\/den Website(s) informieren.<br \/>\n<\/span><span style=\"font-weight: 400;\">Ihre fortgesetzte Nutzung der Websites nach der Benachrichtigung \u00fcber eine \u00c4nderung bedeutet, dass Sie die \u00fcberarbeiteten Bedingungen akzeptieren.<\/span><\/p>\n<p>&nbsp;<\/p>\n<p><span style=\"font-weight: 400;\">Datum des Inkrafttretens: 15. Dezember 2022<\/span><\/p>\n<p>&nbsp;<\/p>\n<p>&nbsp;<\/p>\n<p>&nbsp;<\/p>\n","protected":false},"excerpt":{"rendered":"<p>R\u00fcckgabepolitik &nbsp; Wir von Bullet24 by M. Grassi (nachfolgend Bullet24) m\u00f6chten, dass Ihre Erfahrungen mit uns so positiv und einfach wie m\u00f6glich sind. Sollten Sie mit Ihrem Kauf nicht zufrieden&#8230;<\/p>\n","protected":false},"author":2,"featured_media":0,"parent":0,"menu_order":0,"comment_status":"closed","ping_status":"closed","template":"","meta":{"footnotes":""},"class_list":["post-2629","page","type-page","status-publish"],"_links":{"self":[{"href":"https:\/\/bullet24.pro\/de\/wp-json\/wp\/v2\/pages\/2629","targetHints":{"allow":["GET"]}}],"collection":[{"href":"https:\/\/bullet24.pro\/de\/wp-json\/wp\/v2\/pages"}],"about":[{"href":"https:\/\/bullet24.pro\/de\/wp-json\/wp\/v2\/types\/page"}],"author":[{"embeddable":true,"href":"https:\/\/bullet24.pro\/de\/wp-json\/wp\/v2\/users\/2"}],"replies":[{"embeddable":true,"href":"https:\/\/bullet24.pro\/de\/wp-json\/wp\/v2\/comments?post=2629"}],"version-history":[{"count":5,"href":"https:\/\/bullet24.pro\/de\/wp-json\/wp\/v2\/pages\/2629\/revisions"}],"predecessor-version":[{"id":2808,"href":"https:\/\/bullet24.pro\/de\/wp-json\/wp\/v2\/pages\/2629\/revisions\/2808"}],"wp:attachment":[{"href":"https:\/\/bullet24.pro\/de\/wp-json\/wp\/v2\/media?parent=2629"}],"curies":[{"name":"wp","href":"https:\/\/api.w.org\/{rel}","templated":true}]}}