{"id":2633,"date":"2022-11-30T09:46:29","date_gmt":"2022-11-30T09:46:29","guid":{"rendered":"https:\/\/bullet24.pro\/?page_id=2633"},"modified":"2022-12-29T16:46:47","modified_gmt":"2022-12-29T16:46:47","slug":"nutzungsbedingungen","status":"publish","type":"page","link":"https:\/\/bullet24.pro\/de\/nutzungsbedingungen\/","title":{"rendered":"Nutzungsbedinungen"},"content":{"rendered":"<h1>Nutzungsbedinungen<\/h1>\n<p>&nbsp;<\/p>\n<ol>\n<li><b>Akzeptanz der Bedingungen.<\/b><\/li>\n<\/ol>\n<p><span style=\"font-weight: 400;\">Durch die Nutzung dieser Website erkl\u00e4ren Sie sich mit diesen &#8222;Nutzungsbedingungen&#8220; einverstanden.<\/span><\/p>\n<p>&nbsp;<\/p>\n<ol start=\"2\">\n<li><b>Definitionen.<\/b><\/li>\n<\/ol>\n<p><span style=\"font-weight: 400;\">Die &#8222;Bullet24-Website&#8220; oder &#8222;die Website&#8220; bezeichnet die Website(s), die mit dem Domainnamen bullet24.pro<\/span><\/p>\n<p>&nbsp;<\/p>\n<ol start=\"3\">\n<li><b>Nutzung der Website.<\/b><\/li>\n<\/ol>\n<p><span style=\"font-weight: 400;\">Bullet24 di M. Grassi (Bullet24) betreibt die Website(s), um einen Online-Zugang zum Verkauf und zu Informationen \u00fcber seine Produkte, Dienstleistungen und M\u00f6glichkeiten zu bieten und um Ihnen eine M\u00f6glichkeit zu geben, mit Bullet24 zu kommunizieren. Jede neue Funktion, die der\/den Website(s) hinzugef\u00fcgt wird, unterliegt ebenfalls diesen Nutzungsbedingungen.<\/span><\/p>\n<p>&nbsp;<\/p>\n<ol start=\"4\">\n<li><b>Geistiges Eigentum.\u00a0<\/b><\/li>\n<\/ol>\n<p><span style=\"font-weight: 400;\">Der Inhalt der Website(s), mit Ausnahme aller Benutzerinhalte (wie unten definiert), einschlie\u00dflich, aber nicht beschr\u00e4nkt auf Text, Software, Grafiken, Fotos, Musik, Videos und dergleichen (&#8222;Inhalt&#8220;), ist Eigentum von Bullet24 oder an Bullet24 lizenziert und unterliegt dem Markenrecht, dem Urheberrecht und anderen Gesetzen zum Schutz des geistigen Eigentums der Schweiz und anderer L\u00e4nder. Die Inhalte auf der\/den Website(s) werden nur f\u00fcr Ihren pers\u00f6nlichen Gebrauch zur Verf\u00fcgung gestellt und d\u00fcrfen ohne die vorherige schriftliche Zustimmung von Bullet24 nicht verwendet, kopiert, vervielf\u00e4ltigt, verteilt, \u00fcbertragen, ausgestrahlt, ausgestellt, verkauft, lizenziert oder anderweitig f\u00fcr andere Zwecke verwertet werden. Bullet24 beh\u00e4lt sich alle nicht ausdr\u00fccklich gew\u00e4hrten Rechte an der\/den Website(s) und dem Inhalt vor.<\/span><\/p>\n<p>&nbsp;<\/p>\n<ol start=\"5\">\n<li><b>Datenschutz und Cookie-Richtlinie.<\/b><\/li>\n<\/ol>\n<p><span style=\"font-weight: 400;\">Unsere Datenschutz- und Cookie-Richtlinie regelt die Sammlung, Verwendung und Offenlegung aller pers\u00f6nlichen Daten (pers\u00f6nlich identifizierbare Informationen \u00fcber Sie, wie Ihr vollst\u00e4ndiger Name, Geburtsdatum, E-Mail-Adresse oder Postanschrift, Telefonnummer und alle anderen Informationen, die verwendet werden k\u00f6nnen, um Sie zu identifizieren oder zu kontaktieren). Weitere Informationen finden Sie in unserer vollst\u00e4ndigen <\/span><b><a href=\"https:\/\/bullet24.pro\/de\/privacy-policy\/\">Datenschutzrichtlinie<\/a>.<\/b><\/p>\n<p>&nbsp;<\/p>\n<ol start=\"6\">\n<li><b>Benutzergenerierte Inhalte.<\/b><\/li>\n<\/ol>\n<p><span style=\"font-weight: 400;\">Sie k\u00f6nnen Bullet24 \u00fcber die Website(s) nutzergenerierte Inhalte wie Bewertungen, Kommentare, Fotos, Artikel, Musik und Videos (&#8222;Nutzerinhalte&#8220;) zur Verf\u00fcgung stellen. Sie bleiben der Eigent\u00fcmer Ihrer nutzergenerierten Inhalte. Indem Sie uns nutzergenerierte Inhalte zur Verf\u00fcgung stellen, gew\u00e4hren Sie Bullet24 eine unwiderrufliche, unbefristete, nicht-exklusive, \u00fcbertragbare, voll bezahlte, weltweite Lizenz (mit dem Recht, Unterlizenzen zu vergeben), um solche nutzergenerierten Inhalte zu nutzen, zu kopieren, \u00f6ffentlich vorzuf\u00fchren, \u00f6ffentlich auszustellen, zu modifizieren, zu \u00fcbersetzen, zu exzerpieren (ganz oder teilweise) und zu vertreiben, und zwar f\u00fcr jeden Zweck, ob kommerziell, zu Werbezwecken oder anderweitig, auf oder in Verbindung mit Bullet24. Indem Sie nutzergenerierte Inhalte bereitstellen, versichern Sie, dass Sie das Recht haben, die nutzergenerierten Inhalte bereitzustellen, dass keine Rechte Dritter durch eine solche Ver\u00f6ffentlichung verletzt werden und dass Sie das Recht haben, Bullet24 die in diesem Absatz beschriebenen Rechte zu gew\u00e4hren.<\/span><\/p>\n<p>&nbsp;<\/p>\n<ol start=\"7\">\n<li><b>Websites werden &#8222;wie besehen&#8220; zur Verf\u00fcgung gestellt.<\/b><\/li>\n<\/ol>\n<p><span style=\"font-weight: 400;\">Sie verstehen und erkl\u00e4ren sich damit einverstanden, dass die Bullet24-Website(s) und alle Dienstleistungen und Informationen, die darauf angeboten werden, &#8222;wie besehen&#8220; zur Verf\u00fcgung gestellt werden und dass Bullet24 keine Verantwortung f\u00fcr die Richtigkeit, Aktualit\u00e4t, L\u00f6schung oder Falschlieferung von Benutzerkommunikation, Informationen oder Konfigurationen \u00fcbernimmt. Sie, und nicht Bullet24, sind vollst\u00e4ndig verantwortlich f\u00fcr alles Material, das Sie ver\u00f6ffentlichen, \u00fcbertragen oder anderweitig \u00fcber die Website(s) zur Verf\u00fcgung stellen. Bullet24 \u00fcberpr\u00fcft oder kontrolliert nicht das Material, das andere \u00fcber die Website(s) einstellen, \u00fcbertragen oder anderweitig zur Verf\u00fcgung stellen, und dementsprechend garantiert Bullet24 nicht die Richtigkeit, Integrit\u00e4t oder Qualit\u00e4t dieses Materials. Sie erkennen an, dass Bullet24 und seine Beauftragten das Recht (aber nicht die Pflicht) haben, nach eigenem Ermessen jegliches Material abzulehnen oder zu entfernen, das \u00fcber die Website(s) verf\u00fcgbar ist, einschlie\u00dflich aller nutzergenerierten Inhalte. Bullet24 wird angemessene Anstrengungen unternehmen, um die Sicherheit der Website(s) zu kontrollieren, garantiert jedoch nicht, dass es in der Lage sein wird, jegliche Inhalte, die auf oder \u00fcber die Website(s) bereitgestellt werden, vor Verletzungen oder Piraterie zu sch\u00fctzen. Sie verstehen und stimmen zu, dass Bullet24 keine Haftung f\u00fcr Fahrl\u00e4ssigkeit oder mangelnde Sorgfalt bei der Unterlassung des Schutzes der Sicherheit der Website(s) \u00fcbernehmen kann.<\/span><\/p>\n<p>&nbsp;<\/p>\n<ol start=\"8\">\n<li><b>Entsch\u00e4digung.<\/b><\/li>\n<\/ol>\n<p><span style=\"font-weight: 400;\">Sie erkl\u00e4ren sich damit einverstanden, Bullet24 und seine Nachfolger, verbundenen Unternehmen, leitenden Angestellten, Agenten und Mitarbeiter zu entsch\u00e4digen und schadlos zu halten von jeglichen Anspr\u00fcchen oder Forderungen Dritter, die sich aus dem von Ihnen eingestellten, \u00fcbertragenen oder anderweitig \u00fcber die Website(s) zur Verf\u00fcgung gestellten Material, Ihrer Nutzung der Website(s), Ihrer Verbindung zu der\/den Website(s), Ihrer Verletzung dieser Nutzungsbedingungen oder Ihrer Verletzung der Rechte einer anderen Person oder Einrichtung ergeben.<\/span><\/p>\n<p>&nbsp;<\/p>\n<ol start=\"9\">\n<li><b>Beschr\u00e4nkung der Haftung.\u00a0<\/b><\/li>\n<\/ol>\n<p><span style=\"font-weight: 400;\">Bullet24 und seine Nachfolger, verbundenen Unternehmen, leitenden Angestellten, Vertreter und Mitarbeiter sind nicht verantwortlich oder haftbar f\u00fcr Sch\u00e4den oder Nachteile, die sich aus der\/den Website(s) ergeben oder in irgendeiner Weise mit dieser\/den Website(s) in Verbindung stehen, einschlie\u00dflich des Inhalts oder der Informationen, die von der\/den Website(s) oder \u00fcber die Website(s) erhalten werden. Ihr einziger Rechtsbehelf bei Unzufriedenheit mit der\/den Website(s) besteht darin, die Nutzung der Website(s) und der von ihr\/ihnen erhaltenen Informationen sowie der in Verbindung mit ihr\/ihnen erbrachten Dienstleistungen einzustellen.<\/span><\/p>\n<p>&nbsp;<\/p>\n<ol start=\"10\">\n<li><b>Anwendbares Recht und Gerichtsstand<\/b><span style=\"font-weight: 400;\">.\u00a0<\/span><\/li>\n<\/ol>\n<p><span style=\"font-weight: 400;\">Es gilt das materielle Recht der Schweiz unter Ausschluss der kollisionsrechtlichen Bestimmungen und allf\u00e4lliger Staatsvertr\u00e4ge. F\u00fcr den Eigentumsvorbehalt gilt das Recht des Landes, in dem sich die gelieferte Ware bei Einleitung rechtlicher Schritte befindet. Gerichtsstand f\u00fcr alle Rechtsstreitigkeiten, die sich aus oder im Zusammenhang mit diesem zwischen Bullet24 und dem Kunden geschlossenen Vertrag oder seinen sp\u00e4teren \u00c4nderungen ergeben, einschlie\u00dflich seines Zustandekommens, seiner G\u00fcltigkeit, seiner bindenden Wirkung, seiner Verletzung oder seiner Beendigung, ist Locarno, Schweiz. Bullet24 beh\u00e4lt sich jedoch das Recht vor, den Kunden bei einem zust\u00e4ndigen Gericht am Gesch\u00e4ftssitz des Kunden zu verklagen und den Eigentumsvorbehalt am Lagerort der Vorbehaltssache durchzusetzen.\u00a0<\/span><\/p>\n<p>&nbsp;<\/p>\n<ol start=\"11\">\n<li><b>\u00c4nderungen.<\/b><\/li>\n<\/ol>\n<p><span style=\"font-weight: 400;\">Wir k\u00f6nnen diese Nutzungsbedingungen von Zeit zu Zeit \u00e4ndern. Wenn wir wesentliche \u00c4nderungen an diesen Bedingungen vornehmen, werden wir Sie durch Ver\u00f6ffentlichung einer \u00fcberarbeiteten Version dieser Bedingungen auf der\/den Website(s) benachrichtigen. Ihre fortgesetzte Nutzung der Website(s) nach Bekanntgabe einer \u00c4nderung bedeutet, dass Sie die \u00fcberarbeiteten Bedingungen akzeptieren.<\/span><\/p>\n<p>&nbsp;<\/p>\n<p><span style=\"font-weight: 400;\">Datum des Inkrafttretens: 15. Dezember 2022<\/span><\/p>\n<p>&nbsp;<\/p>\n","protected":false},"excerpt":{"rendered":"<p>Nutzungsbedinungen &nbsp; Akzeptanz der Bedingungen. Durch die Nutzung dieser Website erkl\u00e4ren Sie sich mit diesen &#8222;Nutzungsbedingungen&#8220; einverstanden. &nbsp; Definitionen. Die &#8222;Bullet24-Website&#8220; oder &#8222;die Website&#8220; bezeichnet die Website(s), die mit dem&#8230;<\/p>\n","protected":false},"author":2,"featured_media":0,"parent":0,"menu_order":0,"comment_status":"closed","ping_status":"closed","template":"","meta":{"footnotes":""},"class_list":["post-2633","page","type-page","status-publish"],"_links":{"self":[{"href":"https:\/\/bullet24.pro\/de\/wp-json\/wp\/v2\/pages\/2633","targetHints":{"allow":["GET"]}}],"collection":[{"href":"https:\/\/bullet24.pro\/de\/wp-json\/wp\/v2\/pages"}],"about":[{"href":"https:\/\/bullet24.pro\/de\/wp-json\/wp\/v2\/types\/page"}],"author":[{"embeddable":true,"href":"https:\/\/bullet24.pro\/de\/wp-json\/wp\/v2\/users\/2"}],"replies":[{"embeddable":true,"href":"https:\/\/bullet24.pro\/de\/wp-json\/wp\/v2\/comments?post=2633"}],"version-history":[{"count":5,"href":"https:\/\/bullet24.pro\/de\/wp-json\/wp\/v2\/pages\/2633\/revisions"}],"predecessor-version":[{"id":2641,"href":"https:\/\/bullet24.pro\/de\/wp-json\/wp\/v2\/pages\/2633\/revisions\/2641"}],"wp:attachment":[{"href":"https:\/\/bullet24.pro\/de\/wp-json\/wp\/v2\/media?parent=2633"}],"curies":[{"name":"wp","href":"https:\/\/api.w.org\/{rel}","templated":true}]}}