{"id":10290,"date":"2023-08-26T08:09:06","date_gmt":"2023-08-26T08:09:06","guid":{"rendered":"https:\/\/bullet24.pro\/?post_type=product&#038;p=10290"},"modified":"2023-08-26T08:10:28","modified_gmt":"2023-08-26T08:10:28","slug":"hornady-neck-turn-tool","status":"publish","type":"product","link":"https:\/\/bullet24.pro\/de\/product\/hornady-neck-turn-tool\/","title":{"rendered":"HORNADY\u00ae Neck Turn Tool"},"content":{"rendered":"","protected":false},"excerpt":{"rendered":"<p>Das Hornady\u00ae Neck Turn Werkzeug wurde f\u00fcr eine Vielzahl von H\u00fclsenl\u00e4ngen entwickelt und erm\u00f6glicht die Verwendung eines Bohrers (nicht im Lieferumfang enthalten), um das Drehen des Halses schneller und einfacher zu machen und gleichzeitig eine hervorragende Konsistenz und Oberfl\u00e4cheng\u00fcte zu erzielen.<\/p>\n<p>Ein Einstellknopf erm\u00f6glicht es dem Benutzer, zwischen Rasten f\u00fcr 0,0005&#8243; Einstellschritte oder ohne Rasten f\u00fcr eine stufenlose Einstellung zu w\u00e4hlen. Mandrels f\u00fcr vier g\u00e4ngige Kaliber sind im Lieferumfang enthalten:<\/p>\n<p>Kaliber 22.<br \/>\n6mm<br \/>\n6,5 mm<br \/>\nKaliber 30.<br \/>\nDas Hornady\u00ae Neck Turn Tool ist eine \u00fcberzeugende L\u00f6sung f\u00fcr Pr\u00e4zisionshandlader, die ihre Pr\u00e4zision maximieren wollen.<\/p>\n","protected":false},"featured_media":10282,"template":"","meta":[],"product_brand":[],"product_cat":[395,454,460],"product_tag":[],"class_list":{"0":"post-10290","1":"product","2":"type-product","3":"status-publish","4":"has-post-thumbnail","6":"product_cat-wiederladen","7":"product_cat-wiederladeausruestung","8":"product_cat-huelsenbearbeitung","10":"first","11":"instock","12":"shipping-taxable","13":"purchasable","14":"product-type-simple"},"_links":{"self":[{"href":"https:\/\/bullet24.pro\/de\/wp-json\/wp\/v2\/product\/10290","targetHints":{"allow":["GET"]}}],"collection":[{"href":"https:\/\/bullet24.pro\/de\/wp-json\/wp\/v2\/product"}],"about":[{"href":"https:\/\/bullet24.pro\/de\/wp-json\/wp\/v2\/types\/product"}],"wp:featuredmedia":[{"embeddable":true,"href":"https:\/\/bullet24.pro\/de\/wp-json\/wp\/v2\/media\/10282"}],"wp:attachment":[{"href":"https:\/\/bullet24.pro\/de\/wp-json\/wp\/v2\/media?parent=10290"}],"wp:term":[{"taxonomy":"product_brand","embeddable":true,"href":"https:\/\/bullet24.pro\/de\/wp-json\/wp\/v2\/product_brand?post=10290"},{"taxonomy":"product_cat","embeddable":true,"href":"https:\/\/bullet24.pro\/de\/wp-json\/wp\/v2\/product_cat?post=10290"},{"taxonomy":"product_tag","embeddable":true,"href":"https:\/\/bullet24.pro\/de\/wp-json\/wp\/v2\/product_tag?post=10290"}],"curies":[{"name":"wp","href":"https:\/\/api.w.org\/{rel}","templated":true}]}}