{"id":10661,"date":"2023-11-01T08:46:25","date_gmt":"2023-11-01T08:46:25","guid":{"rendered":"https:\/\/bullet24.pro\/?post_type=product&#038;p=10661"},"modified":"2025-01-06T16:03:59","modified_gmt":"2025-01-06T16:03:59","slug":"cannon-anti-attack-47ml","status":"publish","type":"product","link":"https:\/\/bullet24.pro\/de\/product\/cannon-anti-attack-47ml\/","title":{"rendered":"CANNON ANTI ATTACK 47ml"},"content":{"rendered":"","protected":false},"excerpt":{"rendered":"<p>Das ANTI ATTACK Abwehrspray der IDC System AG (Swiss made) ist mit einem Quick-Top Spr\u00fchkopf ausgestattet, der ein versehentliches Ausl\u00f6sen verhindert. Die Nase des Sprays verhindert zudem, dass die D\u00fcse von der Hand verdeckt wird. Das ANTI ATTACK Abwehrspray \u00fcberzeugt durch seinen starken PAVA-Wirkstoff. Der ballistische Feinstrahl erm\u00f6glicht ein pr\u00e4zises Spr\u00fchen und hat eine Reichweite von 4 &#8211; 5 Metern. Das Spray hat eine 360\u00b0-Funktion, d.h. es kann von allen Seiten, auch kopf\u00fcber, eingesetzt werden. Wirkstoff PAVA: Das synthetisch hergestellte PAVA basiert auf einem der drei Hauptwirkstoffe im nat\u00fcrlichen Pfefferextrakt, dem Capsaicin.<\/p>\n","protected":false},"featured_media":10656,"template":"","meta":[],"product_brand":[],"product_cat":[397,468],"product_tag":[],"class_list":{"0":"post-10661","1":"product","2":"type-product","3":"status-publish","4":"has-post-thumbnail","6":"product_cat-selbstverteidigungssprays","7":"product_cat-freiverkaufssprays","9":"first","10":"instock","11":"shipping-taxable","12":"purchasable","13":"product-type-simple"},"_links":{"self":[{"href":"https:\/\/bullet24.pro\/de\/wp-json\/wp\/v2\/product\/10661","targetHints":{"allow":["GET"]}}],"collection":[{"href":"https:\/\/bullet24.pro\/de\/wp-json\/wp\/v2\/product"}],"about":[{"href":"https:\/\/bullet24.pro\/de\/wp-json\/wp\/v2\/types\/product"}],"wp:featuredmedia":[{"embeddable":true,"href":"https:\/\/bullet24.pro\/de\/wp-json\/wp\/v2\/media\/10656"}],"wp:attachment":[{"href":"https:\/\/bullet24.pro\/de\/wp-json\/wp\/v2\/media?parent=10661"}],"wp:term":[{"taxonomy":"product_brand","embeddable":true,"href":"https:\/\/bullet24.pro\/de\/wp-json\/wp\/v2\/product_brand?post=10661"},{"taxonomy":"product_cat","embeddable":true,"href":"https:\/\/bullet24.pro\/de\/wp-json\/wp\/v2\/product_cat?post=10661"},{"taxonomy":"product_tag","embeddable":true,"href":"https:\/\/bullet24.pro\/de\/wp-json\/wp\/v2\/product_tag?post=10661"}],"curies":[{"name":"wp","href":"https:\/\/api.w.org\/{rel}","templated":true}]}}