{"id":10773,"date":"2023-12-19T07:59:28","date_gmt":"2023-12-19T07:59:28","guid":{"rendered":"https:\/\/bullet24.pro\/?post_type=product&#038;p=10773"},"modified":"2025-01-24T09:41:21","modified_gmt":"2025-01-24T09:41:21","slug":"pulsar-krypton-2-xq35","status":"publish","type":"product","link":"https:\/\/bullet24.pro\/de\/product\/pulsar-krypton-2-xq35\/","title":{"rendered":"Pulsar Krypton 2 XQ35"},"content":{"rendered":"","protected":false},"excerpt":{"rendered":"<p>W\u00c4RMEBILD-AUFR\u00dcSTUNG<\/p>\n<p>Der 384&#215;288 Pixel @ 17 W\u00e4rmebildsensor mit einem NETD &lt;25mK sorgt f\u00fcr eine perfekte Detailerkennung selbst unter schwierigsten Wetterbedingungen, wenn der W\u00e4rmekontrast gering ist. Kleinste Temperaturunterschiede werden auch bei Regen, Nebel oder morgendlicher K\u00e4lte deutlich sichtbar &#8211; die schwierigsten Bedingungen f\u00fcr W\u00e4rmebildaufnahmen.<br \/>\n&#8211; Erfassungsbereich 1300 m<br \/>\n&#8211; Hochaufl\u00f6sendes Bild<br \/>\n&#8211; Monokular Pulsar 5x30B<br \/>\n&#8211; Schlagfestes Geh\u00e4use aus Magnesiumlegierung<br \/>\n&#8211; Eingebauter Foto- und Videorekorder mit 16 GB Speicher<br \/>\n&#8211; HD-AMOLED-Anzeige<br \/>\n&#8211; Lange Akkulaufzeit<br \/>\n&#8211; Wi-Fi. Integration mit IOS- und Android-Ger\u00e4ten<br \/>\n&#8211; Software-Entwicklungsunterst\u00fctzung<br \/>\n&#8211; Wasserdicht gem\u00e4\u00df IPX7<br \/>\n&#8211; Breiter Betriebstemperaturbereich (-25 bis +50\u00b0C)<\/p>\n","protected":false},"featured_media":10759,"template":"","meta":[],"product_brand":[],"product_cat":[394,435,440],"product_tag":[],"class_list":{"0":"post-10773","1":"product","2":"type-product","3":"status-publish","4":"has-post-thumbnail","6":"product_cat-optik","7":"product_cat-waermebildtechnik","8":"product_cat-waermebild-monokulare","10":"first","11":"onbackorder","12":"shipping-taxable","13":"purchasable","14":"product-type-simple"},"_links":{"self":[{"href":"https:\/\/bullet24.pro\/de\/wp-json\/wp\/v2\/product\/10773","targetHints":{"allow":["GET"]}}],"collection":[{"href":"https:\/\/bullet24.pro\/de\/wp-json\/wp\/v2\/product"}],"about":[{"href":"https:\/\/bullet24.pro\/de\/wp-json\/wp\/v2\/types\/product"}],"wp:featuredmedia":[{"embeddable":true,"href":"https:\/\/bullet24.pro\/de\/wp-json\/wp\/v2\/media\/10759"}],"wp:attachment":[{"href":"https:\/\/bullet24.pro\/de\/wp-json\/wp\/v2\/media?parent=10773"}],"wp:term":[{"taxonomy":"product_brand","embeddable":true,"href":"https:\/\/bullet24.pro\/de\/wp-json\/wp\/v2\/product_brand?post=10773"},{"taxonomy":"product_cat","embeddable":true,"href":"https:\/\/bullet24.pro\/de\/wp-json\/wp\/v2\/product_cat?post=10773"},{"taxonomy":"product_tag","embeddable":true,"href":"https:\/\/bullet24.pro\/de\/wp-json\/wp\/v2\/product_tag?post=10773"}],"curies":[{"name":"wp","href":"https:\/\/api.w.org\/{rel}","templated":true}]}}