{"id":10832,"date":"2024-03-05T13:58:42","date_gmt":"2024-03-05T13:58:42","guid":{"rendered":"https:\/\/bullet24.pro\/?post_type=product&#038;p=10832"},"modified":"2025-04-09T08:01:19","modified_gmt":"2025-04-09T08:01:19","slug":"ph87-tikka-m695","status":"publish","type":"product","link":"https:\/\/bullet24.pro\/de\/product\/ph87-tikka-m695\/","title":{"rendered":"Contessa Mounts PH87 \u2013 TIKKA M690 &#8211; M695"},"content":{"rendered":"","protected":false},"excerpt":{"rendered":"<p>Contessa Mounts Picatinny-Schiene f\u00fcr Tikka M690 &amp; M695 .<br \/>\nContessa Picatinny Schienen sind aus geh\u00e4rtetem Stahl, einzigartig im Design, f\u00fcr langfristige Stabilit\u00e4t und St\u00e4rke konzipiert.<br \/>\nErh\u00e4ltlich mit 0\/20 MOA Neigung. MUSS BEI DER BESTELLUNG ANGEGEBEN WERDEN<br \/>\nInklusive Schrauben und Schl\u00fcssel f\u00fcr die Montage.<br \/>\nContessa Produkte haben eine lebenslange Garantie. Sollte Ihre Contessa Zielfernrohrmontage zu irgendeinem Zeitpunkt ausfallen, werden wir sie kostenlos reparieren oder ersetzen.<\/p>\n","protected":false},"featured_media":10830,"template":"","meta":[],"product_brand":[],"product_cat":[248,474,486,511],"product_tag":[],"class_list":{"0":"post-10832","1":"product","2":"type-product","3":"status-publish","4":"has-post-thumbnail","6":"product_cat-zielfernrohr-montagen","7":"product_cat-schiene","8":"product_cat-picatinny-de-2","9":"product_cat-zielfernrohre-picatinny-rails","11":"first","12":"instock","13":"shipping-taxable","14":"purchasable","15":"product-type-simple"},"_links":{"self":[{"href":"https:\/\/bullet24.pro\/de\/wp-json\/wp\/v2\/product\/10832","targetHints":{"allow":["GET"]}}],"collection":[{"href":"https:\/\/bullet24.pro\/de\/wp-json\/wp\/v2\/product"}],"about":[{"href":"https:\/\/bullet24.pro\/de\/wp-json\/wp\/v2\/types\/product"}],"wp:featuredmedia":[{"embeddable":true,"href":"https:\/\/bullet24.pro\/de\/wp-json\/wp\/v2\/media\/10830"}],"wp:attachment":[{"href":"https:\/\/bullet24.pro\/de\/wp-json\/wp\/v2\/media?parent=10832"}],"wp:term":[{"taxonomy":"product_brand","embeddable":true,"href":"https:\/\/bullet24.pro\/de\/wp-json\/wp\/v2\/product_brand?post=10832"},{"taxonomy":"product_cat","embeddable":true,"href":"https:\/\/bullet24.pro\/de\/wp-json\/wp\/v2\/product_cat?post=10832"},{"taxonomy":"product_tag","embeddable":true,"href":"https:\/\/bullet24.pro\/de\/wp-json\/wp\/v2\/product_tag?post=10832"}],"curies":[{"name":"wp","href":"https:\/\/api.w.org\/{rel}","templated":true}]}}