{"id":10838,"date":"2024-03-05T14:03:15","date_gmt":"2024-03-05T14:03:15","guid":{"rendered":"https:\/\/bullet24.pro\/?post_type=product&#038;p=10838"},"modified":"2025-01-16T16:27:43","modified_gmt":"2025-01-16T16:27:43","slug":"ph90-tikka-m590-m595","status":"publish","type":"product","link":"https:\/\/bullet24.pro\/de\/product\/ph90-tikka-m590-m595\/","title":{"rendered":"Contessa Mounts PH90 \u2013 TIKKA M590 \u2013 M595"},"content":{"rendered":"","protected":false},"excerpt":{"rendered":"<p>Contessa Mounts Picatinny-Schiene f\u00fcr Tikka M590-M595.<br \/>\nContessa Picatinny-Schienen sind aus geh\u00e4rtetem Stahl gefertigt, einzigartig im Design, f\u00fcr langfristige Stabilit\u00e4t und St\u00e4rke entwickelt.<br \/>\nErh\u00e4ltlich mit 0\/20 MOA Neigung. MUSS BEI DER BESTELLUNG ANGEGEBEN WERDEN.<br \/>\nInklusive Schrauben und Schl\u00fcssel f\u00fcr die Montage.<br \/>\nContessa Produkte haben eine lebenslange Garantie. Sollte Ihre Contessa Zielfernrohrmontage zu irgendeinem Zeitpunkt ausfallen, werden wir sie kostenlos reparieren oder ersetzen.<\/p>\n","protected":false},"featured_media":10836,"template":"","meta":[],"product_brand":[],"product_cat":[248,474,486,511],"product_tag":[],"class_list":{"0":"post-10838","1":"product","2":"type-product","3":"status-publish","4":"has-post-thumbnail","6":"product_cat-zielfernrohr-montagen","7":"product_cat-schiene","8":"product_cat-picatinny-de-2","9":"product_cat-zielfernrohre-picatinny-rails","11":"first","12":"onbackorder","13":"shipping-taxable","14":"purchasable","15":"product-type-simple"},"_links":{"self":[{"href":"https:\/\/bullet24.pro\/de\/wp-json\/wp\/v2\/product\/10838","targetHints":{"allow":["GET"]}}],"collection":[{"href":"https:\/\/bullet24.pro\/de\/wp-json\/wp\/v2\/product"}],"about":[{"href":"https:\/\/bullet24.pro\/de\/wp-json\/wp\/v2\/types\/product"}],"wp:featuredmedia":[{"embeddable":true,"href":"https:\/\/bullet24.pro\/de\/wp-json\/wp\/v2\/media\/10836"}],"wp:attachment":[{"href":"https:\/\/bullet24.pro\/de\/wp-json\/wp\/v2\/media?parent=10838"}],"wp:term":[{"taxonomy":"product_brand","embeddable":true,"href":"https:\/\/bullet24.pro\/de\/wp-json\/wp\/v2\/product_brand?post=10838"},{"taxonomy":"product_cat","embeddable":true,"href":"https:\/\/bullet24.pro\/de\/wp-json\/wp\/v2\/product_cat?post=10838"},{"taxonomy":"product_tag","embeddable":true,"href":"https:\/\/bullet24.pro\/de\/wp-json\/wp\/v2\/product_tag?post=10838"}],"curies":[{"name":"wp","href":"https:\/\/api.w.org\/{rel}","templated":true}]}}