{"id":10844,"date":"2024-03-05T14:07:43","date_gmt":"2024-03-05T14:07:43","guid":{"rendered":"https:\/\/bullet24.pro\/?post_type=product&#038;p=10844"},"modified":"2025-01-16T16:26:10","modified_gmt":"2025-01-16T16:26:10","slug":"ph02-nv-sauer-101-remington-700-long-haenel-jaeger-howa-1500-long","status":"publish","type":"product","link":"https:\/\/bullet24.pro\/de\/product\/ph02-nv-sauer-101-remington-700-long-haenel-jaeger-howa-1500-long\/","title":{"rendered":"Contessa Mounts PH02-NV \u2013 SAUER 101 \u2013 REMINGTON 700 LONG \u2013 HAENEL JAEGER \u2013 HOWA 1500 LONG"},"content":{"rendered":"","protected":false},"excerpt":{"rendered":"<p>Contessa Mounts Picatinny-Schiene f\u00fcr Nachtzielger\u00e4te\/Thermen f\u00fcr SAUER 101, REMINGTON 700 LONG und HAENEL JAEGER 10.<br \/>\nContessa Mounts Picatinny-Schienen sind aus geh\u00e4rtetem Stahl gefertigt, einzigartig im Design, entwickelt f\u00fcr langfristige Stabilit\u00e4t und St\u00e4rke.<br \/>\nVerl\u00e4ngert zum Schaft hin um 60 mm f\u00fcr die Montage von Nacht- und W\u00e4rmezielger\u00e4ten.<br \/>\nPr\u00e4zisionsgefertigt, um perfekt auf Sauer 101, Remintong 700 long, Howa 1500 long und Haenel Jaeger 10 zu passen.<br \/>\nInklusive Schrauben und Schl\u00fcssel f\u00fcr die Montage.<br \/>\nContessa Mounts Produkte haben eine lebenslange Garantie. Sollte Ihre Contessa Zielfernrohrmontage zu irgendeinem Zeitpunkt defekt sein, werden wir sie kostenlos reparieren oder ersetzen.<\/p>\n","protected":false},"featured_media":10842,"template":"","meta":[],"product_brand":[],"product_cat":[248,474,486,510],"product_tag":[],"class_list":{"0":"post-10844","1":"product","2":"type-product","3":"status-publish","4":"has-post-thumbnail","6":"product_cat-zielfernrohr-montagen","7":"product_cat-schiene","8":"product_cat-picatinny-de-2","9":"product_cat-nachtsicht-und-waermebildgeraete","11":"first","12":"onbackorder","13":"shipping-taxable","14":"purchasable","15":"product-type-simple"},"_links":{"self":[{"href":"https:\/\/bullet24.pro\/de\/wp-json\/wp\/v2\/product\/10844","targetHints":{"allow":["GET"]}}],"collection":[{"href":"https:\/\/bullet24.pro\/de\/wp-json\/wp\/v2\/product"}],"about":[{"href":"https:\/\/bullet24.pro\/de\/wp-json\/wp\/v2\/types\/product"}],"wp:featuredmedia":[{"embeddable":true,"href":"https:\/\/bullet24.pro\/de\/wp-json\/wp\/v2\/media\/10842"}],"wp:attachment":[{"href":"https:\/\/bullet24.pro\/de\/wp-json\/wp\/v2\/media?parent=10844"}],"wp:term":[{"taxonomy":"product_brand","embeddable":true,"href":"https:\/\/bullet24.pro\/de\/wp-json\/wp\/v2\/product_brand?post=10844"},{"taxonomy":"product_cat","embeddable":true,"href":"https:\/\/bullet24.pro\/de\/wp-json\/wp\/v2\/product_cat?post=10844"},{"taxonomy":"product_tag","embeddable":true,"href":"https:\/\/bullet24.pro\/de\/wp-json\/wp\/v2\/product_tag?post=10844"}],"curies":[{"name":"wp","href":"https:\/\/api.w.org\/{rel}","templated":true}]}}