{"id":10866,"date":"2024-03-21T17:25:52","date_gmt":"2024-03-21T17:25:52","guid":{"rendered":"https:\/\/bullet24.pro\/?post_type=product&#038;p=10866"},"modified":"2025-08-06T18:10:44","modified_gmt":"2025-08-06T18:10:44","slug":"gpo-spectra-6x-3-18x56i-ret-g4i","status":"publish","type":"product","link":"https:\/\/bullet24.pro\/de\/product\/gpo-spectra-6x-3-18x56i-ret-g4i\/","title":{"rendered":"GPO SPECTRA\u2122 6x 3-18x56i, ret. G4i Fiber"},"content":{"rendered":"","protected":false},"excerpt":{"rendered":"<p>Das GPO SPECTRA\u2122 6x 3-18x56i mit seinem 30-mm-Mitteltubus verbindet ein unschlagbares Preis-Leistungs-Verh\u00e4ltnis mit kompakter Bauweise, werkzeuglos einstellbaren Revolvern, einem im Lieferumfang enthaltenen Throw Lever zur schnellen Zoomverstellung und einem gro\u00dfen Okularabstand und Verstellbereich von 250 cm bis 100 Meter. Die kompakte, universell einsetzbare cm-Click-Verstellung und das klassische G4i-Jagdabsehen runden dieses Zielfernrohr ab. Auch hier ist die GPO iControl-Technologie integriert, die das Absehen nach 3 Stunden automatisch abschaltet und anzeigt, wann die Batterie gewechselt werden muss. Insgesamt ein komplettes Zielfernrohr mit allen Funktionen, die Sie brauchen. Dieses 30-mm-Zielfernrohr bietet dem J\u00e4ger zus\u00e4tzliche Vorteile, da es \u00fcber eine h\u00f6here Vergr\u00f6\u00dferung und ein gr\u00f6\u00dferes Objektiv verf\u00fcgt, das f\u00fcr das Schie\u00dfen bei schlechten Lichtverh\u00e4ltnissen geeignet ist. Das 56-mm-Objektiv macht das GPO SPECTRA\u2122 6x 3-18x56i zur idealen Wahl f\u00fcr den Einsatz unter schwierigsten Lichtverh\u00e4ltnissen. 10 Jahre Garantie auf Mechanik und Optik.<\/p>\n","protected":false},"featured_media":6918,"template":"","meta":[],"product_brand":[],"product_cat":[684,394,436,442],"product_tag":[],"class_list":{"0":"post-10866","1":"product","2":"type-product","3":"status-publish","4":"has-post-thumbnail","6":"product_cat-jagd","7":"product_cat-optik","8":"product_cat-zieloptik","9":"product_cat-zielfernrohre","11":"first","12":"onbackorder","13":"shipping-taxable","14":"purchasable","15":"product-type-simple"},"_links":{"self":[{"href":"https:\/\/bullet24.pro\/de\/wp-json\/wp\/v2\/product\/10866","targetHints":{"allow":["GET"]}}],"collection":[{"href":"https:\/\/bullet24.pro\/de\/wp-json\/wp\/v2\/product"}],"about":[{"href":"https:\/\/bullet24.pro\/de\/wp-json\/wp\/v2\/types\/product"}],"wp:featuredmedia":[{"embeddable":true,"href":"https:\/\/bullet24.pro\/de\/wp-json\/wp\/v2\/media\/6918"}],"wp:attachment":[{"href":"https:\/\/bullet24.pro\/de\/wp-json\/wp\/v2\/media?parent=10866"}],"wp:term":[{"taxonomy":"product_brand","embeddable":true,"href":"https:\/\/bullet24.pro\/de\/wp-json\/wp\/v2\/product_brand?post=10866"},{"taxonomy":"product_cat","embeddable":true,"href":"https:\/\/bullet24.pro\/de\/wp-json\/wp\/v2\/product_cat?post=10866"},{"taxonomy":"product_tag","embeddable":true,"href":"https:\/\/bullet24.pro\/de\/wp-json\/wp\/v2\/product_tag?post=10866"}],"curies":[{"name":"wp","href":"https:\/\/api.w.org\/{rel}","templated":true}]}}