{"id":10919,"date":"2024-06-08T15:36:45","date_gmt":"2024-06-08T15:36:45","guid":{"rendered":"https:\/\/bullet24.pro\/?post_type=product&#038;p=10919"},"modified":"2024-06-08T15:38:45","modified_gmt":"2024-06-08T15:38:45","slug":"atlasworxs-bottom-metal-dbm-aics-remington-700-long-action-m5-inlet-flush-fit","status":"publish","type":"product","link":"https:\/\/bullet24.pro\/de\/product\/atlasworxs-bottom-metal-dbm-aics-remington-700-long-action-m5-inlet-flush-fit\/","title":{"rendered":"Atlasworxs Bottom Metal \/ DBM (AICS) \u2013 Remington 700 Long Action M5 Inlet Flush Fit"},"content":{"rendered":"","protected":false},"excerpt":{"rendered":"<p>Das Atlasworxs Bottom Metal f\u00fcr Remington 700 LA besteht aus einer leichten Konstruktion aus einer legierten Strukturlegierung (AL6061 T6) und ist mit einer strapazierf\u00e4higen, mattschwarzen Eloxalbeschichtung versehen. Atlasworxs Bottom Metals (AICS) sind darauf ausgelegt, die zuverl\u00e4ssigsten herausnehmbaren Kastenmagazine zu nutzen, die heute in Repetierb\u00fcchsen \u00fcblich sind, n\u00e4mlich das Accuracy International AICS-Magazin. Die Vorteile der Verwendung der \u00fcberlegenen AICS-Magazine liegen in ihrer Zuverl\u00e4ssigkeit und ihrer Verf\u00fcgbarkeit in 5- oder 10-Schuss-Kapazit\u00e4t. Das AICS-Muster wird auch zum Standard f\u00fcr andere Magazinhersteller wie Accurate Mag und MDT und andere, was die AICS-Muster-Magazine leichter verf\u00fcgbar und kosteng\u00fcnstiger macht. F\u00fcr dieses Produkt ist eine Einpassung erforderlich, die von einer kompetenten \/ qualifizierten Person empfohlen wird.<\/p>\n<p>Unsere Bottom-Metal-Merkmale:<\/p>\n<p>Hergestellt aus AL6061 T6 Strukturlegierung \u2013 F\u00fcr St\u00e4rke<br \/>\nMatte schwarze Eloxierung \u2013 F\u00fcr Haltbarkeit<br \/>\nLeichte Konstruktion \u2013 127 Gramm<br \/>\nVerleiht Ihrem Setup ein taktisches Aussehen<br \/>\nVerf\u00fcgt \u00fcber die Option des langen Hebels f\u00fcr schnelle Magazinentriegelung (Beliebt f\u00fcr das Schie\u00dfen auf Ziele)<br \/>\nNutzt AICS-Muster-Langaktion-Magazine (3.715\u2033)<br \/>\nErm\u00f6glicht die Verwendung zuverl\u00e4ssigerer Magazine<br \/>\nBessere Rundkapazit\u00e4t<\/p>\n","protected":false},"featured_media":10911,"template":"","meta":[],"product_brand":[],"product_cat":[626,253,421],"product_tag":[],"class_list":{"0":"post-10919","1":"product","2":"type-product","3":"status-publish","4":"has-post-thumbnail","6":"product_cat-dbms-bottom-metals-de","7":"product_cat-waffenzubehoer","8":"product_cat-langwaffen","10":"first","11":"onbackorder","12":"shipping-taxable","13":"purchasable","14":"product-type-simple"},"_links":{"self":[{"href":"https:\/\/bullet24.pro\/de\/wp-json\/wp\/v2\/product\/10919","targetHints":{"allow":["GET"]}}],"collection":[{"href":"https:\/\/bullet24.pro\/de\/wp-json\/wp\/v2\/product"}],"about":[{"href":"https:\/\/bullet24.pro\/de\/wp-json\/wp\/v2\/types\/product"}],"wp:featuredmedia":[{"embeddable":true,"href":"https:\/\/bullet24.pro\/de\/wp-json\/wp\/v2\/media\/10911"}],"wp:attachment":[{"href":"https:\/\/bullet24.pro\/de\/wp-json\/wp\/v2\/media?parent=10919"}],"wp:term":[{"taxonomy":"product_brand","embeddable":true,"href":"https:\/\/bullet24.pro\/de\/wp-json\/wp\/v2\/product_brand?post=10919"},{"taxonomy":"product_cat","embeddable":true,"href":"https:\/\/bullet24.pro\/de\/wp-json\/wp\/v2\/product_cat?post=10919"},{"taxonomy":"product_tag","embeddable":true,"href":"https:\/\/bullet24.pro\/de\/wp-json\/wp\/v2\/product_tag?post=10919"}],"curies":[{"name":"wp","href":"https:\/\/api.w.org\/{rel}","templated":true}]}}