{"id":10976,"date":"2024-06-08T16:04:59","date_gmt":"2024-06-08T16:04:59","guid":{"rendered":"https:\/\/bullet24.pro\/?post_type=product&#038;p=10976"},"modified":"2024-06-08T16:06:16","modified_gmt":"2024-06-08T16:06:16","slug":"atlasworxs-bottom-metal-dbm-aics-savage-model-10-11-12-short-action","status":"publish","type":"product","link":"https:\/\/bullet24.pro\/de\/product\/atlasworxs-bottom-metal-dbm-aics-savage-model-10-11-12-short-action\/","title":{"rendered":"Atlasworxs Bottom Metal \/ DBM (AICS) \u2013 Savage Model 10 \/ 11 \/ 12 Short Action"},"content":{"rendered":"","protected":false},"excerpt":{"rendered":"<p>Das Atlasworxs Bottom Metal f\u00fcr Savage Model 10 \/ 11 \/ 12 \/ 16 mit Centre Feed 4.400\u2033 oder Stagger Feed 4.275\u2033 in Short Action ist aus einer leichten Konstruktion gefertigt, die eine legierte Strukturlegierung (AL6061 T6) verwendet und mit einer strapazierf\u00e4higen, mattschwarzen Eloxalbeschichtung versehen ist. Atlasworxs Bottom Metals (AICS) sind darauf ausgelegt, die zuverl\u00e4ssigsten herausnehmbaren Kastenmagazine zu nutzen, die heute in Repetierb\u00fcchsen \u00fcblich sind, n\u00e4mlich das Accuracy International AICS-Magazin. Die Vorteile der Verwendung der \u00fcberlegenen AICS-Magazine liegen in ihrer Zuverl\u00e4ssigkeit und ihrer Verf\u00fcgbarkeit in 5- oder 10-Schuss-Kapazit\u00e4t. Das AICS-Muster wird auch f\u00fcr andere Magazinhersteller wie Accurate Mag und MDT zu einem Standard, was die AICS-Muster-Magazine leichter verf\u00fcgbar und kosteneffektiver macht. F\u00fcr die Verwendung dieses Produkts ist eine Einpassung erforderlich, die von einer kompetenten \/ qualifizierten Person durchgef\u00fchrt werden sollte. Dieser Bottom Metal ist f\u00fcr Modelle mit &#8222;Top Bolt Release&#8220; geeignet.<\/p>\n<p>Unsere Bottom-Metal-Merkmale:<\/p>\n<p>Gefertigt aus AL6061 T6 Strukturlegierung \u2013 f\u00fcr St\u00e4rke<br \/>\nMattschwarze Eloxalbeschichtung \u2013 f\u00fcr Haltbarkeit<br \/>\nLeichte Konstruktion \u2013 132 Gramm<br \/>\nVerleiht Ihrem Setup ein taktisches Aussehen<br \/>\nVerf\u00fcgt \u00fcber die Option eines langen Hebels f\u00fcr schnelle Magazinentriegelung (beliebt beim Schie\u00dfen auf Ziele)<br \/>\nNutzt AICS-Muster-Kurzaktion-Magazine<br \/>\nErm\u00f6glicht die Verwendung zuverl\u00e4ssigerer Magazine<br \/>\nBessere Rundenkapazit\u00e4t<\/p>\n","protected":false},"featured_media":10968,"template":"","meta":[],"product_brand":[],"product_cat":[626,253,421],"product_tag":[],"class_list":{"0":"post-10976","1":"product","2":"type-product","3":"status-publish","4":"has-post-thumbnail","6":"product_cat-dbms-bottom-metals-de","7":"product_cat-waffenzubehoer","8":"product_cat-langwaffen","10":"first","11":"onbackorder","12":"shipping-taxable","13":"purchasable","14":"product-type-simple"},"_links":{"self":[{"href":"https:\/\/bullet24.pro\/de\/wp-json\/wp\/v2\/product\/10976","targetHints":{"allow":["GET"]}}],"collection":[{"href":"https:\/\/bullet24.pro\/de\/wp-json\/wp\/v2\/product"}],"about":[{"href":"https:\/\/bullet24.pro\/de\/wp-json\/wp\/v2\/types\/product"}],"wp:featuredmedia":[{"embeddable":true,"href":"https:\/\/bullet24.pro\/de\/wp-json\/wp\/v2\/media\/10968"}],"wp:attachment":[{"href":"https:\/\/bullet24.pro\/de\/wp-json\/wp\/v2\/media?parent=10976"}],"wp:term":[{"taxonomy":"product_brand","embeddable":true,"href":"https:\/\/bullet24.pro\/de\/wp-json\/wp\/v2\/product_brand?post=10976"},{"taxonomy":"product_cat","embeddable":true,"href":"https:\/\/bullet24.pro\/de\/wp-json\/wp\/v2\/product_cat?post=10976"},{"taxonomy":"product_tag","embeddable":true,"href":"https:\/\/bullet24.pro\/de\/wp-json\/wp\/v2\/product_tag?post=10976"}],"curies":[{"name":"wp","href":"https:\/\/api.w.org\/{rel}","templated":true}]}}