{"id":10991,"date":"2024-06-08T16:10:36","date_gmt":"2024-06-08T16:10:36","guid":{"rendered":"https:\/\/bullet24.pro\/?post_type=product&#038;p=10991"},"modified":"2024-06-08T16:12:01","modified_gmt":"2024-06-08T16:12:01","slug":"atlasworxs-bottom-metal-dbm-aics-tikka-t3-t3x-ctr-compact-tactical-rifle","status":"publish","type":"product","link":"https:\/\/bullet24.pro\/de\/product\/atlasworxs-bottom-metal-dbm-aics-tikka-t3-t3x-ctr-compact-tactical-rifle\/","title":{"rendered":"Atlasworxs Bottom Metal \/ DBM (AICS) \u2013 Tikka T3 \/ T3X CTR (Compact Tactical Rifle)"},"content":{"rendered":"","protected":false},"excerpt":{"rendered":"<p>Das Atlasworxs Bottom Metal f\u00fcr Tikka T3 \/ T3X CTR Short Action ist aus einer leichten Konstruktion gefertigt, die eine legierte Strukturlegierung (AL6061 T6) verwendet und mit einer strapazierf\u00e4higen, mattschwarzen Eloxalbeschichtung versehen ist. Dieser Bottom Metal wird mit zwei Arten von Hebeln geliefert, um Ihnen mehr Optionen zu geben, und wurde in unser Produktsortiment aufgenommen, um dem Endbenutzer eine Alternative zur Verwendung der &#8222;schwer zu beschaffenden und teuren&#8220; Original-CTR-Magazine zu bieten. Atlasworxs Bottom Metals (AICS) sind darauf ausgelegt, die zuverl\u00e4ssigsten herausnehmbaren Kastenmagazine zu nutzen, die heute in Repetierb\u00fcchsen \u00fcblich sind, n\u00e4mlich das Accuracy International AICS-Magazin. Die Vorteile der Verwendung der \u00fcberlegenen AICS-Magazine liegen in ihrer Zuverl\u00e4ssigkeit und ihrer Verf\u00fcgbarkeit in 5- oder 10-Schuss-Kapazit\u00e4t. Das AICS-Muster wird auch f\u00fcr andere Magazinhersteller wie Accurate Mag und MDT zu einem Standard, was die AICS-Muster-Magazine leichter verf\u00fcgbar und kosteneffektiver macht. Es ist keine Einpassung erforderlich, wenn dieses Element in einem vorhandenen Schaft mit einem CTR-Einschnitt verwendet wird. (Aufgrund geringf\u00fcgiger Unterschiede zwischen Magazinen und Einschnitttiefen kann eine geringf\u00fcgige Anpassung der DBM-Hebelh\u00f6he erforderlich sein, indem einfach eine kleine Menge von der H\u00f6he des Hebels abgenommen wird).<\/p>\n<p>Unsere Bottom-Metal-Merkmale:<\/p>\n<p>Hergestellt aus AL6061 T6 Strukturlegierung \u2013 f\u00fcr St\u00e4rke<br \/>\nMattschwarze Eloxalbeschichtung \u2013 f\u00fcr Haltbarkeit<br \/>\nLeichte Konstruktion \u2013 127 Gramm<br \/>\nVerleiht Ihrem Setup ein taktisches Aussehen<br \/>\nVerf\u00fcgt \u00fcber die Option eines langen Hebels f\u00fcr schnelle Magazinentriegelung (beliebt beim Schie\u00dfen auf Ziele)<br \/>\nHat den &#8222;verborgenen Hebel&#8220; installiert, der unbeabsichtigte Aktivierungen reduziert<br \/>\nEinfacher Einbau in vorhandene CTR-Einschnitte<br \/>\nNutzt AICS-Muster-Kurzaktion-Magazine<br \/>\nErm\u00f6glicht die Verwendung zuverl\u00e4ssigerer Magazine<br \/>\nBessere Rundenkapazit\u00e4t<\/p>\n","protected":false},"featured_media":10980,"template":"","meta":[],"product_brand":[],"product_cat":[626,253,421],"product_tag":[],"class_list":{"0":"post-10991","1":"product","2":"type-product","3":"status-publish","4":"has-post-thumbnail","6":"product_cat-dbms-bottom-metals-de","7":"product_cat-waffenzubehoer","8":"product_cat-langwaffen","10":"first","11":"onbackorder","12":"shipping-taxable","13":"purchasable","14":"product-type-simple"},"_links":{"self":[{"href":"https:\/\/bullet24.pro\/de\/wp-json\/wp\/v2\/product\/10991","targetHints":{"allow":["GET"]}}],"collection":[{"href":"https:\/\/bullet24.pro\/de\/wp-json\/wp\/v2\/product"}],"about":[{"href":"https:\/\/bullet24.pro\/de\/wp-json\/wp\/v2\/types\/product"}],"wp:featuredmedia":[{"embeddable":true,"href":"https:\/\/bullet24.pro\/de\/wp-json\/wp\/v2\/media\/10980"}],"wp:attachment":[{"href":"https:\/\/bullet24.pro\/de\/wp-json\/wp\/v2\/media?parent=10991"}],"wp:term":[{"taxonomy":"product_brand","embeddable":true,"href":"https:\/\/bullet24.pro\/de\/wp-json\/wp\/v2\/product_brand?post=10991"},{"taxonomy":"product_cat","embeddable":true,"href":"https:\/\/bullet24.pro\/de\/wp-json\/wp\/v2\/product_cat?post=10991"},{"taxonomy":"product_tag","embeddable":true,"href":"https:\/\/bullet24.pro\/de\/wp-json\/wp\/v2\/product_tag?post=10991"}],"curies":[{"name":"wp","href":"https:\/\/api.w.org\/{rel}","templated":true}]}}