{"id":11078,"date":"2024-06-08T16:49:05","date_gmt":"2024-06-08T16:49:05","guid":{"rendered":"https:\/\/bullet24.pro\/?post_type=product&#038;p=11078"},"modified":"2024-06-08T16:50:26","modified_gmt":"2024-06-08T16:50:26","slug":"atlasworxs-dbm-bottom-metal-aics-elite-series-remington-700-long-action-cip","status":"publish","type":"product","link":"https:\/\/bullet24.pro\/de\/product\/atlasworxs-dbm-bottom-metal-aics-elite-series-remington-700-long-action-cip\/","title":{"rendered":"Atlasworxs DBM \/ Bottom Metal (AICS) Elite Series \u2013 Remington 700 Long Action (CIP)"},"content":{"rendered":"","protected":false},"excerpt":{"rendered":"<p>Das Atlasworxs Bottom Metal f\u00fcr Remington 700 LA &#8222;Elite Series&#8220; ist aus einer leichten Konstruktion gefertigt, die eine legierte Strukturlegierung (AL6061 T6) verwendet und mit einer strapazierf\u00e4higen mattschwarzen Eloxalbeschichtung versehen ist. Es ist f\u00fcr die Verwendung mit AICS-Stil-Magazinen mit einer Au\u00dfenh\u00fcllenl\u00e4nge von 3,850\u2033 konzipiert. Die Elite-Serie erfordert aufgrund des gleichen Fu\u00dfabdrucks wie das Standard-BDL-Modell viel weniger Einpassungen, was bedeutet, dass nur minimale Einpassungen erforderlich sind.<\/p>\n<p>&#8222;Atlasworxs Bottom Metals (AICS) sind darauf ausgelegt, die zuverl\u00e4ssigsten herausnehmbaren Kastenmagazine zu nutzen, die heute in Repetierb\u00fcchsen \u00fcblich sind, n\u00e4mlich das Accuracy International AICS-Magazin. Die Vorteile der Verwendung der \u00fcberlegenen AICS-Magazine liegen in ihrer Zuverl\u00e4ssigkeit und ihrer Verf\u00fcgbarkeit in 5- oder 10-Schuss-Kapazit\u00e4t. Das AICS-Muster wird auch f\u00fcr andere Magazinhersteller wie Accurate Mag und MDT zu einem Standard, was die AICS-Muster-Magazine leichter verf\u00fcgbar und kosteneffektiver macht&#8220;.<\/p>\n<p>Eine minimale Einpassung ist erforderlich, die von einer kompetenten und qualifizierten Person durchgef\u00fchrt werden sollte.<\/p>\n<p>Unsere Bottom-Metal-Merkmale:<\/p>\n<p>Hergestellt aus AL6061 T6 Strukturlegierung \u2013 f\u00fcr St\u00e4rke<br \/>\nMattschwarze Eloxalbeschichtung \u2013 f\u00fcr Haltbarkeit<br \/>\nLeichte Konstruktion \u2013 127 Gramm<br \/>\nVerleiht Ihrem Setup ein taktisches Aussehen<br \/>\nVerf\u00fcgt \u00fcber die Option eines langen Hebels f\u00fcr schnelle Magazinentriegelung (beliebt beim Schie\u00dfen auf Ziele)<br \/>\nNutzt AICS-Muster-Langaktion-Magazine (3.850\u2033)<br \/>\nErm\u00f6glicht die Verwendung zuverl\u00e4ssigerer Magazine<br \/>\nBessere Rundenkapazit\u00e4t<\/p>\n","protected":false},"featured_media":11076,"template":"","meta":[],"product_brand":[],"product_cat":[626,253,421],"product_tag":[],"class_list":{"0":"post-11078","1":"product","2":"type-product","3":"status-publish","4":"has-post-thumbnail","6":"product_cat-dbms-bottom-metals-de","7":"product_cat-waffenzubehoer","8":"product_cat-langwaffen","10":"first","11":"onbackorder","12":"shipping-taxable","13":"purchasable","14":"product-type-simple"},"_links":{"self":[{"href":"https:\/\/bullet24.pro\/de\/wp-json\/wp\/v2\/product\/11078","targetHints":{"allow":["GET"]}}],"collection":[{"href":"https:\/\/bullet24.pro\/de\/wp-json\/wp\/v2\/product"}],"about":[{"href":"https:\/\/bullet24.pro\/de\/wp-json\/wp\/v2\/types\/product"}],"wp:featuredmedia":[{"embeddable":true,"href":"https:\/\/bullet24.pro\/de\/wp-json\/wp\/v2\/media\/11076"}],"wp:attachment":[{"href":"https:\/\/bullet24.pro\/de\/wp-json\/wp\/v2\/media?parent=11078"}],"wp:term":[{"taxonomy":"product_brand","embeddable":true,"href":"https:\/\/bullet24.pro\/de\/wp-json\/wp\/v2\/product_brand?post=11078"},{"taxonomy":"product_cat","embeddable":true,"href":"https:\/\/bullet24.pro\/de\/wp-json\/wp\/v2\/product_cat?post=11078"},{"taxonomy":"product_tag","embeddable":true,"href":"https:\/\/bullet24.pro\/de\/wp-json\/wp\/v2\/product_tag?post=11078"}],"curies":[{"name":"wp","href":"https:\/\/api.w.org\/{rel}","templated":true}]}}