{"id":11105,"date":"2024-06-08T16:59:36","date_gmt":"2024-06-08T16:59:36","guid":{"rendered":"https:\/\/bullet24.pro\/?post_type=product&#038;p=11105"},"modified":"2024-06-08T17:00:51","modified_gmt":"2024-06-08T17:00:51","slug":"atlasworxs-bottom-metal-dbm-aics-howa-1500-weatherby-vanguard-short-action","status":"publish","type":"product","link":"https:\/\/bullet24.pro\/de\/product\/atlasworxs-bottom-metal-dbm-aics-howa-1500-weatherby-vanguard-short-action\/","title":{"rendered":"Atlasworxs Bottom Metal \/ DBM (AICS) \u2013 Howa 1500\/Weatherby Vanguard Short Action"},"content":{"rendered":"","protected":false},"excerpt":{"rendered":"<p>Das Atlasworxs Bottom Metal f\u00fcr Howa 1500 \/ Weatherby Vanguard SA besteht aus einer leichten Konstruktion aus einer legierten Strukturlegierung (AL6061 T6) und ist mit einer strapazierf\u00e4higen mattschwarzen Eloxalbeschichtung versehen.<\/p>\n<p>&#8222;Atlasworxs Bottom Metals (AICS) sind darauf ausgelegt, die zuverl\u00e4ssigsten herausnehmbaren Kastenmagazine zu nutzen, die heute in Repetierb\u00fcchsen \u00fcblich sind, n\u00e4mlich das Accuracy International AICS-Magazin. Die Vorteile der Verwendung der \u00fcberlegenen AICS-Magazine liegen in ihrer Zuverl\u00e4ssigkeit und ihrer Verf\u00fcgbarkeit in 5- oder 10-Schuss-Kapazit\u00e4t. Das AICS-Muster wird auch f\u00fcr andere Magazinhersteller wie Accurate Mag und MDT zu einem Standard, was die AICS-Muster-Magazine leichter verf\u00fcgbar und kosteneffektiver macht&#8220;.<\/p>\n<p>Eine Einpassung ist erforderlich, die von einer kompetenten und qualifizierten Person durchgef\u00fchrt werden sollte.<\/p>\n<p>Unsere Bottom-Metal-Merkmale:<\/p>\n<p>Hergestellt aus AL6061 T6 Strukturlegierung \u2013 f\u00fcr St\u00e4rke<br \/>\nMattschwarze Eloxalbeschichtung \u2013 f\u00fcr Haltbarkeit<br \/>\nLeichte Konstruktion \u2013 127 Gramm<br \/>\nVerleiht Ihrem Setup ein taktisches Aussehen<br \/>\nNutzt AICS-Muster-Kurzaktions-Magazine<br \/>\nErm\u00f6glicht die Verwendung zuverl\u00e4ssigerer Magazine<br \/>\nBessere Rundenkapazit\u00e4t<\/p>\n","protected":false},"featured_media":11097,"template":"","meta":[],"product_brand":[],"product_cat":[626,253],"product_tag":[],"class_list":{"0":"post-11105","1":"product","2":"type-product","3":"status-publish","4":"has-post-thumbnail","6":"product_cat-dbms-bottom-metals-de","7":"product_cat-waffenzubehoer","9":"first","10":"onbackorder","11":"shipping-taxable","12":"purchasable","13":"product-type-simple"},"_links":{"self":[{"href":"https:\/\/bullet24.pro\/de\/wp-json\/wp\/v2\/product\/11105","targetHints":{"allow":["GET"]}}],"collection":[{"href":"https:\/\/bullet24.pro\/de\/wp-json\/wp\/v2\/product"}],"about":[{"href":"https:\/\/bullet24.pro\/de\/wp-json\/wp\/v2\/types\/product"}],"wp:featuredmedia":[{"embeddable":true,"href":"https:\/\/bullet24.pro\/de\/wp-json\/wp\/v2\/media\/11097"}],"wp:attachment":[{"href":"https:\/\/bullet24.pro\/de\/wp-json\/wp\/v2\/media?parent=11105"}],"wp:term":[{"taxonomy":"product_brand","embeddable":true,"href":"https:\/\/bullet24.pro\/de\/wp-json\/wp\/v2\/product_brand?post=11105"},{"taxonomy":"product_cat","embeddable":true,"href":"https:\/\/bullet24.pro\/de\/wp-json\/wp\/v2\/product_cat?post=11105"},{"taxonomy":"product_tag","embeddable":true,"href":"https:\/\/bullet24.pro\/de\/wp-json\/wp\/v2\/product_tag?post=11105"}],"curies":[{"name":"wp","href":"https:\/\/api.w.org\/{rel}","templated":true}]}}