{"id":11111,"date":"2024-06-08T17:05:48","date_gmt":"2024-06-08T17:05:48","guid":{"rendered":"https:\/\/bullet24.pro\/?post_type=product&#038;p=11111"},"modified":"2024-06-08T17:07:02","modified_gmt":"2024-06-08T17:07:02","slug":"atlasworxs-dbm-bottom-metal-alloy-lever","status":"publish","type":"product","link":"https:\/\/bullet24.pro\/de\/product\/atlasworxs-dbm-bottom-metal-alloy-lever\/","title":{"rendered":"Atlasworxs DBM \/ Bottom Metal Alloy Lever"},"content":{"rendered":"","protected":false},"excerpt":{"rendered":"<p>Hebel f\u00fcr Bottom-Metall auf die l\u00e4ngste L\u00e4nge gefertigt.<br \/>\nDieses Ersatzhebel-Kit enth\u00e4lt:<\/p>\n<p>1 x Hebel aus AL6061 T6 f\u00fcr Festigkeit und eloxiert in mattem Schwarz<br \/>\n1 x Edelstahlstift<br \/>\n1 x Feder<\/p>\n<p>Passt f\u00fcr unsere Remington, Tikka T3 und Howa 1500 DBM&#8217;s.<\/p>\n","protected":false},"featured_media":11109,"template":"","meta":[],"product_brand":[],"product_cat":[629,253,421],"product_tag":[],"class_list":{"0":"post-11111","1":"product","2":"type-product","3":"status-publish","4":"has-post-thumbnail","6":"product_cat-buechsenmacherei-zubehoer-ersatzteile","7":"product_cat-waffenzubehoer","8":"product_cat-langwaffen","10":"first","11":"onbackorder","12":"shipping-taxable","13":"purchasable","14":"product-type-simple"},"_links":{"self":[{"href":"https:\/\/bullet24.pro\/de\/wp-json\/wp\/v2\/product\/11111","targetHints":{"allow":["GET"]}}],"collection":[{"href":"https:\/\/bullet24.pro\/de\/wp-json\/wp\/v2\/product"}],"about":[{"href":"https:\/\/bullet24.pro\/de\/wp-json\/wp\/v2\/types\/product"}],"wp:featuredmedia":[{"embeddable":true,"href":"https:\/\/bullet24.pro\/de\/wp-json\/wp\/v2\/media\/11109"}],"wp:attachment":[{"href":"https:\/\/bullet24.pro\/de\/wp-json\/wp\/v2\/media?parent=11111"}],"wp:term":[{"taxonomy":"product_brand","embeddable":true,"href":"https:\/\/bullet24.pro\/de\/wp-json\/wp\/v2\/product_brand?post=11111"},{"taxonomy":"product_cat","embeddable":true,"href":"https:\/\/bullet24.pro\/de\/wp-json\/wp\/v2\/product_cat?post=11111"},{"taxonomy":"product_tag","embeddable":true,"href":"https:\/\/bullet24.pro\/de\/wp-json\/wp\/v2\/product_tag?post=11111"}],"curies":[{"name":"wp","href":"https:\/\/api.w.org\/{rel}","templated":true}]}}