{"id":11150,"date":"2024-06-09T12:02:36","date_gmt":"2024-06-09T12:02:36","guid":{"rendered":"https:\/\/bullet24.pro\/?post_type=product&#038;p=11150"},"modified":"2024-06-09T12:03:57","modified_gmt":"2024-06-09T12:03:57","slug":"atlasworxs-adjustable-cheek-comb-riser","status":"publish","type":"product","link":"https:\/\/bullet24.pro\/de\/product\/atlasworxs-adjustable-cheek-comb-riser\/","title":{"rendered":"Atlasworxs \u2013 Adjustable Cheek \/ Comb Riser"},"content":{"rendered":"","protected":false},"excerpt":{"rendered":"<p>Eine wiederholbare, korrekte Wangenauflage ist entscheidend f\u00fcr konsistentes Schie\u00dfen auf gro\u00dfe Entfernungen. Wenn es Ihnen schwerf\u00e4llt, Ihren nat\u00fcrlichen Anvisierungspunkt zu finden, verringert sich die Konsistenz, was wiederum zu inkonsistenten Ergebnissen f\u00fchren kann.<\/p>\n<p>Der verstellbare Wangenkamm-Aufsatz von Atlasworxs erm\u00f6glicht es Ihnen, Ihre Wangenauflage anzupassen, um eine bessere Zielrichtung und eine korrekte Wangenauflage zu erreichen. Wie zu erwarten ist, erfordert die Installation dieses Produkts einige Anpassungen, jedoch ist dies ziemlich einfach. Nach der Installation k\u00f6nnen Sie die H\u00f6he der Wangenauflage vertikal um bis zu 20 mm verstellen, indem Sie einfach eine Schraube verwenden.<\/p>\n<p>Hier sind die Merkmale des Wangenkamm-Aufsatzes:<\/p>\n<p>CNC-gefr\u00e4st aus AL6061 T6 \/ Edelstahl<br \/>\nWird mit einem Inbusschl\u00fcssel f\u00fcr die Befestigung geliefert<br \/>\nEinfach zu montieren f\u00fcr B\u00fcchsenmacher oder kompetente Personen mit handwerklichen F\u00e4higkeiten<br \/>\nH\u00f6henverstellung &#8211; 20 mm<br \/>\nAbstand der Befestigungsl\u00f6cher &#8211; 60 mm<br \/>\nGesamtl\u00e4nge 75 mm x Breite 15 mm<br \/>\nGewicht &#8211; 90 Gramm<\/p>\n","protected":false},"featured_media":11139,"template":"","meta":[],"product_brand":[],"product_cat":[629,253,421],"product_tag":[],"class_list":{"0":"post-11150","1":"product","2":"type-product","3":"status-publish","4":"has-post-thumbnail","6":"product_cat-buechsenmacherei-zubehoer-ersatzteile","7":"product_cat-waffenzubehoer","8":"product_cat-langwaffen","10":"first","11":"onbackorder","12":"shipping-taxable","13":"purchasable","14":"product-type-simple"},"_links":{"self":[{"href":"https:\/\/bullet24.pro\/de\/wp-json\/wp\/v2\/product\/11150","targetHints":{"allow":["GET"]}}],"collection":[{"href":"https:\/\/bullet24.pro\/de\/wp-json\/wp\/v2\/product"}],"about":[{"href":"https:\/\/bullet24.pro\/de\/wp-json\/wp\/v2\/types\/product"}],"wp:featuredmedia":[{"embeddable":true,"href":"https:\/\/bullet24.pro\/de\/wp-json\/wp\/v2\/media\/11139"}],"wp:attachment":[{"href":"https:\/\/bullet24.pro\/de\/wp-json\/wp\/v2\/media?parent=11150"}],"wp:term":[{"taxonomy":"product_brand","embeddable":true,"href":"https:\/\/bullet24.pro\/de\/wp-json\/wp\/v2\/product_brand?post=11150"},{"taxonomy":"product_cat","embeddable":true,"href":"https:\/\/bullet24.pro\/de\/wp-json\/wp\/v2\/product_cat?post=11150"},{"taxonomy":"product_tag","embeddable":true,"href":"https:\/\/bullet24.pro\/de\/wp-json\/wp\/v2\/product_tag?post=11150"}],"curies":[{"name":"wp","href":"https:\/\/api.w.org\/{rel}","templated":true}]}}