{"id":11156,"date":"2024-06-09T12:07:42","date_gmt":"2024-06-09T12:07:42","guid":{"rendered":"https:\/\/bullet24.pro\/?post_type=product&#038;p=11156"},"modified":"2024-06-09T12:08:48","modified_gmt":"2024-06-09T12:08:48","slug":"atlasworxs-remington-700-bedding-pillars","status":"publish","type":"product","link":"https:\/\/bullet24.pro\/de\/product\/atlasworxs-remington-700-bedding-pillars\/","title":{"rendered":"Atlasworxs \u2013 Remington 700 Bedding Pillars"},"content":{"rendered":"","protected":false},"excerpt":{"rendered":"<p>Diese Bettungss\u00e4ulen bestehen aus Aluminium AL6061 T6.<br \/>\nZum Set geh\u00f6ren zwei S\u00e4ulen mit einem Au\u00dfendurchmesser von 15,56 mm und einem Innendurchmesser von 6,5 mm, um Remington 700 Konfigurationen anzupassen.<\/p>\n<p>Diese sind f\u00fcr eine Standard-BDL-Konfiguration geeignet. Wenn Sie sie zusammen mit unseren Atlasworxs Remington 700 (nicht Elite-Serie) DBM&#8217;s verwenden m\u00f6chten, m\u00fcssen Sie die L\u00e4ngen anpassen.<\/p>\n<p>1 x 35,05 mm (1,380\u2033) lang<br \/>\n1 x 32,58 mm (1,283\u2033) lang<\/p>\n","protected":false},"featured_media":11154,"template":"","meta":[],"product_brand":[],"product_cat":[629,253,421],"product_tag":[],"class_list":{"0":"post-11156","1":"product","2":"type-product","3":"status-publish","4":"has-post-thumbnail","6":"product_cat-buechsenmacherei-zubehoer-ersatzteile","7":"product_cat-waffenzubehoer","8":"product_cat-langwaffen","10":"first","11":"instock","12":"shipping-taxable","13":"purchasable","14":"product-type-simple"},"_links":{"self":[{"href":"https:\/\/bullet24.pro\/de\/wp-json\/wp\/v2\/product\/11156","targetHints":{"allow":["GET"]}}],"collection":[{"href":"https:\/\/bullet24.pro\/de\/wp-json\/wp\/v2\/product"}],"about":[{"href":"https:\/\/bullet24.pro\/de\/wp-json\/wp\/v2\/types\/product"}],"wp:featuredmedia":[{"embeddable":true,"href":"https:\/\/bullet24.pro\/de\/wp-json\/wp\/v2\/media\/11154"}],"wp:attachment":[{"href":"https:\/\/bullet24.pro\/de\/wp-json\/wp\/v2\/media?parent=11156"}],"wp:term":[{"taxonomy":"product_brand","embeddable":true,"href":"https:\/\/bullet24.pro\/de\/wp-json\/wp\/v2\/product_brand?post=11156"},{"taxonomy":"product_cat","embeddable":true,"href":"https:\/\/bullet24.pro\/de\/wp-json\/wp\/v2\/product_cat?post=11156"},{"taxonomy":"product_tag","embeddable":true,"href":"https:\/\/bullet24.pro\/de\/wp-json\/wp\/v2\/product_tag?post=11156"}],"curies":[{"name":"wp","href":"https:\/\/api.w.org\/{rel}","templated":true}]}}