{"id":11186,"date":"2024-06-09T12:31:10","date_gmt":"2024-06-09T12:31:10","guid":{"rendered":"https:\/\/bullet24.pro\/?post_type=product&#038;p=11186"},"modified":"2024-06-19T06:21:37","modified_gmt":"2024-06-19T06:21:37","slug":"atlasworxs-tikka-t3-t3x-enhancement-kit","status":"publish","type":"product","link":"https:\/\/bullet24.pro\/de\/product\/atlasworxs-tikka-t3-t3x-enhancement-kit\/","title":{"rendered":"Atlasworxs \u2013 Tikka T3 \/ T3X Enhancement Kit"},"content":{"rendered":"","protected":false},"excerpt":{"rendered":"<p>Das Atlasworxs Tikka T3 \/ T3X Enhancement Kit maximiert die Genauigkeit und Konsistenz Ihres Tikka T3 \/ T3X Gewehrs. Es hilft auch, Verschlei\u00df und Sch\u00e4den zu reduzieren.<\/p>\n<p>R\u00fccksto\u00dfb\u00fcgel:<\/p>\n<p>Grad 5 Titan &#8211; extrem hohe Festigkeit im Verh\u00e4ltnis zum Gewicht<br \/>\nHervorragende Korrosionsbest\u00e4ndigkeit<br \/>\nPr\u00e4zise CNC-bearbeitet f\u00fcr ultimative Planheit<br \/>\nEtwas straffere Passung als der werkseitige B\u00fcgel, um Bewegungen zu verhindern<br \/>\n\u00dcberlegene Oberfl\u00e4che<br \/>\nAktionschrauben:<\/p>\n<p>304 Edelstahlschrauben (Silberfarbe)<br \/>\nSechskantschrauben (Kappen)<br \/>\nSchrauben passen auch zur werkseitigen Schutzvorrichtung f\u00fcr Tikka T3 \/ T3X und zur Atlasworxs Legierungsschutzvorrichtung f\u00fcr Tikka T3 \/ T3X<br \/>\nFlache K\u00f6pfe f\u00fcr bessere Sitzfl\u00e4che<br \/>\nWird mit einem 4 mm Sechskantschl\u00fcssel geliefert<br \/>\nEinbettungss\u00e4ulen:<\/p>\n<p>Edelstahl der G\u00fcteklasse 304<br \/>\nGestrahlt und poliert<br \/>\nGew\u00e4hrleisten perfekten Abstand vorne und hinten<br \/>\nBeseitigt Auswirkungen auf das Laufgeh\u00e4use aufgrund von Schaftflexion<br \/>\nErh\u00f6ht die Genauigkeit<\/p>\n","protected":false},"featured_media":11184,"template":"","meta":[],"product_brand":[],"product_cat":[629,630,253,421],"product_tag":[],"class_list":{"0":"post-11186","1":"product","2":"type-product","3":"status-publish","4":"has-post-thumbnail","6":"product_cat-buechsenmacherei-zubehoer-ersatzteile","7":"product_cat-kits-bundles-de","8":"product_cat-waffenzubehoer","9":"product_cat-langwaffen","11":"first","12":"instock","13":"shipping-taxable","14":"purchasable","15":"product-type-simple"},"_links":{"self":[{"href":"https:\/\/bullet24.pro\/de\/wp-json\/wp\/v2\/product\/11186","targetHints":{"allow":["GET"]}}],"collection":[{"href":"https:\/\/bullet24.pro\/de\/wp-json\/wp\/v2\/product"}],"about":[{"href":"https:\/\/bullet24.pro\/de\/wp-json\/wp\/v2\/types\/product"}],"wp:featuredmedia":[{"embeddable":true,"href":"https:\/\/bullet24.pro\/de\/wp-json\/wp\/v2\/media\/11184"}],"wp:attachment":[{"href":"https:\/\/bullet24.pro\/de\/wp-json\/wp\/v2\/media?parent=11186"}],"wp:term":[{"taxonomy":"product_brand","embeddable":true,"href":"https:\/\/bullet24.pro\/de\/wp-json\/wp\/v2\/product_brand?post=11186"},{"taxonomy":"product_cat","embeddable":true,"href":"https:\/\/bullet24.pro\/de\/wp-json\/wp\/v2\/product_cat?post=11186"},{"taxonomy":"product_tag","embeddable":true,"href":"https:\/\/bullet24.pro\/de\/wp-json\/wp\/v2\/product_tag?post=11186"}],"curies":[{"name":"wp","href":"https:\/\/api.w.org\/{rel}","templated":true}]}}