{"id":11192,"date":"2024-06-09T12:36:46","date_gmt":"2024-06-09T12:36:46","guid":{"rendered":"https:\/\/bullet24.pro\/?post_type=product&#038;p=11192"},"modified":"2024-06-09T12:38:06","modified_gmt":"2024-06-09T12:38:06","slug":"atlasworxs-tikka-t3-t3x-long-action-bolt-stop-kit","status":"publish","type":"product","link":"https:\/\/bullet24.pro\/de\/product\/atlasworxs-tikka-t3-t3x-long-action-bolt-stop-kit\/","title":{"rendered":"Atlasworxs \u2013 Tikka T3\/T3X Long Action Bolt Stop Kit"},"content":{"rendered":"","protected":false},"excerpt":{"rendered":"<p>Dieser Artikel ist erforderlich, wenn Sie von Kurzaktion zu Langaktion beim Tikka T3\/T3X wechseln. Bei \u00e4lteren Modellen des Tikka T3 konnte der Verschlussstopp zur\u00fcckgefeilt werden, um ausreichenden Verschlussweg zum Aufnehmen der Patronen zu erm\u00f6glichen. Neuere Modelle haben jedoch einen ausgeh\u00f6hlten Abschnitt im Inneren der Verschlussstopper, der im Grunde jegliche \u00c4nderung verhindert.<br \/>\nBei der 223 oder 7mm-08 zum Beispiel wird die r\u00fcckw\u00e4rtige Bewegung des Verschlusses durch die Schulter des Verschlussstopps eingeschr\u00e4nkt, die etwa 10 mm vor dem Verschlussstopp der Langaktion liegt.<br \/>\nDieser Verschlussstopp f\u00fcr Langaktion bei T3 &amp; T3X ist aus 316 Edelstahl gefertigt und dann f\u00fcr die Oberfl\u00e4chenbeschaffenheit kugelgestrahlt.<\/p>\n<p>Im Lieferumfang enthalten:<br \/>\n1x Verschlussstopp f\u00fcr Langaktion aus 316 Edelstahl<br \/>\n1x Feder<br \/>\n1x Stift<\/p>\n","protected":false},"featured_media":11190,"template":"","meta":[],"product_brand":[],"product_cat":[629,253,421],"product_tag":[],"class_list":{"0":"post-11192","1":"product","2":"type-product","3":"status-publish","4":"has-post-thumbnail","6":"product_cat-buechsenmacherei-zubehoer-ersatzteile","7":"product_cat-waffenzubehoer","8":"product_cat-langwaffen","10":"first","11":"onbackorder","12":"shipping-taxable","13":"purchasable","14":"product-type-simple"},"_links":{"self":[{"href":"https:\/\/bullet24.pro\/de\/wp-json\/wp\/v2\/product\/11192","targetHints":{"allow":["GET"]}}],"collection":[{"href":"https:\/\/bullet24.pro\/de\/wp-json\/wp\/v2\/product"}],"about":[{"href":"https:\/\/bullet24.pro\/de\/wp-json\/wp\/v2\/types\/product"}],"wp:featuredmedia":[{"embeddable":true,"href":"https:\/\/bullet24.pro\/de\/wp-json\/wp\/v2\/media\/11190"}],"wp:attachment":[{"href":"https:\/\/bullet24.pro\/de\/wp-json\/wp\/v2\/media?parent=11192"}],"wp:term":[{"taxonomy":"product_brand","embeddable":true,"href":"https:\/\/bullet24.pro\/de\/wp-json\/wp\/v2\/product_brand?post=11192"},{"taxonomy":"product_cat","embeddable":true,"href":"https:\/\/bullet24.pro\/de\/wp-json\/wp\/v2\/product_cat?post=11192"},{"taxonomy":"product_tag","embeddable":true,"href":"https:\/\/bullet24.pro\/de\/wp-json\/wp\/v2\/product_tag?post=11192"}],"curies":[{"name":"wp","href":"https:\/\/api.w.org\/{rel}","templated":true}]}}