{"id":11216,"date":"2024-06-09T12:52:02","date_gmt":"2024-06-09T12:52:02","guid":{"rendered":"https:\/\/bullet24.pro\/?post_type=product&#038;p=11216"},"modified":"2024-06-09T12:53:16","modified_gmt":"2024-06-09T12:53:16","slug":"atlasworxs-shroud-tikka-t3-t3x-alloy-black","status":"publish","type":"product","link":"https:\/\/bullet24.pro\/de\/product\/atlasworxs-shroud-tikka-t3-t3x-alloy-black\/","title":{"rendered":"Atlasworxs \u2013 Shroud Tikka T3 \/ T3X Alloy (Black)"},"content":{"rendered":"","protected":false},"excerpt":{"rendered":"<p>Unsere Schutzkappen sind ein Ersatz f\u00fcr die billigen werksseitigen Kunststoffkappen, die standardm\u00e4\u00dfig geliefert werden. Im Laufe der Zeit verschlei\u00dft und bricht der Kunststoff. Die Atlasworxs Schutzkappen sind viel robuster und stilvoller.<br \/>\nDie Atlasworxs Legierungskappe besteht aus AL6061 T6 f\u00fcr Festigkeit und ist schwarz eloxiert. Sie wird mit einer internen Feder geliefert, um die Kappe fest unter Spannung zu halten, und ist ein leicht zu montierendes Element, das in wenigen Minuten erledigt werden kann.<br \/>\nDieser Artikel kann in Verbindung mit unseren anderen Verzierungsartikeln verwendet werden oder allein, um Ihrem Tikka T3 \/ T3X ein tolles Aussehen zu verleihen.<br \/>\nMaterial \u2013 AL6061 T6 Strukturaluminium<br \/>\nFinish \u2013 Eloxal matt schwarz f\u00fcr Langlebigkeit<br \/>\nMit Spannfeder geliefert<br \/>\nLeicht in wenigen Minuten zu montieren<br \/>\nViel robuster als die werksseitige Kunststoffkappe<\/p>\n","protected":false},"featured_media":11208,"template":"","meta":[],"product_brand":[],"product_cat":[628,253,421],"product_tag":[],"class_list":{"0":"post-11216","1":"product","2":"type-product","3":"status-publish","4":"has-post-thumbnail","6":"product_cat-bolt-handles-knob-and-shrouds-de","7":"product_cat-waffenzubehoer","8":"product_cat-langwaffen","10":"first","11":"onbackorder","12":"shipping-taxable","13":"purchasable","14":"product-type-simple"},"_links":{"self":[{"href":"https:\/\/bullet24.pro\/de\/wp-json\/wp\/v2\/product\/11216","targetHints":{"allow":["GET"]}}],"collection":[{"href":"https:\/\/bullet24.pro\/de\/wp-json\/wp\/v2\/product"}],"about":[{"href":"https:\/\/bullet24.pro\/de\/wp-json\/wp\/v2\/types\/product"}],"wp:featuredmedia":[{"embeddable":true,"href":"https:\/\/bullet24.pro\/de\/wp-json\/wp\/v2\/media\/11208"}],"wp:attachment":[{"href":"https:\/\/bullet24.pro\/de\/wp-json\/wp\/v2\/media?parent=11216"}],"wp:term":[{"taxonomy":"product_brand","embeddable":true,"href":"https:\/\/bullet24.pro\/de\/wp-json\/wp\/v2\/product_brand?post=11216"},{"taxonomy":"product_cat","embeddable":true,"href":"https:\/\/bullet24.pro\/de\/wp-json\/wp\/v2\/product_cat?post=11216"},{"taxonomy":"product_tag","embeddable":true,"href":"https:\/\/bullet24.pro\/de\/wp-json\/wp\/v2\/product_tag?post=11216"}],"curies":[{"name":"wp","href":"https:\/\/api.w.org\/{rel}","templated":true}]}}