{"id":11234,"date":"2024-06-09T13:13:55","date_gmt":"2024-06-09T13:13:55","guid":{"rendered":"https:\/\/bullet24.pro\/?post_type=product&#038;p=11234"},"modified":"2024-06-09T13:15:01","modified_gmt":"2024-06-09T13:15:01","slug":"atlasworxs-shroud-tikka-t3-t3x-alloy-silver","status":"publish","type":"product","link":"https:\/\/bullet24.pro\/de\/product\/atlasworxs-shroud-tikka-t3-t3x-alloy-silver\/","title":{"rendered":"Atlasworxs -Shroud Tikka T3 \/ T3X Alloy (Silver)"},"content":{"rendered":"","protected":false},"excerpt":{"rendered":"<p>Unsere Schutzkappen sind ein Ersatz f\u00fcr die billigen werkseitigen Kunststoffschutzkappen, die standardm\u00e4\u00dfig mitgeliefert werden. Im Laufe der Zeit verschlei\u00dft der Kunststoff und bricht zusammen. Die Schutzkappen von Atlasworxs sind deutlich robuster und stilvoller.<br \/>\nDie Atlasworxs Legierung-Schutzkappe besteht aus AL6061 T6 f\u00fcr Festigkeit und hat eine eloxierte silver Oberfl\u00e4che. Sie wird mit einer internen Feder geliefert, um die Schutzkappe fest unter Spannung zu halten, und ist ein leicht zu montierendes Element, das in wenigen Minuten erledigt werden kann.<br \/>\nDieser Artikel kann in Verbindung mit unseren anderen Verzierungsartikeln verwendet oder allein verwendet werden, um Ihrem Tikka T3 \/ T3X ein tolles Aussehen zu verleihen.<br \/>\nMaterial &#8211; AL6061 T6 Strukturaluminiumlegierung<br \/>\nFinish &#8211; Eloxat Silber f\u00fcr Haltbarkeit<br \/>\nKommt mit Spannfeder<br \/>\nLeicht in wenigen Minuten zu montieren<br \/>\nViel robuster als die werkseitige KunststoffSchutzkappe.<\/p>\n","protected":false},"featured_media":11232,"template":"","meta":[],"product_brand":[],"product_cat":[628,253,421],"product_tag":[],"class_list":{"0":"post-11234","1":"product","2":"type-product","3":"status-publish","4":"has-post-thumbnail","6":"product_cat-bolt-handles-knob-and-shrouds-de","7":"product_cat-waffenzubehoer","8":"product_cat-langwaffen","10":"first","11":"onbackorder","12":"shipping-taxable","13":"purchasable","14":"product-type-simple"},"_links":{"self":[{"href":"https:\/\/bullet24.pro\/de\/wp-json\/wp\/v2\/product\/11234","targetHints":{"allow":["GET"]}}],"collection":[{"href":"https:\/\/bullet24.pro\/de\/wp-json\/wp\/v2\/product"}],"about":[{"href":"https:\/\/bullet24.pro\/de\/wp-json\/wp\/v2\/types\/product"}],"wp:featuredmedia":[{"embeddable":true,"href":"https:\/\/bullet24.pro\/de\/wp-json\/wp\/v2\/media\/11232"}],"wp:attachment":[{"href":"https:\/\/bullet24.pro\/de\/wp-json\/wp\/v2\/media?parent=11234"}],"wp:term":[{"taxonomy":"product_brand","embeddable":true,"href":"https:\/\/bullet24.pro\/de\/wp-json\/wp\/v2\/product_brand?post=11234"},{"taxonomy":"product_cat","embeddable":true,"href":"https:\/\/bullet24.pro\/de\/wp-json\/wp\/v2\/product_cat?post=11234"},{"taxonomy":"product_tag","embeddable":true,"href":"https:\/\/bullet24.pro\/de\/wp-json\/wp\/v2\/product_tag?post=11234"}],"curies":[{"name":"wp","href":"https:\/\/api.w.org\/{rel}","templated":true}]}}