{"id":11249,"date":"2024-06-09T13:26:10","date_gmt":"2024-06-09T13:26:10","guid":{"rendered":"https:\/\/bullet24.pro\/?post_type=product&#038;p=11249"},"modified":"2024-06-09T13:27:09","modified_gmt":"2024-06-09T13:27:09","slug":"atlasworxs-bolt-knob-alloy-silver","status":"publish","type":"product","link":"https:\/\/bullet24.pro\/de\/product\/atlasworxs-bolt-knob-alloy-silver\/","title":{"rendered":"Atlasworxs Bolt Knob \u2013 Alloy Silver"},"content":{"rendered":"","protected":false},"excerpt":{"rendered":"<p>Sie werden verbesserte Ergonomie und Bolt-Zykluseigenschaften mit unseren \u00fcbergro\u00dfen Bolzenkn\u00f6pfen erleben. Alle unsere Bolzenkn\u00f6pfe sind mit einem Standardgewinde von 5\/16 UNF versehen, was es einfach macht, zwischen unseren Kn\u00f6pfen zu wechseln, um das perfekte Gef\u00fchl und Aussehen zu erzielen.<\/p>\n<p>Merkmale:<\/p>\n<p>Hergestellt aus AL6061 T6 Strukturaluminium<br \/>\nEloxiert in Silber<br \/>\nGlattes Finish<br \/>\nBietet eine hervorragende Ergonomie<br \/>\nVerbessertes Gef\u00fchl beim Bolt-Zyklus<br \/>\nLeicht zu greifen, auch mit Handschuhen<br \/>\nAbmessungen: L\u00e4nge &#8211; 43 mm, Gro\u00dfer Durchmesser &#8211; 23 mm, Kleiner Durchmesser &#8211; 11 mm<br \/>\nGewicht &#8211; 25 Gramm<\/p>\n","protected":false},"featured_media":11247,"template":"","meta":[],"product_brand":[],"product_cat":[628,253,421],"product_tag":[],"class_list":{"0":"post-11249","1":"product","2":"type-product","3":"status-publish","4":"has-post-thumbnail","6":"product_cat-bolt-handles-knob-and-shrouds-de","7":"product_cat-waffenzubehoer","8":"product_cat-langwaffen","10":"first","11":"onbackorder","12":"shipping-taxable","13":"purchasable","14":"product-type-simple"},"_links":{"self":[{"href":"https:\/\/bullet24.pro\/de\/wp-json\/wp\/v2\/product\/11249","targetHints":{"allow":["GET"]}}],"collection":[{"href":"https:\/\/bullet24.pro\/de\/wp-json\/wp\/v2\/product"}],"about":[{"href":"https:\/\/bullet24.pro\/de\/wp-json\/wp\/v2\/types\/product"}],"wp:featuredmedia":[{"embeddable":true,"href":"https:\/\/bullet24.pro\/de\/wp-json\/wp\/v2\/media\/11247"}],"wp:attachment":[{"href":"https:\/\/bullet24.pro\/de\/wp-json\/wp\/v2\/media?parent=11249"}],"wp:term":[{"taxonomy":"product_brand","embeddable":true,"href":"https:\/\/bullet24.pro\/de\/wp-json\/wp\/v2\/product_brand?post=11249"},{"taxonomy":"product_cat","embeddable":true,"href":"https:\/\/bullet24.pro\/de\/wp-json\/wp\/v2\/product_cat?post=11249"},{"taxonomy":"product_tag","embeddable":true,"href":"https:\/\/bullet24.pro\/de\/wp-json\/wp\/v2\/product_tag?post=11249"}],"curies":[{"name":"wp","href":"https:\/\/api.w.org\/{rel}","templated":true}]}}