{"id":11267,"date":"2024-06-09T13:45:58","date_gmt":"2024-06-09T13:45:58","guid":{"rendered":"https:\/\/bullet24.pro\/?post_type=product&#038;p=11267"},"modified":"2024-06-09T13:47:00","modified_gmt":"2024-06-09T13:47:00","slug":"atlasworxs-bolt-knob-alloy-knurled-silver","status":"publish","type":"product","link":"https:\/\/bullet24.pro\/de\/product\/atlasworxs-bolt-knob-alloy-knurled-silver\/","title":{"rendered":"Atlasworxs Bolt Knob \u2013 Alloy Knurled Silver"},"content":{"rendered":"","protected":false},"excerpt":{"rendered":"<p>Sie werden eine verbesserte Ergonomie und Eigenschaften des Bolt-Zyklus mit unseren \u00fcbergro\u00dfen Bolzenkn\u00f6pfen erleben. Alle unsere Bolzenkn\u00f6pfe kommen mit einem Standardgewinde von 5\/16 UNF, was es einfach macht, zwischen unseren Kn\u00f6pfen zu wechseln, um das perfekte Gef\u00fchl und Aussehen zu erzielen.<\/p>\n<p>Merkmale:<br \/>\nHergestellt aus AL6061 T6 Strukturaluminium<br \/>\nEloxierung in Silber<br \/>\nGer\u00e4ndelte Oberfl\u00e4che<br \/>\nBietet eine hervorragende Ergonomie<br \/>\nVerbessertes Gef\u00fchl beim Bolt-Zyklus<br \/>\nLeicht zu greifen, auch mit Handschuhen<br \/>\nAbmessungen: L\u00e4nge \u2013 43 mm, Gro\u00dfer Durchmesser \u2013 19 mm, Kleiner Durchmesser \u2013 11 mm<br \/>\nGewicht \u2013 25 Gramm<\/p>\n","protected":false},"featured_media":11265,"template":"","meta":[],"product_brand":[],"product_cat":[628,253,421],"product_tag":[],"class_list":{"0":"post-11267","1":"product","2":"type-product","3":"status-publish","4":"has-post-thumbnail","6":"product_cat-bolt-handles-knob-and-shrouds-de","7":"product_cat-waffenzubehoer","8":"product_cat-langwaffen","10":"first","11":"onbackorder","12":"shipping-taxable","13":"purchasable","14":"product-type-simple"},"_links":{"self":[{"href":"https:\/\/bullet24.pro\/de\/wp-json\/wp\/v2\/product\/11267","targetHints":{"allow":["GET"]}}],"collection":[{"href":"https:\/\/bullet24.pro\/de\/wp-json\/wp\/v2\/product"}],"about":[{"href":"https:\/\/bullet24.pro\/de\/wp-json\/wp\/v2\/types\/product"}],"wp:featuredmedia":[{"embeddable":true,"href":"https:\/\/bullet24.pro\/de\/wp-json\/wp\/v2\/media\/11265"}],"wp:attachment":[{"href":"https:\/\/bullet24.pro\/de\/wp-json\/wp\/v2\/media?parent=11267"}],"wp:term":[{"taxonomy":"product_brand","embeddable":true,"href":"https:\/\/bullet24.pro\/de\/wp-json\/wp\/v2\/product_brand?post=11267"},{"taxonomy":"product_cat","embeddable":true,"href":"https:\/\/bullet24.pro\/de\/wp-json\/wp\/v2\/product_cat?post=11267"},{"taxonomy":"product_tag","embeddable":true,"href":"https:\/\/bullet24.pro\/de\/wp-json\/wp\/v2\/product_tag?post=11267"}],"curies":[{"name":"wp","href":"https:\/\/api.w.org\/{rel}","templated":true}]}}