{"id":11336,"date":"2024-06-09T14:37:08","date_gmt":"2024-06-09T14:37:08","guid":{"rendered":"https:\/\/bullet24.pro\/?post_type=product&#038;p=11336"},"modified":"2024-06-09T14:38:35","modified_gmt":"2024-06-09T14:38:35","slug":"atlasworxs-tikka-t3-t3x-dress-up-kit-smooth-silver","status":"publish","type":"product","link":"https:\/\/bullet24.pro\/de\/product\/atlasworxs-tikka-t3-t3x-dress-up-kit-smooth-silver\/","title":{"rendered":"Atlasworxs \u2013 Tikka T3\/T3X Dress Up Kit \u2013 Smooth \/ Silver"},"content":{"rendered":"","protected":false},"excerpt":{"rendered":"<p>Dieses Bolt-Griff- und Schutzkappe-Kit passt auf alle Tikka T3\/T3X-Modelle, egal ob Links- oder Rechtsh\u00e4nder.<br \/>\nAtlasworxs-Bolt-Griffe sind so konzipiert, dass sie Funktion, Haptik und Aussehen optimieren. Die Bolt-Griffe sind etwas l\u00e4nger und gr\u00f6\u00dfer als der OEM-Griff, was eine bessere Ergonomie erm\u00f6glicht &#8211; Sie werden den Unterschied sofort sp\u00fcren! Der Edelstahlbolzen hat ein Gewinde von 5\/16-24, auf das der Knopf geschraubt wird. Dadurch ist es m\u00f6glich, zwischen unseren verschiedenen Bolt-Kn\u00f6pfen zu wechseln, wenn Sie eine \u00c4nderung w\u00fcnschen. Das Kit enth\u00e4lt auch eine Legierungsverkleidung, die die werksseitige Kunststoffschutzkappe ersetzt, die im Laufe der Zeit br\u00fcchig wird und rei\u00dft.<\/p>\n<p>Hergestellt aus AL6061 T6 Strukturaluminium<br \/>\nEloxierter Aluminium-Finish<br \/>\nGro\u00dfartige Ergonomie<br \/>\nEinfach zu bedienen, auch mit Handschuhen<br \/>\nErzielen Sie das taktische Aussehen<br \/>\nGewicht 65 Gramm<br \/>\nEinfach zu montieren<br \/>\nBeidh\u00e4ndig<br \/>\nDer Griff sieht nicht nur gro\u00dfartig aus, sondern bietet auch hervorragende Ergonomie und ein besseres Gef\u00fchl insgesamt, auch mit Handschuhen. Alle unsere Kn\u00f6pfe laufen konisch zu, um den Edelstahlbolzenknopf anzupassen, und verleihen ihm ein durchgehendes stromlinienf\u00f6rmiges Aussehen.<\/p>\n<p><em>Bitte beachten Sie: Alle unsere Teile sind pr\u00e4zisionsgefertigt und weisen enge Toleranzen auf. Es kann jedoch vorkommen, dass unser Knopfbolzen fest sitzt, was auf die breitere Toleranz bei Originalteilen zur\u00fcckzuf\u00fchren ist, die bei der Massenproduktion \u00fcblich ist. Aus diesem Grund kann eine leichte Anpassung erforderlich sein, jedoch haben die meisten Menschen keine Probleme damit.<\/em><\/p>\n","protected":false},"featured_media":11328,"template":"","meta":[],"product_brand":[],"product_cat":[630,253,421],"product_tag":[],"class_list":{"0":"post-11336","1":"product","2":"type-product","3":"status-publish","4":"has-post-thumbnail","6":"product_cat-kits-bundles-de","7":"product_cat-waffenzubehoer","8":"product_cat-langwaffen","10":"first","11":"onbackorder","12":"shipping-taxable","13":"purchasable","14":"product-type-simple"},"_links":{"self":[{"href":"https:\/\/bullet24.pro\/de\/wp-json\/wp\/v2\/product\/11336","targetHints":{"allow":["GET"]}}],"collection":[{"href":"https:\/\/bullet24.pro\/de\/wp-json\/wp\/v2\/product"}],"about":[{"href":"https:\/\/bullet24.pro\/de\/wp-json\/wp\/v2\/types\/product"}],"wp:featuredmedia":[{"embeddable":true,"href":"https:\/\/bullet24.pro\/de\/wp-json\/wp\/v2\/media\/11328"}],"wp:attachment":[{"href":"https:\/\/bullet24.pro\/de\/wp-json\/wp\/v2\/media?parent=11336"}],"wp:term":[{"taxonomy":"product_brand","embeddable":true,"href":"https:\/\/bullet24.pro\/de\/wp-json\/wp\/v2\/product_brand?post=11336"},{"taxonomy":"product_cat","embeddable":true,"href":"https:\/\/bullet24.pro\/de\/wp-json\/wp\/v2\/product_cat?post=11336"},{"taxonomy":"product_tag","embeddable":true,"href":"https:\/\/bullet24.pro\/de\/wp-json\/wp\/v2\/product_tag?post=11336"}],"curies":[{"name":"wp","href":"https:\/\/api.w.org\/{rel}","templated":true}]}}