{"id":11357,"date":"2024-06-09T14:48:43","date_gmt":"2024-06-09T14:48:43","guid":{"rendered":"https:\/\/bullet24.pro\/?post_type=product&#038;p=11357"},"modified":"2024-06-09T14:50:05","modified_gmt":"2024-06-09T14:50:05","slug":"atlasworxs-tikka-t3-t3x-dress-up-kits-knurled-black","status":"publish","type":"product","link":"https:\/\/bullet24.pro\/de\/product\/atlasworxs-tikka-t3-t3x-dress-up-kits-knurled-black\/","title":{"rendered":"Atlasworxs \u2013 Tikka T3\/T3X Dress Up Kits \u2013 Knurled \/ Black"},"content":{"rendered":"","protected":false},"excerpt":{"rendered":"<p>Das Kit enth\u00e4lt auch eine Legierungsschutzhaube, die entwickelt wurde, um die werkseitige Kunststoffhaube zu ersetzen, die im Laufe der Zeit rei\u00dfen und spr\u00f6de werden wird.<\/p>\n<p>Die Atlasworxs Tikka T3 Dress Up Kits sind einer unserer meistverkauften Artikel.<\/p>\n<p>Hergestellt aus AL6061 T6 Strukturaluminium \/ Marine-Edelstahl<br \/>\nEloxierter Aluminium-Finish<br \/>\nGro\u00dfe Ergonomie<br \/>\nEinfach zu bedienen, auch mit Handschuhen<br \/>\nErhalten Sie den taktischen Look<br \/>\nGewicht 65 Gramm<br \/>\nEinfach zu montieren<br \/>\nBeidh\u00e4ndig bedienbar<br \/>\nW\u00e4hrend er gro\u00dfartig aussieht, bietet der Griff eine hervorragende Ergonomie und ein besseres Gef\u00fchl insgesamt, selbst mit Handschuhen. Alle unsere Kn\u00f6pfe laufen spitz zu, um zum Edelstahl-Schraubenknopf zu passen, was ihm ein durchgehendes, str\u00f6mungsg\u00fcnstiges Aussehen verleiht.<\/p>\n","protected":false},"featured_media":11352,"template":"","meta":[],"product_brand":[],"product_cat":[630,253,421],"product_tag":[],"class_list":{"0":"post-11357","1":"product","2":"type-product","3":"status-publish","4":"has-post-thumbnail","6":"product_cat-kits-bundles-de","7":"product_cat-waffenzubehoer","8":"product_cat-langwaffen","10":"first","11":"onbackorder","12":"shipping-taxable","13":"purchasable","14":"product-type-simple"},"_links":{"self":[{"href":"https:\/\/bullet24.pro\/de\/wp-json\/wp\/v2\/product\/11357","targetHints":{"allow":["GET"]}}],"collection":[{"href":"https:\/\/bullet24.pro\/de\/wp-json\/wp\/v2\/product"}],"about":[{"href":"https:\/\/bullet24.pro\/de\/wp-json\/wp\/v2\/types\/product"}],"wp:featuredmedia":[{"embeddable":true,"href":"https:\/\/bullet24.pro\/de\/wp-json\/wp\/v2\/media\/11352"}],"wp:attachment":[{"href":"https:\/\/bullet24.pro\/de\/wp-json\/wp\/v2\/media?parent=11357"}],"wp:term":[{"taxonomy":"product_brand","embeddable":true,"href":"https:\/\/bullet24.pro\/de\/wp-json\/wp\/v2\/product_brand?post=11357"},{"taxonomy":"product_cat","embeddable":true,"href":"https:\/\/bullet24.pro\/de\/wp-json\/wp\/v2\/product_cat?post=11357"},{"taxonomy":"product_tag","embeddable":true,"href":"https:\/\/bullet24.pro\/de\/wp-json\/wp\/v2\/product_tag?post=11357"}],"curies":[{"name":"wp","href":"https:\/\/api.w.org\/{rel}","templated":true}]}}