{"id":11372,"date":"2024-06-09T14:57:53","date_gmt":"2024-06-09T14:57:53","guid":{"rendered":"https:\/\/bullet24.pro\/?post_type=product&#038;p=11372"},"modified":"2024-06-09T14:59:14","modified_gmt":"2024-06-09T14:59:14","slug":"atlasworxs-tikka-t3-t3x-knob-bolt-handle-black","status":"publish","type":"product","link":"https:\/\/bullet24.pro\/de\/product\/atlasworxs-tikka-t3-t3x-knob-bolt-handle-black\/","title":{"rendered":"Atlasworxs \u2013 Tikka T3 \/ T3X Knob Bolt Handle (Black)"},"content":{"rendered":"","protected":false},"excerpt":{"rendered":"<p>Dieser Bolt-Griff passt zu allen Tikka T3 \/ T3X-Modellen, egal ob Links- oder Rechtsh\u00e4nder.<br \/>\nDie Bolt-Griffe von Atlasworxs sind darauf ausgelegt, Funktion, Haptik und Aussehen zu optimieren.<br \/>\nDie Bolt-Griffe sind etwas l\u00e4nger und gr\u00f6\u00dfer als der OEM-Griff, was eine bessere Ergonomie erm\u00f6glicht &#8211; Sie werden den Unterschied sofort sp\u00fcren!<br \/>\nDer Edelstahlbolzen hat ein Gewinde von 5\/16-24, auf das der Knopf geschraubt wird. Dies erm\u00f6glicht den Wechsel zwischen unseren verschiedenen Bolt-Kn\u00f6pfen, wenn Sie eine \u00c4nderung w\u00fcnschen.<\/p>\n<p>Hergestellt aus AL6061 T6 Strukturaluminium \/ Marine-Edelstahl<br \/>\nEloxal-Finish<br \/>\nGro\u00dfartige Ergonomie<br \/>\nEinfach zu bedienen, auch mit Handschuhen<br \/>\nErzielen Sie das taktische Aussehen<br \/>\nGewicht 57 Gramm<br \/>\nEinfach zu montieren<br \/>\nBeidh\u00e4ndig<\/p>\n<p><em>Bitte beachten Sie: Alle unsere Teile sind pr\u00e4zisionsgefertigt und weisen enge Toleranzen auf. Es kann jedoch vorkommen, dass unser Knopfbolzen fest sitzt, was auf die breitere Toleranz bei Originalteilen zur\u00fcckzuf\u00fchren ist, die bei der Massenproduktion \u00fcblich ist. Aus diesem Grund kann eine leichte Anpassung erforderlich sein, jedoch haben die meisten Menschen keine<\/em><\/p>\n","protected":false},"featured_media":11370,"template":"","meta":[],"product_brand":[],"product_cat":[628,253,421],"product_tag":[],"class_list":{"0":"post-11372","1":"product","2":"type-product","3":"status-publish","4":"has-post-thumbnail","6":"product_cat-bolt-handles-knob-and-shrouds-de","7":"product_cat-waffenzubehoer","8":"product_cat-langwaffen","10":"first","11":"onbackorder","12":"shipping-taxable","13":"purchasable","14":"product-type-simple"},"_links":{"self":[{"href":"https:\/\/bullet24.pro\/de\/wp-json\/wp\/v2\/product\/11372","targetHints":{"allow":["GET"]}}],"collection":[{"href":"https:\/\/bullet24.pro\/de\/wp-json\/wp\/v2\/product"}],"about":[{"href":"https:\/\/bullet24.pro\/de\/wp-json\/wp\/v2\/types\/product"}],"wp:featuredmedia":[{"embeddable":true,"href":"https:\/\/bullet24.pro\/de\/wp-json\/wp\/v2\/media\/11370"}],"wp:attachment":[{"href":"https:\/\/bullet24.pro\/de\/wp-json\/wp\/v2\/media?parent=11372"}],"wp:term":[{"taxonomy":"product_brand","embeddable":true,"href":"https:\/\/bullet24.pro\/de\/wp-json\/wp\/v2\/product_brand?post=11372"},{"taxonomy":"product_cat","embeddable":true,"href":"https:\/\/bullet24.pro\/de\/wp-json\/wp\/v2\/product_cat?post=11372"},{"taxonomy":"product_tag","embeddable":true,"href":"https:\/\/bullet24.pro\/de\/wp-json\/wp\/v2\/product_tag?post=11372"}],"curies":[{"name":"wp","href":"https:\/\/api.w.org\/{rel}","templated":true}]}}