{"id":11384,"date":"2024-06-09T15:10:20","date_gmt":"2024-06-09T15:10:20","guid":{"rendered":"https:\/\/bullet24.pro\/?post_type=product&#038;p=11384"},"modified":"2024-06-09T15:12:10","modified_gmt":"2024-06-09T15:12:10","slug":"atlasworxs-tikka-t3-t3x-knob-bolt-handle-stainless-cerekoted-black","status":"publish","type":"product","link":"https:\/\/bullet24.pro\/de\/product\/atlasworxs-tikka-t3-t3x-knob-bolt-handle-stainless-cerekoted-black\/","title":{"rendered":"Atlasworxs \u2013 Tikka T3 \/ T3X Knob Bolt Handle (Stainless \u2013 Cerekoted Black)"},"content":{"rendered":"","protected":false},"excerpt":{"rendered":"<p>Dieser Bolzenhebel passt zu allen Tikka T3 \/ T3X-Modellen, egal ob links- oder rechtsh\u00e4ndig.<br \/>\nAtlasworxs-Bolzenhebel sind so konzipiert, dass sie Funktion, Haptik und Optik optimieren. Die Bolzenhebel sind etwas l\u00e4nger und gr\u00f6\u00dfer als der OEM-Hebel, was eine bessere Ergonomie erm\u00f6glicht. Sie werden den Unterschied sofort sp\u00fcren!<br \/>\nDer Edelstahlbolzen hat ein Gewinde von 5\/16-24, auf das der Knopf geschraubt wird. Dies erm\u00f6glicht den Austausch zwischen unseren verschiedenen Bolzenkn\u00f6pfen, wenn Sie eine \u00c4nderung w\u00fcnschen.<\/p>\n<p>Hergestellt aus Marine Grade Edelstahl<br \/>\nCerekoted Finish<br \/>\nGro\u00dfartige Ergonomie<br \/>\nLeicht zu bedienen, auch mit Handschuhen<br \/>\nErzielen Sie das taktische Aussehen<br \/>\nGewicht 120 Gramm<br \/>\nEinfach zu montieren<br \/>\nBeidh\u00e4ndig<\/p>\n<p><em>Bitte beachten Sie: Alle unsere Teile sind pr\u00e4zise mit engen Toleranzen gefertigt. Wir haben jedoch F\u00e4lle erlebt, in denen unsere Knopfschraube etwas straff sitzt. Dies liegt daran, dass die Originalfabrikteile eine gr\u00f6\u00dfere Toleranzspanne aufweisen, wie sie bei der Massenproduktion zu erwarten ist. Daher kann eine geringf\u00fcgige Anpassung erforderlich sein, allerdings haben die meisten Menschen keine Einbauprobleme.<\/em><\/p>\n<p>&nbsp;<\/p>\n<p>&nbsp;<\/p>\n","protected":false},"featured_media":11382,"template":"","meta":[],"product_brand":[],"product_cat":[628,253,421],"product_tag":[],"class_list":{"0":"post-11384","1":"product","2":"type-product","3":"status-publish","4":"has-post-thumbnail","6":"product_cat-bolt-handles-knob-and-shrouds-de","7":"product_cat-waffenzubehoer","8":"product_cat-langwaffen","10":"first","11":"onbackorder","12":"shipping-taxable","13":"purchasable","14":"product-type-simple"},"_links":{"self":[{"href":"https:\/\/bullet24.pro\/de\/wp-json\/wp\/v2\/product\/11384","targetHints":{"allow":["GET"]}}],"collection":[{"href":"https:\/\/bullet24.pro\/de\/wp-json\/wp\/v2\/product"}],"about":[{"href":"https:\/\/bullet24.pro\/de\/wp-json\/wp\/v2\/types\/product"}],"wp:featuredmedia":[{"embeddable":true,"href":"https:\/\/bullet24.pro\/de\/wp-json\/wp\/v2\/media\/11382"}],"wp:attachment":[{"href":"https:\/\/bullet24.pro\/de\/wp-json\/wp\/v2\/media?parent=11384"}],"wp:term":[{"taxonomy":"product_brand","embeddable":true,"href":"https:\/\/bullet24.pro\/de\/wp-json\/wp\/v2\/product_brand?post=11384"},{"taxonomy":"product_cat","embeddable":true,"href":"https:\/\/bullet24.pro\/de\/wp-json\/wp\/v2\/product_cat?post=11384"},{"taxonomy":"product_tag","embeddable":true,"href":"https:\/\/bullet24.pro\/de\/wp-json\/wp\/v2\/product_tag?post=11384"}],"curies":[{"name":"wp","href":"https:\/\/api.w.org\/{rel}","templated":true}]}}