{"id":11411,"date":"2024-06-09T15:34:09","date_gmt":"2024-06-09T15:34:09","guid":{"rendered":"https:\/\/bullet24.pro\/?post_type=product&#038;p=11411"},"modified":"2024-06-09T15:35:05","modified_gmt":"2024-06-09T15:35:05","slug":"atlasworxs-tikka-t1-t1x-bolt-handle-pineapple-black","status":"publish","type":"product","link":"https:\/\/bullet24.pro\/de\/product\/atlasworxs-tikka-t1-t1x-bolt-handle-pineapple-black\/","title":{"rendered":"Atlasworxs \u2013 Tikka T1 \/ T1X Bolt Handle Pineapple (Black)"},"content":{"rendered":"","protected":false},"excerpt":{"rendered":"<p>Dieser Bolzenhebel passt zu allen Tikka T1 \/ T1X-Modellen, egal ob links- oder rechtsh\u00e4ndig.<br \/>\nDie Bolzenhebel von Atlasworxs sind darauf ausgelegt, Funktion, Haptik und Optik zu optimieren. Die Bolzenhebel sind etwas l\u00e4nger und gr\u00f6\u00dfer als der OEM-Hebel, was eine bessere Ergonomie erm\u00f6glicht. Sie werden den Unterschied sofort sp\u00fcren!<\/p>\n<p>Der Hebel besteht aus 316-Edelstahl mit einer geb\u00fcrsteten Oberfl\u00e4che.<br \/>\nUnser ger\u00e4ndelter Knopf hat eine eloxierte Oberfl\u00e4che (Schwarz).<br \/>\nSonderanfertigungsbolzen aus hochfestem Stahl und Schwarzbeschichtung.<br \/>\nGro\u00dfartige Ergonomie.<br \/>\nLeicht zu bedienen, auch mit Handschuhen.<br \/>\nErzielen Sie das taktische Aussehen.<br \/>\nGewicht 43 Gramm.<br \/>\nPassend f\u00fcr alle Modelle Tikka T1 \/ T1X (links- oder rechtsh\u00e4ndig).<br \/>\nWird mit Inbusschl\u00fcssel zur Montage geliefert.<\/p>\n","protected":false},"featured_media":11409,"template":"","meta":[],"product_brand":[],"product_cat":[628,253,421],"product_tag":[],"class_list":{"0":"post-11411","1":"product","2":"type-product","3":"status-publish","4":"has-post-thumbnail","6":"product_cat-bolt-handles-knob-and-shrouds-de","7":"product_cat-waffenzubehoer","8":"product_cat-langwaffen","10":"first","11":"onbackorder","12":"shipping-taxable","13":"purchasable","14":"product-type-simple"},"_links":{"self":[{"href":"https:\/\/bullet24.pro\/de\/wp-json\/wp\/v2\/product\/11411","targetHints":{"allow":["GET"]}}],"collection":[{"href":"https:\/\/bullet24.pro\/de\/wp-json\/wp\/v2\/product"}],"about":[{"href":"https:\/\/bullet24.pro\/de\/wp-json\/wp\/v2\/types\/product"}],"wp:featuredmedia":[{"embeddable":true,"href":"https:\/\/bullet24.pro\/de\/wp-json\/wp\/v2\/media\/11409"}],"wp:attachment":[{"href":"https:\/\/bullet24.pro\/de\/wp-json\/wp\/v2\/media?parent=11411"}],"wp:term":[{"taxonomy":"product_brand","embeddable":true,"href":"https:\/\/bullet24.pro\/de\/wp-json\/wp\/v2\/product_brand?post=11411"},{"taxonomy":"product_cat","embeddable":true,"href":"https:\/\/bullet24.pro\/de\/wp-json\/wp\/v2\/product_cat?post=11411"},{"taxonomy":"product_tag","embeddable":true,"href":"https:\/\/bullet24.pro\/de\/wp-json\/wp\/v2\/product_tag?post=11411"}],"curies":[{"name":"wp","href":"https:\/\/api.w.org\/{rel}","templated":true}]}}