{"id":11537,"date":"2024-10-15T15:05:45","date_gmt":"2024-10-15T15:05:45","guid":{"rendered":"https:\/\/bullet24.pro\/?post_type=product&#038;p=11537"},"modified":"2024-10-15T15:11:40","modified_gmt":"2024-10-15T15:11:40","slug":"pulsar-axion-xq30-pro","status":"publish","type":"product","link":"https:\/\/bullet24.pro\/de\/product\/pulsar-axion-xq30-pro\/","title":{"rendered":"Pulsar Axion XQ30 PRO"},"content":{"rendered":"<p>Technische Daten<br \/>\nSensor: 384&#215;288 pix. @ 17 \u00b5m (NETD &lt;25 mK)<br \/>\nObjektivlinse: F30\/1.2<br \/>\nVergr\u00f6\u00dferung, x: 2 &#8211; 8 (x4 zoom)<br \/>\nSichtfeld (HxV), Grad \/ m @ 100m: 13.3&#215;10 \/ 23.3\u044517.5<br \/>\nErfassungsbereich, m: 1050<\/p>\n","protected":false},"excerpt":{"rendered":"<p>W\u00e4rmebildger\u00e4te AXION XQ30 PRO Hochempfindlicher W\u00e4rmebildsensor. F\u00fcr die Bilderfassung verwendet das Axion XQ30 Pro einen professionellen W\u00e4rmebildsensor mit einer Aufl\u00f6sung von 384&#215;288 Pixeln und einer W\u00e4rmeempfindlichkeit von weniger als 25 mK. Dies gew\u00e4hrleistet geringes Rauschen und gleichzeitig Bilder mit feinsten Details und mit hohen Kontrast.<br \/>\nBreites Sehfeld f\u00fcr einfaches Scannen. Das Axion XQ30 Pro verf\u00fcgt \u00fcber ein Sehfeld von 13,3 \u00b0, das das Scannen und die Suche nach warmen Objekten vereinfacht. Das gro\u00dfe Sehfeld erm\u00f6glicht es dem Beobachter, schnell alle warmen Objekte zu erkennen und sich auf die interessantesten zu konzentrieren, w\u00e4hrend er gleichzeitig die gesamte Szene im Auge beh\u00e4lt. Kompaktes Design im Taschenformat Robustes Geh\u00e4use aus Magnesiumlegierung Foto- und Videoaufnahmen. Der eingebaute Videorekorder ist ein gro\u00dfer Vorteil, wenn es darum geht, einmalige Erlebnisse zu filmen oder zu fotografieren. Einmal auf die REC-Taste Dr\u00fccken gen\u00fcgt, um Aufnahmen zu machen, die sich problemlos mit Kollegen, Freunden und Familie teilen lassen. Der 16 GB interne Speicher kann viele Stunden Videoaufzeichnungen und eine riesige Anzahl von Fotos aufbewahren.<br \/>\nEmpfindlichkeitsverst\u00e4rkung in Stufen Eine Auswahl von 8 Farbpaletten Stream Vision 2-App f\u00fcr iOS und Android<\/p>\n","protected":false},"featured_media":11514,"template":"","meta":[],"product_brand":[],"product_cat":[394,435,440],"product_tag":[],"class_list":{"0":"post-11537","1":"product","2":"type-product","3":"status-publish","4":"has-post-thumbnail","6":"product_cat-optik","7":"product_cat-waermebildtechnik","8":"product_cat-waermebild-monokulare","10":"first","11":"onbackorder","12":"shipping-taxable","13":"purchasable","14":"product-type-simple"},"_links":{"self":[{"href":"https:\/\/bullet24.pro\/de\/wp-json\/wp\/v2\/product\/11537","targetHints":{"allow":["GET"]}}],"collection":[{"href":"https:\/\/bullet24.pro\/de\/wp-json\/wp\/v2\/product"}],"about":[{"href":"https:\/\/bullet24.pro\/de\/wp-json\/wp\/v2\/types\/product"}],"wp:featuredmedia":[{"embeddable":true,"href":"https:\/\/bullet24.pro\/de\/wp-json\/wp\/v2\/media\/11514"}],"wp:attachment":[{"href":"https:\/\/bullet24.pro\/de\/wp-json\/wp\/v2\/media?parent=11537"}],"wp:term":[{"taxonomy":"product_brand","embeddable":true,"href":"https:\/\/bullet24.pro\/de\/wp-json\/wp\/v2\/product_brand?post=11537"},{"taxonomy":"product_cat","embeddable":true,"href":"https:\/\/bullet24.pro\/de\/wp-json\/wp\/v2\/product_cat?post=11537"},{"taxonomy":"product_tag","embeddable":true,"href":"https:\/\/bullet24.pro\/de\/wp-json\/wp\/v2\/product_tag?post=11537"}],"curies":[{"name":"wp","href":"https:\/\/api.w.org\/{rel}","templated":true}]}}