{"id":11586,"date":"2024-10-15T15:26:57","date_gmt":"2024-10-15T15:26:57","guid":{"rendered":"https:\/\/bullet24.pro\/?post_type=product&#038;p=11586"},"modified":"2024-10-15T15:38:37","modified_gmt":"2024-10-15T15:38:37","slug":"pulsar-axion-xg35-compact","status":"publish","type":"product","link":"https:\/\/bullet24.pro\/de\/product\/pulsar-axion-xg35-compact\/","title":{"rendered":"Pulsar Axion XG35 Compact"},"content":{"rendered":"<p>Technische Daten Axion XG35 Compact<br \/>\nSensor: 640&#215;480 pix. @ 12 \u00b5m (NETD &lt;40 mK)<br \/>\nObjektivlinse: F35 \/ 1.0<br \/>\nVergr\u00f6\u00dferung, x: 2.5 \u2013 20 (x8 zoom)<br \/>\nSichtfeld (HxV), Grad \/ m @ 100m: 12.5&#215;7.8\/ 21.9&#215;13.7<br \/>\nErfassungsbereich, m: 1750<\/p>\n","protected":false},"excerpt":{"rendered":"<p>W\u00e4rmebild-Monokular-Kompakt-Reihe Die Axion Kompakt Reihe ist ideal zum Scannen und Entdecken von Wildtieren. Hochwertige, in Europa hergestellte Sensoren sorgen f\u00fcr hervorragende Bilder unter allen Bedingungen. Der 640&#215;480\/12-Mikrometer-Sensor bietet gen\u00fcgend Details f\u00fcr die Identifizierung von W\u00e4rmebildobjekten. Die AXION COMPACT Monokulare haben ein breites Sehfeld, das das Scannen und die Suche nach W\u00e4rmebildobjekten erleichtert. Das breite Sehfeld erm\u00f6glicht es dem Beobachter, schnell alle W\u00e4rmebildobjekte zu erkennen und sich auf die interessantesten zu konzentrieren, w\u00e4hrend er gleichzeitig die gesamte Szene im Blick beh\u00e4lt. Das AXION COMPACT hat ein kompaktes Design im Taschenformat und liegt perfekt in der Hand. Es ist eine ideale Wahl f\u00fcr Jagen und Beobachten. Das symmetrische Design des Ger\u00e4ts in Kombination mit der Platzierung der Tasten an der Oberseite gew\u00e4hrleistet eine angenehme Bedienung sowohl mit der linken und als auch der rechten Hand. Das AXION COMPACTist f\u00fcr den best\u00e4ndigen, oft rauen Einsatz konzipiert. Das Geh\u00e4use aus einer Magnesiumlegierung ist leicht und stabil zugleich. Das Geh\u00e4use sch\u00fctzt die internen Komponenten eines W\u00e4rmebildger\u00e4tes zuverl\u00e4ssig vor St\u00f6\u00dfen, St\u00fcrzen, Feuchtigkeit, Hitze oder K\u00e4lte. Gleichzeitig leitet ein Metallgeh\u00e4use die W\u00e4rme von der Elektronik ab, minimiert das Rauschen im Bild und erh\u00f6ht die Best\u00e4ndigkeit des Ger\u00e4tebetriebs bei Langzeitbeobachtung.<br \/>\nDer eingebaute Videorekorder ist ein gro\u00dfer Vorteil, wenn es darum geht, einmalige Erlebnisse zu filmen oder zu fotografieren. Ein Druck auf die REC-Taste gen\u00fcgt, um Aufnahmen zu machen, die sich dann leicht mit Kollegen, Freunden und Familie teilen lassen. Der interne Speicher des Instruments reicht zum Ansammeln von viele Stunden an Videoaufnahmen und einer gro\u00dfen Anzahl von Foto.<br \/>\nEmpfindlichkeitsverst\u00e4rkung in Stufen. Eine Auswahl von 8 Farbpaletten. Stream Vision 2-App f\u00fcr iOS und Android.<\/p>\n","protected":false},"featured_media":11571,"template":"","meta":[],"product_brand":[],"product_cat":[394,435,440],"product_tag":[],"class_list":{"0":"post-11586","1":"product","2":"type-product","3":"status-publish","4":"has-post-thumbnail","6":"product_cat-optik","7":"product_cat-waermebildtechnik","8":"product_cat-waermebild-monokulare","10":"first","11":"onbackorder","12":"shipping-taxable","13":"purchasable","14":"product-type-simple"},"_links":{"self":[{"href":"https:\/\/bullet24.pro\/de\/wp-json\/wp\/v2\/product\/11586","targetHints":{"allow":["GET"]}}],"collection":[{"href":"https:\/\/bullet24.pro\/de\/wp-json\/wp\/v2\/product"}],"about":[{"href":"https:\/\/bullet24.pro\/de\/wp-json\/wp\/v2\/types\/product"}],"wp:featuredmedia":[{"embeddable":true,"href":"https:\/\/bullet24.pro\/de\/wp-json\/wp\/v2\/media\/11571"}],"wp:attachment":[{"href":"https:\/\/bullet24.pro\/de\/wp-json\/wp\/v2\/media?parent=11586"}],"wp:term":[{"taxonomy":"product_brand","embeddable":true,"href":"https:\/\/bullet24.pro\/de\/wp-json\/wp\/v2\/product_brand?post=11586"},{"taxonomy":"product_cat","embeddable":true,"href":"https:\/\/bullet24.pro\/de\/wp-json\/wp\/v2\/product_cat?post=11586"},{"taxonomy":"product_tag","embeddable":true,"href":"https:\/\/bullet24.pro\/de\/wp-json\/wp\/v2\/product_tag?post=11586"}],"curies":[{"name":"wp","href":"https:\/\/api.w.org\/{rel}","templated":true}]}}