{"id":11756,"date":"2024-10-15T16:35:59","date_gmt":"2024-10-15T16:35:59","guid":{"rendered":"https:\/\/bullet24.pro\/?post_type=product&#038;p=11756"},"modified":"2024-10-15T16:38:08","modified_gmt":"2024-10-15T16:38:08","slug":"pulsar-telos-xq35","status":"publish","type":"product","link":"https:\/\/bullet24.pro\/de\/product\/pulsar-telos-xq35\/","title":{"rendered":"Pulsar Telos XQ35"},"content":{"rendered":"<p>Technische Daten Telos LRF XQ35 Sensor: 384&#215;288 pix. @ 17 \u00b5m (NETD &lt;25 mK)<br \/>\nObjektivlinse: F35 \/ 1.0<br \/>\nVergr\u00f6\u00dferung, x: 3 &#8211; 12 (x4 zoom)<br \/>\nSichtfeld (HxV), Grad \/ m @ 100m: 10.7&#215;8 \/ 18.7&#215;14<br \/>\nErfassungsbereich, m: 1300<\/p>\n","protected":false},"excerpt":{"rendered":"<p><strong>Pulsar \u0422elos ist das neue Konzept eines nachr\u00fcstbaren W\u00e4rmebildmonokulars.<\/strong> Es ist die erste Serie von W\u00e4rmebildger\u00e4ten auf dem Markt mit der M\u00f6glichkeit einer technischen Nachr\u00fcstung der Hardware. Die Komponenten des Telos k\u00f6nnen durch neue Komponenten mit verbesserten Funktionen ersetzt werden. Der Eigent\u00fcmer muss sich nicht jedes Mal ein neues Ger\u00e4t anschaffen, wenn eine neue Technologie eingef\u00fchrt wird. Telos ist so konzipiert, dass es zeitbest\u00e4ndig und zukunftssicher ist, und sich st\u00e4ndig an die sich st\u00e4ndig \u00e4ndernden Bed\u00fcrfnisse von J\u00e4gern anpasst. Mit dem neuen Konzept der Nachr\u00fcstbarkeit von Pulsar wird Ihr Telos zu einem erneuerbaren Ger\u00e4t. Oder, wenn Sie es so ansehen wollen: ein Ger\u00e4t f\u00fcrs Leben.<br \/>\nObjektivring-Zoomsteuerung. Sie k\u00f6nnen das Bild in Telos idealerweise mit einer Hand einstellen &#8211; die Ringe f\u00fcr das Fokussieren und den fl\u00fcssigen Zoom befinden sich am Objektiv in der klassischen Anordnung, einer nach dem anderen, wie bei professionellen Kameraobjektiven. Die gleichm\u00e4\u00dfige Anordnung der Ringe erm\u00f6glicht es, schnell und mit geringem Aufwand ein klares Bild mit der gew\u00fcnschten Vergr\u00f6\u00dferung zu erhalte.<br \/>\nIntuitive Benutzererfahrung. Aktivieren Sie die haptische Feedback-Funktion im Kurzmen\u00fc des Telos f\u00fcr eine mehr taktile und intuitive Nutzung der Pulsar Premium-Handhelds. Das Ger\u00e4t reagiert mit kurzen Vibrationen, wenn Sie die Steuertasten dr\u00fccken.<br \/>\nGebaut f\u00fcr h\u00e4rteste Bedingungen. Telos-W\u00e4rmebildinstrumente sind f\u00fcr den Einsatz im rauen Au\u00dfenbereich und im Temperaturbereich von -25 bis +40 \u00b0C konzipiert. Das Instrument ist wasserdicht, wenn es vollst\u00e4ndig in Wasser getaucht ist. Das gummibeschichtete Geh\u00e4use aus Polymer-Verbundwerkstoff verf\u00fcgt \u00fcber beste Bedienungseigenschaften. Das Fehlen hervorstehender Teile im Design sowie die anatomisch optimale Geh\u00e4useform der Telos-W\u00e4rmebildinstrumente tragen zu Sicherheit und Komfort bei l\u00e4ngerem Gebrauch bei.<br \/>\nAustauschbarer Akku mit direkter Steckdose und drahtloser Schnellladeoption.<br \/>\nAnpassbar f\u00fcr Links- und Rechtsh\u00e4nder<\/p>\n","protected":false},"featured_media":11736,"template":"","meta":[],"product_brand":[],"product_cat":[394,435,440],"product_tag":[],"class_list":{"0":"post-11756","1":"product","2":"type-product","3":"status-publish","4":"has-post-thumbnail","6":"product_cat-optik","7":"product_cat-waermebildtechnik","8":"product_cat-waermebild-monokulare","10":"first","11":"onbackorder","12":"shipping-taxable","13":"purchasable","14":"product-type-simple"},"_links":{"self":[{"href":"https:\/\/bullet24.pro\/de\/wp-json\/wp\/v2\/product\/11756","targetHints":{"allow":["GET"]}}],"collection":[{"href":"https:\/\/bullet24.pro\/de\/wp-json\/wp\/v2\/product"}],"about":[{"href":"https:\/\/bullet24.pro\/de\/wp-json\/wp\/v2\/types\/product"}],"wp:featuredmedia":[{"embeddable":true,"href":"https:\/\/bullet24.pro\/de\/wp-json\/wp\/v2\/media\/11736"}],"wp:attachment":[{"href":"https:\/\/bullet24.pro\/de\/wp-json\/wp\/v2\/media?parent=11756"}],"wp:term":[{"taxonomy":"product_brand","embeddable":true,"href":"https:\/\/bullet24.pro\/de\/wp-json\/wp\/v2\/product_brand?post=11756"},{"taxonomy":"product_cat","embeddable":true,"href":"https:\/\/bullet24.pro\/de\/wp-json\/wp\/v2\/product_cat?post=11756"},{"taxonomy":"product_tag","embeddable":true,"href":"https:\/\/bullet24.pro\/de\/wp-json\/wp\/v2\/product_tag?post=11756"}],"curies":[{"name":"wp","href":"https:\/\/api.w.org\/{rel}","templated":true}]}}