{"id":11928,"date":"2024-10-21T10:16:56","date_gmt":"2024-10-21T10:16:56","guid":{"rendered":"https:\/\/bullet24.pro\/?post_type=product&#038;p=11928"},"modified":"2025-08-06T17:20:46","modified_gmt":"2025-08-06T17:20:46","slug":"gpo-spectra-8x-16-13x44i","status":"publish","type":"product","link":"https:\/\/bullet24.pro\/de\/product\/gpo-spectra-8x-16-13x44i\/","title":{"rendered":"GPO SPECTRA\u2122 8x 1,6-13x44i, ret. G4i Fiber"},"content":{"rendered":"<p>H\u00f6hepunkte:<\/p>\n<p>\u2013 Extrem kompaktes, leichtes und robustes Design mit 30 mm Mittelrohr<\/p>\n<p>\u2013 Optimiert f\u00fcr technische Aufs\u00e4tze an Objektiv &amp; Okular<\/p>\n<p>\u2013 Parallaxenausgleich ab 10 m<\/p>\n<p>\u2013 Doppel-HD-Linsensystem<\/p>\n<p>\u2013 GPObright\u2122 Mehrschichtverg\u00fctung mit 90% Transmission<\/p>\n<p>\u2013 Wasser- und schmutzabweisende PASSIONdrop\u2122-Beschichtung<\/p>\n<p>\u2013 Werkzeuginlose Nullstellung (mit Standardturm)<\/p>\n<p>\u2013 Integrierter ZERO-Stop \u2013 Throw Lever (Vergr\u00f6\u00dferungshebel)<\/p>\n<p>\u2013 Sehr gro\u00dfer Verstellbereich von 3,2 m (320 Klicks)<\/p>\n<p>\u2013 Extrem feines und helles G4i-Faserabsehen<\/p>\n<p>\u2013 Ballistischer Turm inbegriffen<\/p>\n","protected":false},"excerpt":{"rendered":"<p>Dieses Zielfernrohr erg\u00e4nzt die erfolgreiche GPO-Familie von 8-fach-Zooms mit einem einzigartigen, vielseitigen und ultrakompakten Modell. Dank des extrem kurzen 44 mm Objektivlinsendesigns und des verst\u00e4rkten Geh\u00e4uses ist es ideal f\u00fcr Aufsatzger\u00e4te (W\u00e4rmebild, Nachtsicht). Mit einer Parallaxeneinstellung ab 10 m ist es auch die ideale Plattform f\u00fcr alle Okularaufs\u00e4tze. Das extrem kompakte und ultraleichte Design ist perfekt f\u00fcr den Einsatz auf besonders schlanken und handlichen Waffen. In Kombination mit dem 8-fach-Zoom und dem sehr weiten Sichtfeld bei 1,6-facher Vergr\u00f6\u00dferung sowie dem ballistischen Turm GBT\u00a0 macht das neue GPO Spectra 8x-Zielfernrohr es zu einem super flexiblen Allrounder f\u00fcr jede Art von Jagd auf kurze und lange Distanzen.<\/p>\n","protected":false},"featured_media":11917,"template":"","meta":[],"product_brand":[],"product_cat":[684,394,436,442],"product_tag":[],"class_list":{"0":"post-11928","1":"product","2":"type-product","3":"status-publish","4":"has-post-thumbnail","6":"product_cat-jagd","7":"product_cat-optik","8":"product_cat-zieloptik","9":"product_cat-zielfernrohre","11":"first","12":"onbackorder","13":"shipping-taxable","14":"purchasable","15":"product-type-simple"},"_links":{"self":[{"href":"https:\/\/bullet24.pro\/de\/wp-json\/wp\/v2\/product\/11928","targetHints":{"allow":["GET"]}}],"collection":[{"href":"https:\/\/bullet24.pro\/de\/wp-json\/wp\/v2\/product"}],"about":[{"href":"https:\/\/bullet24.pro\/de\/wp-json\/wp\/v2\/types\/product"}],"wp:featuredmedia":[{"embeddable":true,"href":"https:\/\/bullet24.pro\/de\/wp-json\/wp\/v2\/media\/11917"}],"wp:attachment":[{"href":"https:\/\/bullet24.pro\/de\/wp-json\/wp\/v2\/media?parent=11928"}],"wp:term":[{"taxonomy":"product_brand","embeddable":true,"href":"https:\/\/bullet24.pro\/de\/wp-json\/wp\/v2\/product_brand?post=11928"},{"taxonomy":"product_cat","embeddable":true,"href":"https:\/\/bullet24.pro\/de\/wp-json\/wp\/v2\/product_cat?post=11928"},{"taxonomy":"product_tag","embeddable":true,"href":"https:\/\/bullet24.pro\/de\/wp-json\/wp\/v2\/product_tag?post=11928"}],"curies":[{"name":"wp","href":"https:\/\/api.w.org\/{rel}","templated":true}]}}