{"id":11994,"date":"2024-11-12T14:35:53","date_gmt":"2024-11-12T14:35:53","guid":{"rendered":"https:\/\/bullet24.pro\/?post_type=product&#038;p=11994"},"modified":"2025-08-06T17:17:17","modified_gmt":"2025-08-06T17:17:17","slug":"gpo-spectra-6x-4-5-27x50i-plri-cw","status":"publish","type":"product","link":"https:\/\/bullet24.pro\/de\/product\/gpo-spectra-6x-4-5-27x50i-plri-cw\/","title":{"rendered":"GPO SPECTRA\u2122 6x, 4.5-27x50i PLRi, CCW"},"content":{"rendered":"","protected":false},"excerpt":{"rendered":"<p>Der GPO SPECTRA 6x 4,5-27x50i PLRi wurde f\u00fcr anspruchsvolle Anwender entwickelt, die auf lange Distanzen mit hoher Vergr\u00f6\u00dferung schie\u00dfen und jagen m\u00f6chten und ein Absehen in der ersten Bildebene bevorzugen. Mit einem Mittelrohrdurchmesser von 34 mm, einer Vergr\u00f6\u00dferung von bis zu 27-fach, einer Lichttransmission von 92 %, einem gro\u00dfen Verstellbereich (32 mrad), dem weiten Augenabstand, der gro\u00dfen Austrittspupille sowie dem integrierten Zero Stop ist es das ideale Produkt f\u00fcr ambitionierte Long-Range-Sch\u00fctzen.<\/p>\n<p>Der GPO SPECTRA 4,5-27x50i PLRi ist besonders kompakt und leicht und verf\u00fcgt \u00fcber das beleuchtete PLRi-Absehen mit besonders feinen Strukturen und Abdeckma\u00dfen. Als besonderes Merkmal haben die GPO-Ingenieure die Idee entwickelt, das PLRi-Absehen identisch mit dem GPO TAC 15-45\u00d760 PLR in der ersten Bildebene zu gestalten, um in Kombination ein perfektes Team aus Spotter und Sch\u00fctze zu bilden.<\/p>\n","protected":false},"featured_media":11980,"template":"","meta":[],"product_brand":[],"product_cat":[687,394,436,442],"product_tag":[],"class_list":{"0":"post-11994","1":"product","2":"type-product","3":"status-publish","4":"has-post-thumbnail","6":"product_cat-sport","7":"product_cat-optik","8":"product_cat-zieloptik","9":"product_cat-zielfernrohre","11":"first","12":"onbackorder","13":"shipping-taxable","14":"purchasable","15":"product-type-simple"},"_links":{"self":[{"href":"https:\/\/bullet24.pro\/de\/wp-json\/wp\/v2\/product\/11994","targetHints":{"allow":["GET"]}}],"collection":[{"href":"https:\/\/bullet24.pro\/de\/wp-json\/wp\/v2\/product"}],"about":[{"href":"https:\/\/bullet24.pro\/de\/wp-json\/wp\/v2\/types\/product"}],"wp:featuredmedia":[{"embeddable":true,"href":"https:\/\/bullet24.pro\/de\/wp-json\/wp\/v2\/media\/11980"}],"wp:attachment":[{"href":"https:\/\/bullet24.pro\/de\/wp-json\/wp\/v2\/media?parent=11994"}],"wp:term":[{"taxonomy":"product_brand","embeddable":true,"href":"https:\/\/bullet24.pro\/de\/wp-json\/wp\/v2\/product_brand?post=11994"},{"taxonomy":"product_cat","embeddable":true,"href":"https:\/\/bullet24.pro\/de\/wp-json\/wp\/v2\/product_cat?post=11994"},{"taxonomy":"product_tag","embeddable":true,"href":"https:\/\/bullet24.pro\/de\/wp-json\/wp\/v2\/product_tag?post=11994"}],"curies":[{"name":"wp","href":"https:\/\/api.w.org\/{rel}","templated":true}]}}