{"id":12013,"date":"2024-11-12T14:42:45","date_gmt":"2024-11-12T14:42:45","guid":{"rendered":"https:\/\/bullet24.pro\/?post_type=product&#038;p=12013"},"modified":"2025-11-21T14:26:50","modified_gmt":"2025-11-21T14:26:50","slug":"gpo-spectra-6x-4-5-27x50i-moai-cw","status":"publish","type":"product","link":"https:\/\/bullet24.pro\/de\/product\/gpo-spectra-6x-4-5-27x50i-moai-cw\/","title":{"rendered":"GPO SPECTRA\u2122 6x, 4.5-27x50i MOAi, CCW"},"content":{"rendered":"","protected":false},"excerpt":{"rendered":"<p>Der GPO SPECTRA 6x 4,5-27x50i MOAi wurde f\u00fcr anspruchsvolle Nutzer entwickelt, die auf gro\u00dfe Entfernungen mit hoher Vergr\u00f6\u00dferung schie\u00dfen und jagen m\u00f6chten und ein Absehen in der 2. Bildebene bevorzugen. Mit einem Mittelrohrdurchmesser von 30 mm, einer Vergr\u00f6\u00dferung von bis zu 27x, einer Transmission von 92 %, dem gro\u00dfen Verstellbereich, dem gro\u00dfz\u00fcgigen Augenabstand, der gro\u00dfen Austrittspupille sowie dem integrierten Zero Stop ist es das ideale Produkt f\u00fcr ambitionierte Long-Range-Sch\u00fctzen.<\/p>\n<p>Der GPO SPECTRA 4.5-27x50i MOAi ist besonders kompakt und leicht und verf\u00fcgt \u00fcber das beleuchtete MOAi-Absehen mit besonders feinen Strukturen und Abdeckma\u00dfen. Die verriegelbaren T\u00fcrme k\u00f6nnen je nach Version entweder im Uhrzeigersinn (CW) oder gegen den Uhrzeigersinn (CCW) eingestellt werden.<\/p>\n","protected":false},"featured_media":11999,"template":"","meta":[],"product_brand":[],"product_cat":[687,394,436,442],"product_tag":[],"class_list":{"0":"post-12013","1":"product","2":"type-product","3":"status-publish","4":"has-post-thumbnail","6":"product_cat-sport","7":"product_cat-optik","8":"product_cat-zieloptik","9":"product_cat-zielfernrohre","11":"first","12":"onbackorder","13":"shipping-taxable","14":"purchasable","15":"product-type-simple"},"_links":{"self":[{"href":"https:\/\/bullet24.pro\/de\/wp-json\/wp\/v2\/product\/12013","targetHints":{"allow":["GET"]}}],"collection":[{"href":"https:\/\/bullet24.pro\/de\/wp-json\/wp\/v2\/product"}],"about":[{"href":"https:\/\/bullet24.pro\/de\/wp-json\/wp\/v2\/types\/product"}],"wp:featuredmedia":[{"embeddable":true,"href":"https:\/\/bullet24.pro\/de\/wp-json\/wp\/v2\/media\/11999"}],"wp:attachment":[{"href":"https:\/\/bullet24.pro\/de\/wp-json\/wp\/v2\/media?parent=12013"}],"wp:term":[{"taxonomy":"product_brand","embeddable":true,"href":"https:\/\/bullet24.pro\/de\/wp-json\/wp\/v2\/product_brand?post=12013"},{"taxonomy":"product_cat","embeddable":true,"href":"https:\/\/bullet24.pro\/de\/wp-json\/wp\/v2\/product_cat?post=12013"},{"taxonomy":"product_tag","embeddable":true,"href":"https:\/\/bullet24.pro\/de\/wp-json\/wp\/v2\/product_tag?post=12013"}],"curies":[{"name":"wp","href":"https:\/\/api.w.org\/{rel}","templated":true}]}}