{"id":12030,"date":"2024-11-12T15:09:07","date_gmt":"2024-11-12T15:09:07","guid":{"rendered":"https:\/\/bullet24.pro\/?post_type=product&#038;p=12030"},"modified":"2025-11-21T14:25:27","modified_gmt":"2025-11-21T14:25:27","slug":"gpo-passion-3x-4-12x50i","status":"publish","type":"product","link":"https:\/\/bullet24.pro\/de\/product\/gpo-passion-3x-4-12x50i\/","title":{"rendered":"GPO PASSION 3x 4-12x50i"},"content":{"rendered":"<p>Bildebene: 2. Bildebene<br \/>\nGewicht ca.: 516 g<br \/>\nAugenabstand: 65 mm<br \/>\nMittelrohr-\u00d8: 25,4 mm<br \/>\nMontage: Ohne Schiene<br \/>\nVergr\u00f6\u00dferung: 4x-12x<br \/>\nObjektivdurchmesser: 50 mm<br \/>\nAustrittspupille bei min.\/max. Verg. (mm): 4,2 &#8211; 13 mm<br \/>\nGesamtl\u00e4nge: 335 mm<br \/>\nAbmessungen: 335 x 61 x 43 mm<br \/>\nAbsehen: G4i<br \/>\nTransmissionsgrad: 92%<\/p>\n","protected":false},"excerpt":{"rendered":"<p>Dieses GPO Zielfernrohr bietet gro\u00dfz\u00fcgige Augenabst\u00e4nde, extrem weite und scharfe Sehfelder sowie eine hervorragende Transmission von bis zu 93 %. Dadurch stellt es eine echte Alternative zu Zielfernrohren mit 30 mm Mittelrohren dar, sowohl f\u00fcr die Jagd am Tag als auch in der tiefen D\u00e4mmerung. Es erm\u00f6glicht eine klare und pr\u00e4zise Zielerfassung in verschiedenen Lichtverh\u00e4ltnissen.<br \/>\nDas GPO Passion 3x 4-12x50i Zielfernrohr ist mit einem modernen G4i Fiber Faserabsehen und der iControl\u2122-Beleuchtungssteuerung mit Abschaltautomatik ausgestattet. Mit dem feinen, hellen Leuchtpunkt, der stufenlos gedimmt werden kann, bietet es eine ausgezeichnete Sichtbarkeit und Pr\u00e4zision. In Kombination mit der variablen Vergr\u00f6\u00dferung von 4-12x und dem 50 mm Objektivdurchmesser ist dieses Zielfernrohr ein wahrer Allrounder und erm\u00f6glicht die Jagd bis in die tiefe Nacht hinein.<\/p>\n","protected":false},"featured_media":12019,"template":"","meta":[],"product_brand":[],"product_cat":[684,394,436,442],"product_tag":[],"class_list":{"0":"post-12030","1":"product","2":"type-product","3":"status-publish","4":"has-post-thumbnail","6":"product_cat-jagd","7":"product_cat-optik","8":"product_cat-zieloptik","9":"product_cat-zielfernrohre","11":"first","12":"onbackorder","13":"shipping-taxable","14":"purchasable","15":"product-type-simple"},"_links":{"self":[{"href":"https:\/\/bullet24.pro\/de\/wp-json\/wp\/v2\/product\/12030","targetHints":{"allow":["GET"]}}],"collection":[{"href":"https:\/\/bullet24.pro\/de\/wp-json\/wp\/v2\/product"}],"about":[{"href":"https:\/\/bullet24.pro\/de\/wp-json\/wp\/v2\/types\/product"}],"wp:featuredmedia":[{"embeddable":true,"href":"https:\/\/bullet24.pro\/de\/wp-json\/wp\/v2\/media\/12019"}],"wp:attachment":[{"href":"https:\/\/bullet24.pro\/de\/wp-json\/wp\/v2\/media?parent=12030"}],"wp:term":[{"taxonomy":"product_brand","embeddable":true,"href":"https:\/\/bullet24.pro\/de\/wp-json\/wp\/v2\/product_brand?post=12030"},{"taxonomy":"product_cat","embeddable":true,"href":"https:\/\/bullet24.pro\/de\/wp-json\/wp\/v2\/product_cat?post=12030"},{"taxonomy":"product_tag","embeddable":true,"href":"https:\/\/bullet24.pro\/de\/wp-json\/wp\/v2\/product_tag?post=12030"}],"curies":[{"name":"wp","href":"https:\/\/api.w.org\/{rel}","templated":true}]}}