{"id":12042,"date":"2024-11-12T15:16:13","date_gmt":"2024-11-12T15:16:13","guid":{"rendered":"https:\/\/bullet24.pro\/?post_type=product&#038;p=12042"},"modified":"2025-08-06T17:13:43","modified_gmt":"2025-08-06T17:13:43","slug":"gpo-passion-8x26-sd","status":"publish","type":"product","link":"https:\/\/bullet24.pro\/de\/product\/gpo-passion-8x26-sd\/","title":{"rendered":"GPO PASSION\u2122 8&#215;26 SD"},"content":{"rendered":"","protected":false},"excerpt":{"rendered":"<p>Die Vorteile der PASSION\u2122 SD 8\u00d726 und 10\u00d726 Ferngl\u00e4ser liegen in ihrem kompakten Design und ihrer Handlichkeit. Dies macht sie zum perfekten Begleiter f\u00fcr Reisen und Outdoor-Abenteuer, bei denen der Platz im Gep\u00e4ck begrenzt ist.<\/p>\n","protected":false},"featured_media":12034,"template":"","meta":[],"product_brand":[],"product_cat":[437,444],"product_tag":[],"class_list":{"0":"post-12042","1":"product","2":"type-product","3":"status-publish","4":"has-post-thumbnail","6":"product_cat-beobachtungsoptiken","7":"product_cat-fernglaeser","9":"first","10":"onbackorder","11":"shipping-taxable","12":"purchasable","13":"product-type-simple"},"_links":{"self":[{"href":"https:\/\/bullet24.pro\/de\/wp-json\/wp\/v2\/product\/12042","targetHints":{"allow":["GET"]}}],"collection":[{"href":"https:\/\/bullet24.pro\/de\/wp-json\/wp\/v2\/product"}],"about":[{"href":"https:\/\/bullet24.pro\/de\/wp-json\/wp\/v2\/types\/product"}],"wp:featuredmedia":[{"embeddable":true,"href":"https:\/\/bullet24.pro\/de\/wp-json\/wp\/v2\/media\/12034"}],"wp:attachment":[{"href":"https:\/\/bullet24.pro\/de\/wp-json\/wp\/v2\/media?parent=12042"}],"wp:term":[{"taxonomy":"product_brand","embeddable":true,"href":"https:\/\/bullet24.pro\/de\/wp-json\/wp\/v2\/product_brand?post=12042"},{"taxonomy":"product_cat","embeddable":true,"href":"https:\/\/bullet24.pro\/de\/wp-json\/wp\/v2\/product_cat?post=12042"},{"taxonomy":"product_tag","embeddable":true,"href":"https:\/\/bullet24.pro\/de\/wp-json\/wp\/v2\/product_tag?post=12042"}],"curies":[{"name":"wp","href":"https:\/\/api.w.org\/{rel}","templated":true}]}}