{"id":12054,"date":"2024-11-12T15:22:01","date_gmt":"2024-11-12T15:22:01","guid":{"rendered":"https:\/\/bullet24.pro\/?post_type=product&#038;p=12054"},"modified":"2025-08-06T17:12:40","modified_gmt":"2025-08-06T17:12:40","slug":"gpo-passion-10x26-sd","status":"publish","type":"product","link":"https:\/\/bullet24.pro\/de\/product\/gpo-passion-10x26-sd\/","title":{"rendered":"GPO PASSION\u2122 10&#215;26 SD"},"content":{"rendered":"","protected":false},"excerpt":{"rendered":"<p>Die Vorteile der PASSION\u2122 SD 8\u00d726 und 10\u00d726 Ferngl\u00e4ser liegen in ihrem kompakten Design und ihrer Handlichkeit. Dies macht sie zum perfekten Begleiter f\u00fcr Reisen und Outdoor-Abenteuer, bei denen der Platz im Gep\u00e4ck begrenzt ist.<\/p>\n","protected":false},"featured_media":12046,"template":"","meta":[],"product_brand":[],"product_cat":[394,437,444],"product_tag":[],"class_list":{"0":"post-12054","1":"product","2":"type-product","3":"status-publish","4":"has-post-thumbnail","6":"product_cat-optik","7":"product_cat-beobachtungsoptiken","8":"product_cat-fernglaeser","10":"first","11":"onbackorder","12":"shipping-taxable","13":"purchasable","14":"product-type-simple"},"_links":{"self":[{"href":"https:\/\/bullet24.pro\/de\/wp-json\/wp\/v2\/product\/12054","targetHints":{"allow":["GET"]}}],"collection":[{"href":"https:\/\/bullet24.pro\/de\/wp-json\/wp\/v2\/product"}],"about":[{"href":"https:\/\/bullet24.pro\/de\/wp-json\/wp\/v2\/types\/product"}],"wp:featuredmedia":[{"embeddable":true,"href":"https:\/\/bullet24.pro\/de\/wp-json\/wp\/v2\/media\/12046"}],"wp:attachment":[{"href":"https:\/\/bullet24.pro\/de\/wp-json\/wp\/v2\/media?parent=12054"}],"wp:term":[{"taxonomy":"product_brand","embeddable":true,"href":"https:\/\/bullet24.pro\/de\/wp-json\/wp\/v2\/product_brand?post=12054"},{"taxonomy":"product_cat","embeddable":true,"href":"https:\/\/bullet24.pro\/de\/wp-json\/wp\/v2\/product_cat?post=12054"},{"taxonomy":"product_tag","embeddable":true,"href":"https:\/\/bullet24.pro\/de\/wp-json\/wp\/v2\/product_tag?post=12054"}],"curies":[{"name":"wp","href":"https:\/\/api.w.org\/{rel}","templated":true}]}}