{"id":12066,"date":"2024-11-12T15:27:43","date_gmt":"2024-11-12T15:27:43","guid":{"rendered":"https:\/\/bullet24.pro\/?post_type=product&#038;p=12066"},"modified":"2025-08-06T17:11:38","modified_gmt":"2025-08-06T17:11:38","slug":"gpo-passion-8x34-sd","status":"publish","type":"product","link":"https:\/\/bullet24.pro\/de\/product\/gpo-passion-8x34-sd\/","title":{"rendered":"GPO PASSION\u2122 8&#215;34 SD"},"content":{"rendered":"","protected":false},"excerpt":{"rendered":"<p>Die PASSION\u2122 SD 8\u00d734 sind trotz ihrer Leistung super kompakt und leicht, und dank des gr\u00f6\u00dferen Objektivdurchmessers bieten sie auch bei schlechten Lichtverh\u00e4ltnissen Leistungsreserven. Die 10-fache Vergr\u00f6\u00dferung bringt Sie n\u00e4her an alles heran, was Sie entdecken m\u00f6chten, w\u00e4hrend die 8-fache Vergr\u00f6\u00dferung ein weiteres Sehfeld bietet und es Ihnen erleichtert, das Fernglas ruhig zu halten.<\/p>\n","protected":false},"featured_media":12058,"template":"","meta":[],"product_brand":[],"product_cat":[394,437,444],"product_tag":[],"class_list":{"0":"post-12066","1":"product","2":"type-product","3":"status-publish","4":"has-post-thumbnail","6":"product_cat-optik","7":"product_cat-beobachtungsoptiken","8":"product_cat-fernglaeser","10":"first","11":"onbackorder","12":"shipping-taxable","13":"purchasable","14":"product-type-simple"},"_links":{"self":[{"href":"https:\/\/bullet24.pro\/de\/wp-json\/wp\/v2\/product\/12066","targetHints":{"allow":["GET"]}}],"collection":[{"href":"https:\/\/bullet24.pro\/de\/wp-json\/wp\/v2\/product"}],"about":[{"href":"https:\/\/bullet24.pro\/de\/wp-json\/wp\/v2\/types\/product"}],"wp:featuredmedia":[{"embeddable":true,"href":"https:\/\/bullet24.pro\/de\/wp-json\/wp\/v2\/media\/12058"}],"wp:attachment":[{"href":"https:\/\/bullet24.pro\/de\/wp-json\/wp\/v2\/media?parent=12066"}],"wp:term":[{"taxonomy":"product_brand","embeddable":true,"href":"https:\/\/bullet24.pro\/de\/wp-json\/wp\/v2\/product_brand?post=12066"},{"taxonomy":"product_cat","embeddable":true,"href":"https:\/\/bullet24.pro\/de\/wp-json\/wp\/v2\/product_cat?post=12066"},{"taxonomy":"product_tag","embeddable":true,"href":"https:\/\/bullet24.pro\/de\/wp-json\/wp\/v2\/product_tag?post=12066"}],"curies":[{"name":"wp","href":"https:\/\/api.w.org\/{rel}","templated":true}]}}