{"id":12093,"date":"2024-11-12T15:44:39","date_gmt":"2024-11-12T15:44:39","guid":{"rendered":"https:\/\/bullet24.pro\/?post_type=product&#038;p=12093"},"modified":"2025-08-06T17:08:23","modified_gmt":"2025-08-06T17:08:23","slug":"gpo-passion-10x42-sd","status":"publish","type":"product","link":"https:\/\/bullet24.pro\/de\/product\/gpo-passion-10x42-sd\/","title":{"rendered":"GPO PASSION\u2122 10&#215;42 SD"},"content":{"rendered":"","protected":false},"excerpt":{"rendered":"<p>Die PASSION\u2122 SD 8\u00d742 mit dem 42-mm-Objektiv erfassen Restlicht sehr gut und erm\u00f6glichen Beobachtungserlebnisse bis tief in die D\u00e4mmerung. Das ergonomische Design und das geringe Gewicht machen sie einfach mit einer Hand zu bedienen.<\/p>\n","protected":false},"featured_media":12076,"template":"","meta":[],"product_brand":[],"product_cat":[394,437,444],"product_tag":[],"class_list":{"0":"post-12093","1":"product","2":"type-product","3":"status-publish","4":"has-post-thumbnail","6":"product_cat-optik","7":"product_cat-beobachtungsoptiken","8":"product_cat-fernglaeser","10":"first","11":"onbackorder","12":"shipping-taxable","13":"purchasable","14":"product-type-simple"},"_links":{"self":[{"href":"https:\/\/bullet24.pro\/de\/wp-json\/wp\/v2\/product\/12093","targetHints":{"allow":["GET"]}}],"collection":[{"href":"https:\/\/bullet24.pro\/de\/wp-json\/wp\/v2\/product"}],"about":[{"href":"https:\/\/bullet24.pro\/de\/wp-json\/wp\/v2\/types\/product"}],"wp:featuredmedia":[{"embeddable":true,"href":"https:\/\/bullet24.pro\/de\/wp-json\/wp\/v2\/media\/12076"}],"wp:attachment":[{"href":"https:\/\/bullet24.pro\/de\/wp-json\/wp\/v2\/media?parent=12093"}],"wp:term":[{"taxonomy":"product_brand","embeddable":true,"href":"https:\/\/bullet24.pro\/de\/wp-json\/wp\/v2\/product_brand?post=12093"},{"taxonomy":"product_cat","embeddable":true,"href":"https:\/\/bullet24.pro\/de\/wp-json\/wp\/v2\/product_cat?post=12093"},{"taxonomy":"product_tag","embeddable":true,"href":"https:\/\/bullet24.pro\/de\/wp-json\/wp\/v2\/product_tag?post=12093"}],"curies":[{"name":"wp","href":"https:\/\/api.w.org\/{rel}","templated":true}]}}