{"id":12108,"date":"2024-11-12T15:51:11","date_gmt":"2024-11-12T15:51:11","guid":{"rendered":"https:\/\/bullet24.pro\/?post_type=product&#038;p=12108"},"modified":"2025-08-06T17:06:24","modified_gmt":"2025-08-06T17:06:24","slug":"gpo-rangeguide-3200-8x40","status":"publish","type":"product","link":"https:\/\/bullet24.pro\/de\/product\/gpo-rangeguide-3200-8x40\/","title":{"rendered":"GPO RANGEGUIDE\u2122 3200 8&#215;40"},"content":{"rendered":"","protected":false},"excerpt":{"rendered":"<p>Der GPO RANGEGUIDE\u2122 3200 8\u00d740 ist ein absolutes Highlight und setzt neue Ma\u00dfst\u00e4be in der 40-mm-Reichweitenklassen, wenn es um Leistung, Gewicht, Kompaktheit und Handhabung geht. Er ist der perfekte Begleiter in den Bergen, beim Ansitzen, in der D\u00e4mmerung oder beim Bogen- oder Armbrustjagen.<br \/>\nFerngl\u00e4ser mit 40-mm-Objektiven sind weltweit bei J\u00e4gern schon lange die beliebteste Gr\u00f6\u00dfe. Mit den neuen 40-mm-Modellen reagiert GPO auf die W\u00fcnsche vieler Kunden und setzt hier einen neuen Marktstandard: Das hochwertige \u00e4u\u00dfere Design verbirgt ein Geh\u00e4use aus Magnesium mit Magnesiumbr\u00fccke (und Stativgewinde). Dadurch wiegt der 8&#215;40 RANGEGUIDE unglaubliche 713 g. Mit einer Gesamtl\u00e4nge von nur 132 mm geh\u00f6rt er zu den kompaktesten in dieser Klasse und ist \u00e4u\u00dferst einfach zu handhaben. Das hochverg\u00fctete HD-Objektivsystem mit rotem OLED-Display \u00fcberzeugt mit brillanten optischen Eigenschaften und einzigartigen Sichtfeldern von 135 m (auf 1000 m). Jetzt k\u00f6nnen J\u00e4ger ein leichtes und kompaktes Ger\u00e4t packen, ohne Kompromisse bei der optischen Qualit\u00e4t, der F\u00e4higkeit, das Ziel bei schwachem Licht zu sehen, oder der Geschwindigkeit und Genauigkeit des Laserentfernungsmessers einzugehen.<\/p>\n<p>Dank der optoelektronischen Expertise von GPO misst dieses kompakte Ger\u00e4t Ziele in Entfernungen von bis zu 3,2 km, verf\u00fcgt \u00fcber eine integrierte Winkelkompensation (f\u00fcr horizontale Entfernungen) und ist mit 4 Messungen pro Sekunde der schnellste auf dem Markt. Neben der manuell einstellbaren Helligkeitsregelung des Displays in 9 Stufen bietet es auch eine Einstellung mit automatischer Helligkeitsregelung (je nach Umgebungslicht). Es verf\u00fcgt au\u00dferdem \u00fcber eine BEST- und LAST-Ziel-Funktion und misst zus\u00e4tzlich Temperatur, Luftdruck und Luftfeuchtigkeit. Die Anzeige aller gemessenen Werte kann im Men\u00fc zwischen metrischen und imperialen Einheiten umgeschaltet werden.<\/p>\n","protected":false},"featured_media":12097,"template":"","meta":[],"product_brand":[],"product_cat":[394,434],"product_tag":[],"class_list":{"0":"post-12108","1":"product","2":"type-product","3":"status-publish","4":"has-post-thumbnail","6":"product_cat-optik","7":"product_cat-entfernungsmesser","9":"first","10":"onbackorder","11":"shipping-taxable","12":"purchasable","13":"product-type-simple"},"_links":{"self":[{"href":"https:\/\/bullet24.pro\/de\/wp-json\/wp\/v2\/product\/12108","targetHints":{"allow":["GET"]}}],"collection":[{"href":"https:\/\/bullet24.pro\/de\/wp-json\/wp\/v2\/product"}],"about":[{"href":"https:\/\/bullet24.pro\/de\/wp-json\/wp\/v2\/types\/product"}],"wp:featuredmedia":[{"embeddable":true,"href":"https:\/\/bullet24.pro\/de\/wp-json\/wp\/v2\/media\/12097"}],"wp:attachment":[{"href":"https:\/\/bullet24.pro\/de\/wp-json\/wp\/v2\/media?parent=12108"}],"wp:term":[{"taxonomy":"product_brand","embeddable":true,"href":"https:\/\/bullet24.pro\/de\/wp-json\/wp\/v2\/product_brand?post=12108"},{"taxonomy":"product_cat","embeddable":true,"href":"https:\/\/bullet24.pro\/de\/wp-json\/wp\/v2\/product_cat?post=12108"},{"taxonomy":"product_tag","embeddable":true,"href":"https:\/\/bullet24.pro\/de\/wp-json\/wp\/v2\/product_tag?post=12108"}],"curies":[{"name":"wp","href":"https:\/\/api.w.org\/{rel}","templated":true}]}}