{"id":12390,"date":"2024-12-11T13:26:47","date_gmt":"2024-12-11T13:26:47","guid":{"rendered":"https:\/\/bullet24.pro\/?post_type=product&#038;p=12390"},"modified":"2024-12-11T13:28:56","modified_gmt":"2024-12-11T13:28:56","slug":"kroseg-precision-browning-x-bolt","status":"publish","type":"product","link":"https:\/\/bullet24.pro\/de\/product\/kroseg-precision-browning-x-bolt\/","title":{"rendered":"Kroseg Precision Browning X-Bolt"},"content":{"rendered":"","protected":false},"excerpt":{"rendered":"<p>Kroseg Precision bringt Ihnen den neuen Standard in Kohlefaser-Gewehrsch\u00e4ften. Ein Produkt, das f\u00fcr den J\u00e4ger oder Wettkampfsch\u00fctzen entwickelt wurde, der eine leichte, aber dennoch steife Plattform w\u00fcnscht.<br \/>\nJeder Schaft wird von Hand mit Prepreg-Kohlefaser laminiert, einschlie\u00dflich struktureller Lagen aus unidirektionaler Kohlefaser, die sich \u00fcber die gesamte L\u00e4nge des Schafts erstrecken und die Konstruktion erheblich versteifen. Alle Sch\u00e4fte werden in CNC-geschnittenen Aluminiumformen aufgebaut und bei hohen Temperaturen geh\u00e4rtet, um Qualit\u00e4t und Konsistenz zu gew\u00e4hrleisten.<br \/>\n<strong>Verf\u00fcgbar f\u00fcr Rechts- oder Linksh\u00e4nder. Lang- oder Kurz-Aktions-Einlass.<\/strong><br \/>\nStandard- oder Aftermarket-Laufkanal.<br \/>\nF\u00fcr die besten Genauigkeitsergebnisse empfehlen wir das Einbetten des Schafts.<br \/>\nJeder Schaft wird mit einem Mikrozellen-R\u00fccksto\u00dfpolster sowie Schlaufenstuds geliefert. Auf Anfrage k\u00f6nnen wir eine Picatinny-Schiene f\u00fcr ein Zweibein oder Spartan-Montagen anbringen. Wir bieten auch eine Reihe von funktionalen Lackoptionen, begleitet von einer Soft-Touch-Beschichtung.<br \/>\n<strong>Bei der Bestellung m\u00fcssen Sie den gew\u00fcnschten Aktionstyp f\u00fcr den Schaft, den Laufkanal und ob Sie Zubeh\u00f6r oder Lackpakete w\u00fcnschen, angeben. \u00c4nderungen oder Erg\u00e4nzungen zu bereits eingereichten Bestellungen werden nicht akzeptiert.<\/strong><\/p>\n","protected":false},"featured_media":12373,"template":"","meta":[],"product_brand":[],"product_cat":[253,421,425,430],"product_tag":[],"class_list":{"0":"post-12390","1":"product","2":"type-product","3":"status-publish","4":"has-post-thumbnail","6":"product_cat-waffenzubehoer","7":"product_cat-langwaffen","8":"product_cat-schaft","9":"product_cat-karbon","11":"first","12":"onbackorder","13":"shipping-taxable","14":"purchasable","15":"product-type-simple"},"_links":{"self":[{"href":"https:\/\/bullet24.pro\/de\/wp-json\/wp\/v2\/product\/12390","targetHints":{"allow":["GET"]}}],"collection":[{"href":"https:\/\/bullet24.pro\/de\/wp-json\/wp\/v2\/product"}],"about":[{"href":"https:\/\/bullet24.pro\/de\/wp-json\/wp\/v2\/types\/product"}],"wp:featuredmedia":[{"embeddable":true,"href":"https:\/\/bullet24.pro\/de\/wp-json\/wp\/v2\/media\/12373"}],"wp:attachment":[{"href":"https:\/\/bullet24.pro\/de\/wp-json\/wp\/v2\/media?parent=12390"}],"wp:term":[{"taxonomy":"product_brand","embeddable":true,"href":"https:\/\/bullet24.pro\/de\/wp-json\/wp\/v2\/product_brand?post=12390"},{"taxonomy":"product_cat","embeddable":true,"href":"https:\/\/bullet24.pro\/de\/wp-json\/wp\/v2\/product_cat?post=12390"},{"taxonomy":"product_tag","embeddable":true,"href":"https:\/\/bullet24.pro\/de\/wp-json\/wp\/v2\/product_tag?post=12390"}],"curies":[{"name":"wp","href":"https:\/\/api.w.org\/{rel}","templated":true}]}}