{"id":12414,"date":"2024-12-11T13:35:28","date_gmt":"2024-12-11T13:35:28","guid":{"rendered":"https:\/\/bullet24.pro\/?post_type=product&#038;p=12414"},"modified":"2024-12-11T13:37:25","modified_gmt":"2024-12-11T13:37:25","slug":"kroseg-precision-howa-hunter","status":"publish","type":"product","link":"https:\/\/bullet24.pro\/de\/product\/kroseg-precision-howa-hunter\/","title":{"rendered":"Kroseg Precision Howa Hunter"},"content":{"rendered":"","protected":false},"excerpt":{"rendered":"<p>Kroseg Precision bringt Ihnen den neuen Standard in Kohlefaser-Gewehrsch\u00e4ften. Ein Produkt, das f\u00fcr den J\u00e4ger oder den Wettbewerbssch\u00fctzen entwickelt wurde, der eine leichte, aber steife Plattform sucht.<br \/>\nJeder Schaft ist von Hand mit Prepreg-Kohlefaser laminiert, einschlie\u00dflich struktureller Schichten aus unidirektionaler Kohlefaser, die \u00fcber die gesamte L\u00e4nge des Schafts verlaufen und die Konstruktion erheblich versteifen. Alle Sch\u00e4fte werden in CNC-geschnittenen Aluminiumformen verlegt und bei hohen Temperaturen geh\u00e4rtet, um Qualit\u00e4t und Konsistenz zu gew\u00e4hrleisten.<br \/>\n<strong>Verf\u00fcgbar f\u00fcr Rechts- oder Linksh\u00e4nder. Lang- oder Kurz-Aktionsansatz.<\/strong><br \/>\nGewicht: 550-650 Gramm (abh\u00e4ngig von den finalen Anforderungen des Inlets).<br \/>\nLaufl\u00e4nge: 14&#8243;<br \/>\nVerf\u00fcgbare Action Inlets: Howa Mini, Howa 1500 Short, Howa Superlite. F\u00fcr die besten Pr\u00e4zisionsresultate empfehlen wir das Bettung.<br \/>\nJeder Schaft wird mit einem Mikrocell-R\u00fccksto\u00dfpad sowie Schlaufenbefestigungen geliefert. Auf Wunsch k\u00f6nnen wir eine Picatinny-Schiene f\u00fcr ein Zweibein oder Spartan-Befestigungen anbringen. Wir bieten auch eine Reihe von funktionalen Lackoptionen an, begleitet von einer Soft-Touch-Beschichtung.<br \/>\n<strong>Beim Aufgeben Ihrer Bestellung m\u00fcssen Sie den gew\u00fcnschten Typ der Action f\u00fcr den Schaft, das Kanalma\u00df der Laufbohrung und eventuelle Zubeh\u00f6r- oder Lackpakete angeben. \u00c4nderungen oder Erg\u00e4nzungen zu einer bereits eingereichten Bestellung werden nicht akzeptiert<\/strong><\/p>\n","protected":false},"featured_media":12394,"template":"","meta":[],"product_brand":[],"product_cat":[253,421,425,430],"product_tag":[],"class_list":{"0":"post-12414","1":"product","2":"type-product","3":"status-publish","4":"has-post-thumbnail","6":"product_cat-waffenzubehoer","7":"product_cat-langwaffen","8":"product_cat-schaft","9":"product_cat-karbon","11":"first","12":"onbackorder","13":"shipping-taxable","14":"purchasable","15":"product-type-simple"},"_links":{"self":[{"href":"https:\/\/bullet24.pro\/de\/wp-json\/wp\/v2\/product\/12414","targetHints":{"allow":["GET"]}}],"collection":[{"href":"https:\/\/bullet24.pro\/de\/wp-json\/wp\/v2\/product"}],"about":[{"href":"https:\/\/bullet24.pro\/de\/wp-json\/wp\/v2\/types\/product"}],"wp:featuredmedia":[{"embeddable":true,"href":"https:\/\/bullet24.pro\/de\/wp-json\/wp\/v2\/media\/12394"}],"wp:attachment":[{"href":"https:\/\/bullet24.pro\/de\/wp-json\/wp\/v2\/media?parent=12414"}],"wp:term":[{"taxonomy":"product_brand","embeddable":true,"href":"https:\/\/bullet24.pro\/de\/wp-json\/wp\/v2\/product_brand?post=12414"},{"taxonomy":"product_cat","embeddable":true,"href":"https:\/\/bullet24.pro\/de\/wp-json\/wp\/v2\/product_cat?post=12414"},{"taxonomy":"product_tag","embeddable":true,"href":"https:\/\/bullet24.pro\/de\/wp-json\/wp\/v2\/product_tag?post=12414"}],"curies":[{"name":"wp","href":"https:\/\/api.w.org\/{rel}","templated":true}]}}