{"id":12438,"date":"2024-12-11T13:43:28","date_gmt":"2024-12-11T13:43:28","guid":{"rendered":"https:\/\/bullet24.pro\/?post_type=product&#038;p=12438"},"modified":"2024-12-11T15:09:06","modified_gmt":"2024-12-11T15:09:06","slug":"kroseg-precision-remington-competition","status":"publish","type":"product","link":"https:\/\/bullet24.pro\/de\/product\/kroseg-precision-remington-competition\/","title":{"rendered":"Kroseg Precision Remington Competition"},"content":{"rendered":"","protected":false},"excerpt":{"rendered":"<p>Kroseg Precision bringt Ihnen den neuen Standard bei Schaft aus Kohlefaser f\u00fcr Gewehre. Das Produkt wurde f\u00fcr den J\u00e4ger oder Wettkampfsch\u00fctzen entwickelt, der eine leichte, aber dennoch stabile Plattform w\u00fcnscht.<br \/>\nJeder Schaft ist von Hand mit Prepreg-Kohlefaser laminiert, einschlie\u00dflich struktureller Schichten aus unidirektionaler Kohlefaser, die sich \u00fcber die gesamte L\u00e4nge des Schafts erstrecken und die Konstruktion erheblich versteifen. Alle Sch\u00e4fte werden in CNC-gefertigten Aluminiumformen eingelegt und bei hohen Temperaturen geh\u00e4rtet, um Qualit\u00e4t und Konsistenz zu gew\u00e4hrleisten.<br \/>\n<strong>Verf\u00fcgbare Action-Inletts: Rem 700 Long, Rem 700 Short. Erh\u00e4ltlich f\u00fcr Links- oder Rechtsh\u00e4nder.<\/strong><br \/>\nGewicht: 750-850 Gramm (abh\u00e4ngig von den endg\u00fcltigen Inlett-Anforderungen).<br \/>\nL\u00e4nge des Schaftr\u00fcckens: 14&#8243;<br \/>\nIntegrierter Aluminium-Bedding-Block. F\u00fcr beste Pr\u00e4zisionsergebnisse empfehlen wir das Bedding.<br \/>\nBitte beachten Sie, dass wir nicht garantieren k\u00f6nnen, dass Sch\u00e4fte mit Rem 700-Sch\u00e4ften 100%ig passen. Es kann erforderlich sein, zus\u00e4tzliches Inletting vorzunehmen. Diese Sch\u00e4fte sind auf die Standard-Rem 700 ausgelegt.<br \/>\nJeder Schaft wird mit einem Microcell-R\u00fccksto\u00dfd\u00e4mpfer sowie mit Schlaufe-Anschl\u00e4gen geliefert. Auf Anfrage k\u00f6nnen wir eine Picatinny-Schiene f\u00fcr ein Zweibein oder Spartan-Montagen anbringen. Wir bieten auch eine Reihe von funktionalen Lackoptionen, die mit einer Soft-Touch-Beschichtung versehen sind.<br \/>\n<strong>Beim Bestellen m\u00fcssen Sie den Typ der Aktion angeben, den Sie f\u00fcr den Schaft ben\u00f6tigen, sowie den Laufkanal \u2013 bitte geben Sie den Typ an, z.B. Rem 700 SPS \/ SPS Magnum \/ Varmint \/ Sendero \u2013 und ob Sie Zubeh\u00f6r oder Lackpakete w\u00fcnschen. \u00c4nderungen oder Erg\u00e4nzungen zu bereits abgegebenen Bestellungen werden nicht akzeptiert.<\/strong><\/p>\n","protected":false},"featured_media":12418,"template":"","meta":[],"product_brand":[],"product_cat":[253,421,425,430],"product_tag":[],"class_list":{"0":"post-12438","1":"product","2":"type-product","3":"status-publish","4":"has-post-thumbnail","6":"product_cat-waffenzubehoer","7":"product_cat-langwaffen","8":"product_cat-schaft","9":"product_cat-karbon","11":"first","12":"onbackorder","13":"shipping-taxable","14":"purchasable","15":"product-type-simple"},"_links":{"self":[{"href":"https:\/\/bullet24.pro\/de\/wp-json\/wp\/v2\/product\/12438","targetHints":{"allow":["GET"]}}],"collection":[{"href":"https:\/\/bullet24.pro\/de\/wp-json\/wp\/v2\/product"}],"about":[{"href":"https:\/\/bullet24.pro\/de\/wp-json\/wp\/v2\/types\/product"}],"wp:featuredmedia":[{"embeddable":true,"href":"https:\/\/bullet24.pro\/de\/wp-json\/wp\/v2\/media\/12418"}],"wp:attachment":[{"href":"https:\/\/bullet24.pro\/de\/wp-json\/wp\/v2\/media?parent=12438"}],"wp:term":[{"taxonomy":"product_brand","embeddable":true,"href":"https:\/\/bullet24.pro\/de\/wp-json\/wp\/v2\/product_brand?post=12438"},{"taxonomy":"product_cat","embeddable":true,"href":"https:\/\/bullet24.pro\/de\/wp-json\/wp\/v2\/product_cat?post=12438"},{"taxonomy":"product_tag","embeddable":true,"href":"https:\/\/bullet24.pro\/de\/wp-json\/wp\/v2\/product_tag?post=12438"}],"curies":[{"name":"wp","href":"https:\/\/api.w.org\/{rel}","templated":true}]}}