{"id":12465,"date":"2024-12-11T14:12:22","date_gmt":"2024-12-11T14:12:22","guid":{"rendered":"https:\/\/bullet24.pro\/?post_type=product&#038;p=12465"},"modified":"2024-12-11T14:14:54","modified_gmt":"2024-12-11T14:14:54","slug":"kroseg-precision-remington-tactical","status":"publish","type":"product","link":"https:\/\/bullet24.pro\/de\/product\/kroseg-precision-remington-tactical\/","title":{"rendered":"Kroseg Precision Remington Tactical"},"content":{"rendered":"","protected":false},"excerpt":{"rendered":"<p>Kroseg Precision bringt Ihnen den neuen Standard in Kohlefaser-Gewehrsch\u00e4ften. Dieses Produkt wurde f\u00fcr J\u00e4ger und Wettkampfsch\u00fctzen entwickelt, die eine leichte, aber dennoch stabile Plattform w\u00fcnschen.<br \/>\nJeder Schaft ist von Hand mit Prepreg-Kohlenstoff laminiert, einschlie\u00dflich struktureller Schichten aus unidirektionalem Kohlenstoff, die die L\u00e4nge des Schafts verlaufen und die Konstruktion erheblich versteifen. Alle Sch\u00e4fte werden in CNC-gefr\u00e4sten Aluminiumformen aufgebaut und bei hohen Temperaturen geh\u00e4rtet, um Qualit\u00e4t und Konsistenz zu gew\u00e4hrleisten.<br \/>\n<strong>Verf\u00fcgbare Aktionseinl\u00e4sse: Rem 700 Long, Rem 700 Short. Verf\u00fcgbar f\u00fcr Rechts- oder Linksh\u00e4nder.<\/strong><br \/>\nGewicht: 750-850 Gramm (abh\u00e4ngig von den endg\u00fcltigen Einlassanforderungen).<br \/>\nLaufl\u00e4nge: 14&#8243;<br \/>\nIntegrierter Aluminium-Bedding-Block. F\u00fcr die besten Genauigkeitsergebnisse empfehlen wir das Bedding.<br \/>\nBitte beachten Sie, dass wir die 100%ige Passgenauigkeit f\u00fcr Rem 700 Fu\u00dfabdruck-Gewehre nicht garantieren k\u00f6nnen. Diese ben\u00f6tigen m\u00f6glicherweise zus\u00e4tzliche Einlassbearbeitung. Diese Sch\u00e4fte sind auf den Fabrik-Rem 700 ausgelegt.<br \/>\nJeder Schaft wird mit einem Mikrozellen-R\u00fccksto\u00dfpad sowie mit Sling-Stiften geliefert. Auf Anfrage k\u00f6nnen wir eine Picatinny-Schiene f\u00fcr ein Zweibein oder Spartan-Montagen montieren. Wir bieten auch eine Reihe von funktionalen Lackoptionen, die mit einer Soft-Touch-Beschichtung versehen sind.<br \/>\n<strong>Bei der Bestellung m\u00fcssen Sie den Typ der Aktion angeben, die Sie f\u00fcr den Schaft ben\u00f6tigen, den Laufschacht &#8211; bitte geben Sie den Typ an, z. B. Rem 700 SPS \/ SPS Magnum \/ Varmint \/ Sendero, und ob Sie Zubeh\u00f6r oder Lackpakete w\u00fcnschen. \u00c4nderungen oder Erg\u00e4nzungen zu einer bereits eingereichten Bestellung werden nicht akzeptiert.<\/strong><\/p>\n","protected":false},"featured_media":12442,"template":"","meta":[],"product_brand":[],"product_cat":[253,421,425,430],"product_tag":[],"class_list":{"0":"post-12465","1":"product","2":"type-product","3":"status-publish","4":"has-post-thumbnail","6":"product_cat-waffenzubehoer","7":"product_cat-langwaffen","8":"product_cat-schaft","9":"product_cat-karbon","11":"first","12":"onbackorder","13":"shipping-taxable","14":"purchasable","15":"product-type-simple"},"_links":{"self":[{"href":"https:\/\/bullet24.pro\/de\/wp-json\/wp\/v2\/product\/12465","targetHints":{"allow":["GET"]}}],"collection":[{"href":"https:\/\/bullet24.pro\/de\/wp-json\/wp\/v2\/product"}],"about":[{"href":"https:\/\/bullet24.pro\/de\/wp-json\/wp\/v2\/types\/product"}],"wp:featuredmedia":[{"embeddable":true,"href":"https:\/\/bullet24.pro\/de\/wp-json\/wp\/v2\/media\/12442"}],"wp:attachment":[{"href":"https:\/\/bullet24.pro\/de\/wp-json\/wp\/v2\/media?parent=12465"}],"wp:term":[{"taxonomy":"product_brand","embeddable":true,"href":"https:\/\/bullet24.pro\/de\/wp-json\/wp\/v2\/product_brand?post=12465"},{"taxonomy":"product_cat","embeddable":true,"href":"https:\/\/bullet24.pro\/de\/wp-json\/wp\/v2\/product_cat?post=12465"},{"taxonomy":"product_tag","embeddable":true,"href":"https:\/\/bullet24.pro\/de\/wp-json\/wp\/v2\/product_tag?post=12465"}],"curies":[{"name":"wp","href":"https:\/\/api.w.org\/{rel}","templated":true}]}}