{"id":12561,"date":"2024-12-11T14:45:57","date_gmt":"2024-12-11T14:45:57","guid":{"rendered":"https:\/\/bullet24.pro\/?post_type=product&#038;p=12561"},"modified":"2024-12-11T14:47:58","modified_gmt":"2024-12-11T14:47:58","slug":"kroseg-precision-tikka-hunter","status":"publish","type":"product","link":"https:\/\/bullet24.pro\/de\/product\/kroseg-precision-tikka-hunter\/","title":{"rendered":"Kroseg Precision Tikka Hunter"},"content":{"rendered":"","protected":false},"excerpt":{"rendered":"<p>Kroseg Precision bringt Ihnen den neuen Standard in Kohlefaser-Gewehrsch\u00e4ften. Das Produkt wurde f\u00fcr J\u00e4ger oder Wettkampfsch\u00fctzen entwickelt, die eine leichte, aber dennoch steife Plattform w\u00fcnschen.<br \/>\nJeder Schaft wird von Hand mit Prepreg-Kohlefaser laminiert, einschlie\u00dflich struktureller Schichten aus unidirektionaler Kohlefaser, die sich \u00fcber die gesamte L\u00e4nge des Schafts erstrecken und die Konstruktion erheblich versteifen. Alle Sch\u00e4fte werden in CNC-gefr\u00e4sten Aluminiumformen aufgelegt und bei hohen Temperaturen ausgeh\u00e4rtet, um Qualit\u00e4t und Konsistenz zu gew\u00e4hrleisten.<br \/>\n<strong>Verf\u00fcgbare Action-Einl\u00e4sse: T3 \/ T3X. Verf\u00fcgbar f\u00fcr Rechts- oder Linksh\u00e4nder.<\/strong><br \/>\nGewicht: 750-850 Gramm (abh\u00e4ngig von den endg\u00fcltigen Einlassanforderungen)<br \/>\nZugl\u00e4nge: 14&#8243;<br \/>\nIntegrierter Aluminium-Bedding-Block. F\u00fcr die besten Genauigkeitsergebnisse empfehlen wir das Betteln dieser Sch\u00e4fte.<br \/>\nJeder Schaft wird mit einer Mikrozellen-R\u00fccksto\u00dfpad sowie Riemen\u00f6sen geliefert. Auf Anfrage k\u00f6nnen wir einen Picatinny-Schienenadapter f\u00fcr Zweibeine oder Spartan-Montagen anbringen. Wir bieten auch eine Reihe funktionaler Lackoptionen, begleitet von einer Soft-Touch-Beschichtung.<br \/>\n<strong>Bei der Bestellung m\u00fcssen Sie den Typ der Aktion angeben, die Sie f\u00fcr den Schaft ben\u00f6tigen, sowie den Laufkanal &#8211; bitte geben Sie den Typ des Tikka an, z. B. Tikka T3X Lite (optional), und ob Sie Zubeh\u00f6r oder Lackpakete w\u00fcnschen. \u00c4nderungen oder Erg\u00e4nzungen zu bereits eingereichten Bestellungen werden nicht akzeptiert.<\/strong><\/p>\n","protected":false},"featured_media":12538,"template":"","meta":[],"product_brand":[],"product_cat":[253,421,425,430],"product_tag":[],"class_list":{"0":"post-12561","1":"product","2":"type-product","3":"status-publish","4":"has-post-thumbnail","6":"product_cat-waffenzubehoer","7":"product_cat-langwaffen","8":"product_cat-schaft","9":"product_cat-karbon","11":"first","12":"onbackorder","13":"shipping-taxable","14":"purchasable","15":"product-type-simple"},"_links":{"self":[{"href":"https:\/\/bullet24.pro\/de\/wp-json\/wp\/v2\/product\/12561","targetHints":{"allow":["GET"]}}],"collection":[{"href":"https:\/\/bullet24.pro\/de\/wp-json\/wp\/v2\/product"}],"about":[{"href":"https:\/\/bullet24.pro\/de\/wp-json\/wp\/v2\/types\/product"}],"wp:featuredmedia":[{"embeddable":true,"href":"https:\/\/bullet24.pro\/de\/wp-json\/wp\/v2\/media\/12538"}],"wp:attachment":[{"href":"https:\/\/bullet24.pro\/de\/wp-json\/wp\/v2\/media?parent=12561"}],"wp:term":[{"taxonomy":"product_brand","embeddable":true,"href":"https:\/\/bullet24.pro\/de\/wp-json\/wp\/v2\/product_brand?post=12561"},{"taxonomy":"product_cat","embeddable":true,"href":"https:\/\/bullet24.pro\/de\/wp-json\/wp\/v2\/product_cat?post=12561"},{"taxonomy":"product_tag","embeddable":true,"href":"https:\/\/bullet24.pro\/de\/wp-json\/wp\/v2\/product_tag?post=12561"}],"curies":[{"name":"wp","href":"https:\/\/api.w.org\/{rel}","templated":true}]}}