{"id":12981,"date":"2025-11-21T11:36:09","date_gmt":"2025-11-21T11:36:09","guid":{"rendered":"https:\/\/bullet24.pro\/?post_type=product&#038;p=12981"},"modified":"2025-11-21T11:37:42","modified_gmt":"2025-11-21T11:37:42","slug":"contessa-mounts-ph94-ruger-american-long","status":"publish","type":"product","link":"https:\/\/bullet24.pro\/de\/product\/contessa-mounts-ph94-ruger-american-long\/","title":{"rendered":"Contessa Mounts PH94 \u2013 RUGER AMERICAN LONG"},"content":{"rendered":"","protected":false},"excerpt":{"rendered":"<p>Picatinny-Schlitten f\u00fcr Ruger American Long .<br \/>\nDie Picatinny-Schienen von Contessa sind aus geh\u00e4rtetem Stahl gefertigt, einzigartig im Design und f\u00fcr langfristige Stabilit\u00e4t und St\u00e4rke ausgelegt.<br \/>\nErh\u00e4ltlich mit 0\/20 MOA Neigung.<br \/>\nInklusive Schrauben und Schraubenschl\u00fcssel f\u00fcr die Montage.<\/p>\n","protected":false},"featured_media":12979,"template":"","meta":[],"product_brand":[],"product_cat":[248,474,486,511],"product_tag":[],"class_list":{"0":"post-12981","1":"product","2":"type-product","3":"status-publish","4":"has-post-thumbnail","6":"product_cat-zielfernrohr-montagen","7":"product_cat-schiene","8":"product_cat-picatinny-de-2","9":"product_cat-zielfernrohre-picatinny-rails","11":"first","12":"onbackorder","13":"shipping-taxable","14":"purchasable","15":"product-type-simple"},"_links":{"self":[{"href":"https:\/\/bullet24.pro\/de\/wp-json\/wp\/v2\/product\/12981","targetHints":{"allow":["GET"]}}],"collection":[{"href":"https:\/\/bullet24.pro\/de\/wp-json\/wp\/v2\/product"}],"about":[{"href":"https:\/\/bullet24.pro\/de\/wp-json\/wp\/v2\/types\/product"}],"wp:featuredmedia":[{"embeddable":true,"href":"https:\/\/bullet24.pro\/de\/wp-json\/wp\/v2\/media\/12979"}],"wp:attachment":[{"href":"https:\/\/bullet24.pro\/de\/wp-json\/wp\/v2\/media?parent=12981"}],"wp:term":[{"taxonomy":"product_brand","embeddable":true,"href":"https:\/\/bullet24.pro\/de\/wp-json\/wp\/v2\/product_brand?post=12981"},{"taxonomy":"product_cat","embeddable":true,"href":"https:\/\/bullet24.pro\/de\/wp-json\/wp\/v2\/product_cat?post=12981"},{"taxonomy":"product_tag","embeddable":true,"href":"https:\/\/bullet24.pro\/de\/wp-json\/wp\/v2\/product_tag?post=12981"}],"curies":[{"name":"wp","href":"https:\/\/api.w.org\/{rel}","templated":true}]}}