{"id":13167,"date":"2025-11-21T15:28:10","date_gmt":"2025-11-21T15:28:10","guid":{"rendered":"https:\/\/bullet24.pro\/?post_type=product&#038;p=13167"},"modified":"2025-11-22T20:07:01","modified_gmt":"2025-11-22T20:07:01","slug":"schmidt-bender-1-8x24-exos-lm-cqb2-tmr-1cm-cw-asv-ii-b-lt-posicon-ct","status":"publish","type":"product","link":"https:\/\/bullet24.pro\/de\/product\/schmidt-bender-1-8x24-exos-lm-cqb2-tmr-1cm-cw-asv-ii-b-lt-posicon-ct\/","title":{"rendered":"Schmidt &#038; Bender 1-8&#215;24 Exos LM CQB2 TMR 1cm cw ASV II-B LT \/ Posicon CT"},"content":{"rendered":"","protected":false},"excerpt":{"rendered":"<p>F\u00fcr eine herausragend starke und absolut pr\u00e4zise Leistung auf kurze Entfernung ist das 1-8&#215;24 Exos mit dem patentierten \u201eClose-Combat-Modus\u201c (CC-Modus) ausgestattet. Mit einer echten 1-fachen Vergr\u00f6\u00dferung wird parallaxenfreies Schie\u00dfen automatisch auf 7m eingestellt, ab einer Vergr\u00f6\u00dferung von 1.1 auf 100m. Durch die gro\u00dfe Austrittspupille kann die Zielerfassung schnell erfolgen, das tageslichttaugliche FlashDot-Absehen in der zweiten Bildebene schafft zus\u00e4tzliche Unterst\u00fctzung und bleibt auch bei einem schnellen Anschlag gut sichtbar. Bei der Dr\u00fcckjagd l\u00e4sst sich das Wild verl\u00e4sslich ansprechen. Durch ein verf\u00fcgbares taktisches CQB-Absehen kann das 1-8&#215;24 Exos auch im sportlichen Wettkampf zum Einsatz kommen. In der ebenso erh\u00e4ltlichen wie nachr\u00fcstbaren TMR-Version ist es kompatibel mit dem optionalen \u201eThrow Lever\u201c Vergr\u00f6\u00dferungshebel f\u00fcr schnellere Bedienbarkeit. Absehen CQB2. Turmkonfiguration: ASV II-B LT \/ Posicon CT.<\/p>\n","protected":false},"featured_media":13147,"template":"","meta":[],"product_brand":[],"product_cat":[684,394,436,442],"product_tag":[],"class_list":{"0":"post-13167","1":"product","2":"type-product","3":"status-publish","4":"has-post-thumbnail","6":"product_cat-jagd","7":"product_cat-optik","8":"product_cat-zieloptik","9":"product_cat-zielfernrohre","11":"first","12":"onbackorder","13":"shipping-taxable","14":"purchasable","15":"product-type-simple"},"_links":{"self":[{"href":"https:\/\/bullet24.pro\/de\/wp-json\/wp\/v2\/product\/13167","targetHints":{"allow":["GET"]}}],"collection":[{"href":"https:\/\/bullet24.pro\/de\/wp-json\/wp\/v2\/product"}],"about":[{"href":"https:\/\/bullet24.pro\/de\/wp-json\/wp\/v2\/types\/product"}],"wp:featuredmedia":[{"embeddable":true,"href":"https:\/\/bullet24.pro\/de\/wp-json\/wp\/v2\/media\/13147"}],"wp:attachment":[{"href":"https:\/\/bullet24.pro\/de\/wp-json\/wp\/v2\/media?parent=13167"}],"wp:term":[{"taxonomy":"product_brand","embeddable":true,"href":"https:\/\/bullet24.pro\/de\/wp-json\/wp\/v2\/product_brand?post=13167"},{"taxonomy":"product_cat","embeddable":true,"href":"https:\/\/bullet24.pro\/de\/wp-json\/wp\/v2\/product_cat?post=13167"},{"taxonomy":"product_tag","embeddable":true,"href":"https:\/\/bullet24.pro\/de\/wp-json\/wp\/v2\/product_tag?post=13167"}],"curies":[{"name":"wp","href":"https:\/\/api.w.org\/{rel}","templated":true}]}}