{"id":13240,"date":"2025-11-21T15:48:42","date_gmt":"2025-11-21T15:48:42","guid":{"rendered":"https:\/\/bullet24.pro\/?post_type=product&#038;p=13240"},"modified":"2025-11-22T20:00:20","modified_gmt":"2025-11-22T20:00:20","slug":"schmidt-bender-2-5-10x56-zenith-lm-fd7-1cm-cw-posicon-ct-posicon-ct","status":"publish","type":"product","link":"https:\/\/bullet24.pro\/de\/product\/schmidt-bender-2-5-10x56-zenith-lm-fd7-1cm-cw-posicon-ct-posicon-ct\/","title":{"rendered":"Schmidt &#038; Bender 2.5-10&#215;56 Zenith LM FD7 1cm cw Posicon CT \/ Posicon CT"},"content":{"rendered":"","protected":false},"excerpt":{"rendered":"<p>Performance, die f\u00fcr sich spricht<br \/>\nDas 2.5-10&#215;56 Zenith ist das bew\u00e4hrteste und gefragteste jagdliche Zielfernrohr von Schmidt &amp; Bender. Die hohe Bildqualit\u00e4t in Kombination mit einem guten Vergr\u00f6\u00dferungsbereich sichern dem 2.5-10&#215;56 Zenith seinen Spitzenplatz. Das gro\u00dfe Objektiv mit 56mm Durchmesser schafft eine starke Lichtleistung f\u00fcr ein helles und scharfes Bild. F\u00fcr den Abendansitz oder die Jagd bei widrigen Lichtverh\u00e4ltnissen ist es damit zu jeder Zeit absolut zuverl\u00e4ssig und pr\u00e4zise. Auch die Verwendung von Nachtsichtger\u00e4ten ist m\u00f6glich, was es f\u00fcr den Jagdeinsatz noch flexibler macht. F\u00fcr eine schnelle Montage und eine formsch\u00f6ne Optik ist das 2.5-10&#215;56 Zenith zudem mit LMZ-Schiene verf\u00fcgbar. Absehen FD7. Turmkonfiguration: Posicon CT \/ Posicon CT.<\/p>\n","protected":false},"featured_media":13220,"template":"","meta":[],"product_brand":[],"product_cat":[684,394,436,442],"product_tag":[],"class_list":{"0":"post-13240","1":"product","2":"type-product","3":"status-publish","4":"has-post-thumbnail","6":"product_cat-jagd","7":"product_cat-optik","8":"product_cat-zieloptik","9":"product_cat-zielfernrohre","11":"first","12":"onbackorder","13":"shipping-taxable","14":"purchasable","15":"product-type-simple"},"_links":{"self":[{"href":"https:\/\/bullet24.pro\/de\/wp-json\/wp\/v2\/product\/13240","targetHints":{"allow":["GET"]}}],"collection":[{"href":"https:\/\/bullet24.pro\/de\/wp-json\/wp\/v2\/product"}],"about":[{"href":"https:\/\/bullet24.pro\/de\/wp-json\/wp\/v2\/types\/product"}],"wp:featuredmedia":[{"embeddable":true,"href":"https:\/\/bullet24.pro\/de\/wp-json\/wp\/v2\/media\/13220"}],"wp:attachment":[{"href":"https:\/\/bullet24.pro\/de\/wp-json\/wp\/v2\/media?parent=13240"}],"wp:term":[{"taxonomy":"product_brand","embeddable":true,"href":"https:\/\/bullet24.pro\/de\/wp-json\/wp\/v2\/product_brand?post=13240"},{"taxonomy":"product_cat","embeddable":true,"href":"https:\/\/bullet24.pro\/de\/wp-json\/wp\/v2\/product_cat?post=13240"},{"taxonomy":"product_tag","embeddable":true,"href":"https:\/\/bullet24.pro\/de\/wp-json\/wp\/v2\/product_tag?post=13240"}],"curies":[{"name":"wp","href":"https:\/\/api.w.org\/{rel}","templated":true}]}}