{"id":13309,"date":"2025-11-21T16:56:28","date_gmt":"2025-11-21T16:56:28","guid":{"rendered":"https:\/\/bullet24.pro\/?post_type=product&#038;p=13309"},"modified":"2025-11-22T19:46:02","modified_gmt":"2025-11-22T19:46:02","slug":"schmidt-bender-3-12x50-klassik-lm-l3-1cm-cw-klassik-ct-klassik-ct","status":"publish","type":"product","link":"https:\/\/bullet24.pro\/de\/product\/schmidt-bender-3-12x50-klassik-lm-l3-1cm-cw-klassik-ct-klassik-ct\/","title":{"rendered":"Schmidt &#038; Bender 3-12&#215;50 Klassik LM L3 1cm cw Klassik CT \/ Klassik CT"},"content":{"rendered":"","protected":false},"excerpt":{"rendered":"<p>Legend\u00e4re Optik f\u00fcr den Jagderfolg<br \/>\nDas 3-12&#215;50 Klassik zeichnet sich durch eine robuste Verarbeitung und hohe Pr\u00e4zision aus. Seine Gestaltung ist identisch zum legend\u00e4ren 3-12&#215;50 PM II Zielfernrohr und es wartet mit der gleichen optischen Qualit\u00e4t auf. Die schlanke und doch stabile Bauform gibt dem Zielfernrohr die M\u00f6glichkeit zur niedrigen Montage auf der B\u00fcchse, was eine erleichterte F\u00fchrigkeit und einen optimalen Anschlag mit sich bringt. Ein Objektivdurchmesser von 50mm sowie eine hohe Lichttransmission der Linsen schaffen auch in der D\u00e4mmerung eine klare und helle Zielerkennung. Mit seiner 4-fachen Vergr\u00f6\u00dferung kann das 3-12&#215;50 Klassik verl\u00e4sslich auf die Pirsch als auch den Ansitz mitgenommen werden. Absehen L3. Turmkonfiguration: Klassik CT \/ Klassik CT.<\/p>\n","protected":false},"featured_media":13289,"template":"","meta":[],"product_brand":[],"product_cat":[684,394,436,442],"product_tag":[],"class_list":{"0":"post-13309","1":"product","2":"type-product","3":"status-publish","4":"has-post-thumbnail","6":"product_cat-jagd","7":"product_cat-optik","8":"product_cat-zieloptik","9":"product_cat-zielfernrohre","11":"first","12":"onbackorder","13":"shipping-taxable","14":"purchasable","15":"product-type-simple"},"_links":{"self":[{"href":"https:\/\/bullet24.pro\/de\/wp-json\/wp\/v2\/product\/13309","targetHints":{"allow":["GET"]}}],"collection":[{"href":"https:\/\/bullet24.pro\/de\/wp-json\/wp\/v2\/product"}],"about":[{"href":"https:\/\/bullet24.pro\/de\/wp-json\/wp\/v2\/types\/product"}],"wp:featuredmedia":[{"embeddable":true,"href":"https:\/\/bullet24.pro\/de\/wp-json\/wp\/v2\/media\/13289"}],"wp:attachment":[{"href":"https:\/\/bullet24.pro\/de\/wp-json\/wp\/v2\/media?parent=13309"}],"wp:term":[{"taxonomy":"product_brand","embeddable":true,"href":"https:\/\/bullet24.pro\/de\/wp-json\/wp\/v2\/product_brand?post=13309"},{"taxonomy":"product_cat","embeddable":true,"href":"https:\/\/bullet24.pro\/de\/wp-json\/wp\/v2\/product_cat?post=13309"},{"taxonomy":"product_tag","embeddable":true,"href":"https:\/\/bullet24.pro\/de\/wp-json\/wp\/v2\/product_tag?post=13309"}],"curies":[{"name":"wp","href":"https:\/\/api.w.org\/{rel}","templated":true}]}}